{"id":11040,"date":"2025-01-24T11:39:07","date_gmt":"2025-01-24T11:39:07","guid":{"rendered":"https:\/\/staging2.stylingagenten.com\/sv\/produkt\/wet-n-wild-megalast-breakup-proof-waterproof-boosting-mascara-ultra-black\/"},"modified":"2025-12-18T22:03:25","modified_gmt":"2025-12-18T22:03:25","slug":"wet-n-wild-megalast-breakup-proof-waterproof-boosting-mascara-ultra-black","status":"publish","type":"product","link":"https:\/\/stylingagenten.com\/sv\/produkt\/wet-n-wild-megalast-breakup-proof-waterproof-boosting-mascara-ultra-black\/","title":{"rendered":"Wet n Wild Megalast Breakup Proof Waterproof Boosting Mascara Ultra Black"},"content":{"rendered":"<p>Boosta dina fransar med hj\u00e4lp av Wet n Wild Megalast Breakup Proof Waterproof Boosting Mascara Ultra Black! Med en blandning av ricinolja, vitamin E och vegetabiliskt kollagen kommer dina fransar att se fylligare ut \u00e4n de n\u00e5gonsin har gjort tidigare. Den unika borsten t\u00e4cker varje frans fr\u00e5n rot till topp f\u00f6r fantastiska resultat.<\/p>\n<p>8ml<\/p>\n","protected":false},"excerpt":{"rendered":"<p>Boosta dina fransar med hj\u00e4lp av Wet n Wild Megalast Breakup Proof Waterproof Boosting Mascara Ultra Black! Med en blandning av ricinolja, vitamin E och vegetabiliskt kollagen kommer dina fransar att se fylligare ut \u00e4n de n\u00e5gonsin har gjort tidigare. Den unika borsten t\u00e4cker varje frans fr\u00e5n rot till topp f\u00f6r fantastiska resultat. 8ml<\/p>\n","protected":false},"featured_media":11020,"comment_status":"open","ping_status":"closed","template":"","meta":{"_trash_the_other_posts":false},"product_brand":[],"product_cat":[618],"product_tag":[],"berocket_brand":[1035],"class_list":{"0":"post-11040","1":"product","2":"type-product","3":"status-publish","4":"has-post-thumbnail","6":"product_cat-mascara","7":"pa_brand-wet-n-wild","8":"berocket_brand-wet-n-wild","10":"first","11":"instock","12":"sale","13":"taxable","14":"shipping-taxable","15":"purchasable","16":"product-type-simple"},"_links":{"self":[{"href":"https:\/\/stylingagenten.com\/sv\/wp-json\/wp\/v2\/product\/11040","targetHints":{"allow":["GET"]}}],"collection":[{"href":"https:\/\/stylingagenten.com\/sv\/wp-json\/wp\/v2\/product"}],"about":[{"href":"https:\/\/stylingagenten.com\/sv\/wp-json\/wp\/v2\/types\/product"}],"replies":[{"embeddable":true,"href":"https:\/\/stylingagenten.com\/sv\/wp-json\/wp\/v2\/comments?post=11040"}],"version-history":[{"count":0,"href":"https:\/\/stylingagenten.com\/sv\/wp-json\/wp\/v2\/product\/11040\/revisions"}],"wp:featuredmedia":[{"embeddable":true,"href":"https:\/\/stylingagenten.com\/sv\/wp-json\/wp\/v2\/media\/11020"}],"wp:attachment":[{"href":"https:\/\/stylingagenten.com\/sv\/wp-json\/wp\/v2\/media?parent=11040"}],"wp:term":[{"taxonomy":"product_brand","embeddable":true,"href":"https:\/\/stylingagenten.com\/sv\/wp-json\/wp\/v2\/product_brand?post=11040"},{"taxonomy":"product_cat","embeddable":true,"href":"https:\/\/stylingagenten.com\/sv\/wp-json\/wp\/v2\/product_cat?post=11040"},{"taxonomy":"product_tag","embeddable":true,"href":"https:\/\/stylingagenten.com\/sv\/wp-json\/wp\/v2\/product_tag?post=11040"},{"taxonomy":"berocket_brand","embeddable":true,"href":"https:\/\/stylingagenten.com\/sv\/wp-json\/wp\/v2\/berocket_brand?post=11040"}],"curies":[{"name":"wp","href":"https:\/\/api.w.org\/{rel}","templated":true}]}}