{"id":11016,"date":"2025-01-24T11:39:04","date_gmt":"2025-01-24T11:39:04","guid":{"rendered":"https:\/\/staging2.stylingagenten.com\/sv\/produkt\/wet-n-wild-megalast-lock-n-shine-lip-color-irresistable\/"},"modified":"2025-12-18T22:03:22","modified_gmt":"2025-12-18T22:03:22","slug":"wet-n-wild-megalast-lock-n-shine-lip-color-irresistable","status":"publish","type":"product","link":"https:\/\/stylingagenten.com\/sv\/produkt\/wet-n-wild-megalast-lock-n-shine-lip-color-irresistable\/","title":{"rendered":"Wet n Wild Megalast Lock n&#8217; Shine Lip Color &#8211; Irresistable"},"content":{"rendered":"<p>Det h\u00e4r dubbelsidiga l\u00e4ppglanset f\u00e5r dina l\u00e4ppar att gl\u00e4nsa i timmar! Ena sidan inneh\u00e5ller en l\u00e4ppf\u00e4rg och den andra sidan inneh\u00e5ller transparant glans. Formulerad med ingredienser som E-vitamin acetat, jojobaolja och antioxidantrik passionsfruktsfr\u00f6olja f\u00f6r att \u00e5terfukta och v\u00e5rda l\u00e4pparna. V\u00e4lj din favoritf\u00e4rg och l\u00e5s sedan in det med glansen med wet n wilds MegaLast Lock \u2019n\u2019 Shine!<\/p>\n<p>F\u00e4rg: Irresistable<\/p>\n<p>8ml<\/p>\n","protected":false},"excerpt":{"rendered":"<p>Det h\u00e4r dubbelsidiga l\u00e4ppglanset f\u00e5r dina l\u00e4ppar att gl\u00e4nsa i timmar! Ena sidan inneh\u00e5ller en l\u00e4ppf\u00e4rg och den andra sidan inneh\u00e5ller transparant glans. Formulerad med ingredienser som E-vitamin acetat, jojobaolja och antioxidantrik passionsfruktsfr\u00f6olja f\u00f6r att \u00e5terfukta och v\u00e5rda l\u00e4pparna. V\u00e4lj din favoritf\u00e4rg och l\u00e5s sedan in det med glansen med wet n wilds MegaLast Lock [&hellip;]<\/p>\n","protected":false},"featured_media":11001,"comment_status":"open","ping_status":"closed","template":"","meta":{"_trash_the_other_posts":false},"product_brand":[],"product_cat":[599],"product_tag":[4273],"berocket_brand":[1035],"class_list":{"0":"post-11016","1":"product","2":"type-product","3":"status-publish","4":"has-post-thumbnail","6":"product_cat-lappglans","7":"product_tag-wet-n-wild-megalast-lock-n-shine-lip-color","8":"pa_brand-wet-n-wild","9":"pa_variant-irresistable","10":"berocket_brand-wet-n-wild","12":"first","13":"instock","14":"sale","15":"taxable","16":"shipping-taxable","17":"purchasable","18":"product-type-simple"},"_links":{"self":[{"href":"https:\/\/stylingagenten.com\/sv\/wp-json\/wp\/v2\/product\/11016","targetHints":{"allow":["GET"]}}],"collection":[{"href":"https:\/\/stylingagenten.com\/sv\/wp-json\/wp\/v2\/product"}],"about":[{"href":"https:\/\/stylingagenten.com\/sv\/wp-json\/wp\/v2\/types\/product"}],"replies":[{"embeddable":true,"href":"https:\/\/stylingagenten.com\/sv\/wp-json\/wp\/v2\/comments?post=11016"}],"version-history":[{"count":0,"href":"https:\/\/stylingagenten.com\/sv\/wp-json\/wp\/v2\/product\/11016\/revisions"}],"wp:featuredmedia":[{"embeddable":true,"href":"https:\/\/stylingagenten.com\/sv\/wp-json\/wp\/v2\/media\/11001"}],"wp:attachment":[{"href":"https:\/\/stylingagenten.com\/sv\/wp-json\/wp\/v2\/media?parent=11016"}],"wp:term":[{"taxonomy":"product_brand","embeddable":true,"href":"https:\/\/stylingagenten.com\/sv\/wp-json\/wp\/v2\/product_brand?post=11016"},{"taxonomy":"product_cat","embeddable":true,"href":"https:\/\/stylingagenten.com\/sv\/wp-json\/wp\/v2\/product_cat?post=11016"},{"taxonomy":"product_tag","embeddable":true,"href":"https:\/\/stylingagenten.com\/sv\/wp-json\/wp\/v2\/product_tag?post=11016"},{"taxonomy":"berocket_brand","embeddable":true,"href":"https:\/\/stylingagenten.com\/sv\/wp-json\/wp\/v2\/berocket_brand?post=11016"}],"curies":[{"name":"wp","href":"https:\/\/api.w.org\/{rel}","templated":true}]}}