{"id":10971,"date":"2025-01-24T11:38:59","date_gmt":"2025-01-24T11:38:59","guid":{"rendered":"https:\/\/staging2.stylingagenten.com\/sv\/produkt\/wet-n-wild-5-pan-palette-full-bloomin\/"},"modified":"2025-12-18T22:03:02","modified_gmt":"2025-12-18T22:03:02","slug":"wet-n-wild-5-pan-palette-full-bloomin","status":"publish","type":"product","link":"https:\/\/stylingagenten.com\/sv\/produkt\/wet-n-wild-5-pan-palette-full-bloomin\/","title":{"rendered":"Wet n Wild 5-Pan Palette Full Bloomin"},"content":{"rendered":"<p>Lev ditt b\u00e4sta liv i f\u00e4rg! Denna Color Icon 5-Pan Palette har en f\u00f6rb\u00e4ttrad, rikt pigmenterad och sm\u00f6rigt mjuk formel i matta, satin-, shimmer- och metalliska ytor. Denna s\u00e4rskilt kuraterade palett \u00e4r perfekt f\u00f6r att uppn\u00e5 det utseende du dr\u00f6mmer om, oavsett om det \u00e4r naturligt mjukt eller imponerande dj\u00e4rvt. Varje nyans \u00e4r sm\u00f6rigt mjuk f\u00f6r s\u00f6ml\u00f6s blandbarhet och enkel lagerl\u00e4ggning. Den kan anv\u00e4ndas b\u00e5de v\u00e5t och torr, vilket g\u00f6r det enkelt att skapa en verklig regnb\u00e5ge av kreativa effekter som f\u00e5r dig att se ut och k\u00e4nna dig som om du har f\u00f6rtj\u00e4nat en 5-stj\u00e4rnig bed\u00f6mning.<\/p>\n","protected":false},"excerpt":{"rendered":"<p>Lev ditt b\u00e4sta liv i f\u00e4rg! Denna Color Icon 5-Pan Palette har en f\u00f6rb\u00e4ttrad, rikt pigmenterad och sm\u00f6rigt mjuk formel i matta, satin-, shimmer- och metalliska ytor. Denna s\u00e4rskilt kuraterade palett \u00e4r perfekt f\u00f6r att uppn\u00e5 det utseende du dr\u00f6mmer om, oavsett om det \u00e4r naturligt mjukt eller imponerande dj\u00e4rvt. Varje nyans \u00e4r sm\u00f6rigt mjuk [&hellip;]<\/p>\n","protected":false},"featured_media":10964,"comment_status":"open","ping_status":"closed","template":"","meta":{"_trash_the_other_posts":false},"product_brand":[],"product_cat":[581],"product_tag":[4245],"berocket_brand":[1035],"class_list":{"0":"post-10971","1":"product","2":"type-product","3":"status-publish","4":"has-post-thumbnail","6":"product_cat-ogonskugga","7":"product_tag-wet-n-wild-5-pan-palette","8":"pa_brand-wet-n-wild","9":"pa_variant-full-bloomin","10":"berocket_brand-wet-n-wild","12":"first","13":"instock","14":"sale","15":"taxable","16":"shipping-taxable","17":"purchasable","18":"product-type-simple"},"_links":{"self":[{"href":"https:\/\/stylingagenten.com\/sv\/wp-json\/wp\/v2\/product\/10971","targetHints":{"allow":["GET"]}}],"collection":[{"href":"https:\/\/stylingagenten.com\/sv\/wp-json\/wp\/v2\/product"}],"about":[{"href":"https:\/\/stylingagenten.com\/sv\/wp-json\/wp\/v2\/types\/product"}],"replies":[{"embeddable":true,"href":"https:\/\/stylingagenten.com\/sv\/wp-json\/wp\/v2\/comments?post=10971"}],"version-history":[{"count":0,"href":"https:\/\/stylingagenten.com\/sv\/wp-json\/wp\/v2\/product\/10971\/revisions"}],"wp:featuredmedia":[{"embeddable":true,"href":"https:\/\/stylingagenten.com\/sv\/wp-json\/wp\/v2\/media\/10964"}],"wp:attachment":[{"href":"https:\/\/stylingagenten.com\/sv\/wp-json\/wp\/v2\/media?parent=10971"}],"wp:term":[{"taxonomy":"product_brand","embeddable":true,"href":"https:\/\/stylingagenten.com\/sv\/wp-json\/wp\/v2\/product_brand?post=10971"},{"taxonomy":"product_cat","embeddable":true,"href":"https:\/\/stylingagenten.com\/sv\/wp-json\/wp\/v2\/product_cat?post=10971"},{"taxonomy":"product_tag","embeddable":true,"href":"https:\/\/stylingagenten.com\/sv\/wp-json\/wp\/v2\/product_tag?post=10971"},{"taxonomy":"berocket_brand","embeddable":true,"href":"https:\/\/stylingagenten.com\/sv\/wp-json\/wp\/v2\/berocket_brand?post=10971"}],"curies":[{"name":"wp","href":"https:\/\/api.w.org\/{rel}","templated":true}]}}