{"id":10962,"date":"2025-01-24T11:38:58","date_gmt":"2025-01-24T11:38:58","guid":{"rendered":"https:\/\/staging2.stylingagenten.com\/sv\/produkt\/wet-n-wild-megalast-eyeshadow-primer-10ml\/"},"modified":"2025-12-18T22:03:24","modified_gmt":"2025-12-18T22:03:24","slug":"wet-n-wild-megalast-eyeshadow-primer-10ml","status":"publish","type":"product","link":"https:\/\/stylingagenten.com\/sv\/produkt\/wet-n-wild-megalast-eyeshadow-primer-10ml\/","title":{"rendered":"Wet n Wild Megalast Eyeshadow Primer 10ml"},"content":{"rendered":"<p>Wet n Wild Megalast Eyeshadow Primer \u00e4r berikad med vitamin E och f\u00f6rbereder dina \u00f6gonlock f\u00f6r att fixera \u00f6gonskuggan. L\u00e4tt att applicera och bildar en genomskinlig finish och h\u00e5ller \u00f6gonskuggan p\u00e5 plats.<\/p>\n<p>10ml<\/p>\n","protected":false},"excerpt":{"rendered":"<p>Wet n Wild Megalast Eyeshadow Primer \u00e4r berikad med vitamin E och f\u00f6rbereder dina \u00f6gonlock f\u00f6r att fixera \u00f6gonskuggan. L\u00e4tt att applicera och bildar en genomskinlig finish och h\u00e5ller \u00f6gonskuggan p\u00e5 plats. 10ml<\/p>\n","protected":false},"featured_media":10946,"comment_status":"open","ping_status":"closed","template":"","meta":{"_trash_the_other_posts":false},"product_brand":[],"product_cat":[593],"product_tag":[],"berocket_brand":[1035],"class_list":{"0":"post-10962","1":"product","2":"type-product","3":"status-publish","4":"has-post-thumbnail","6":"product_cat-ogonprimer","7":"pa_brand-wet-n-wild","8":"berocket_brand-wet-n-wild","10":"first","11":"instock","12":"sale","13":"taxable","14":"shipping-taxable","15":"purchasable","16":"product-type-simple"},"_links":{"self":[{"href":"https:\/\/stylingagenten.com\/sv\/wp-json\/wp\/v2\/product\/10962","targetHints":{"allow":["GET"]}}],"collection":[{"href":"https:\/\/stylingagenten.com\/sv\/wp-json\/wp\/v2\/product"}],"about":[{"href":"https:\/\/stylingagenten.com\/sv\/wp-json\/wp\/v2\/types\/product"}],"replies":[{"embeddable":true,"href":"https:\/\/stylingagenten.com\/sv\/wp-json\/wp\/v2\/comments?post=10962"}],"version-history":[{"count":0,"href":"https:\/\/stylingagenten.com\/sv\/wp-json\/wp\/v2\/product\/10962\/revisions"}],"wp:featuredmedia":[{"embeddable":true,"href":"https:\/\/stylingagenten.com\/sv\/wp-json\/wp\/v2\/media\/10946"}],"wp:attachment":[{"href":"https:\/\/stylingagenten.com\/sv\/wp-json\/wp\/v2\/media?parent=10962"}],"wp:term":[{"taxonomy":"product_brand","embeddable":true,"href":"https:\/\/stylingagenten.com\/sv\/wp-json\/wp\/v2\/product_brand?post=10962"},{"taxonomy":"product_cat","embeddable":true,"href":"https:\/\/stylingagenten.com\/sv\/wp-json\/wp\/v2\/product_cat?post=10962"},{"taxonomy":"product_tag","embeddable":true,"href":"https:\/\/stylingagenten.com\/sv\/wp-json\/wp\/v2\/product_tag?post=10962"},{"taxonomy":"berocket_brand","embeddable":true,"href":"https:\/\/stylingagenten.com\/sv\/wp-json\/wp\/v2\/berocket_brand?post=10962"}],"curies":[{"name":"wp","href":"https:\/\/api.w.org\/{rel}","templated":true}]}}