{"id":10955,"date":"2025-01-24T11:38:57","date_gmt":"2025-01-24T11:38:57","guid":{"rendered":"https:\/\/staging2.stylingagenten.com\/sv\/produkt\/wet-n-wild-bare-focus-niacinamide-skin-tint-32ml-cream-beige\/"},"modified":"2025-11-18T16:02:05","modified_gmt":"2025-11-18T16:02:05","slug":"wet-n-wild-bare-focus-niacinamide-skin-tint-32ml-cream-beige","status":"publish","type":"product","link":"https:\/\/stylingagenten.com\/sv\/produkt\/wet-n-wild-bare-focus-niacinamide-skin-tint-32ml-cream-beige\/","title":{"rendered":"Wet n Wild Bare Focus Niacinamide Skin Tint 32ml &#8211; Cream Beige"},"content":{"rendered":"<p>Bare Focus Niacinamide Skin Tint \u00e4r en skin tint med niacinamid som ger huden en fr\u00e4sch och naturlig lyster p\u00e5 bara ett \u00f6gonblick. Kan byggas upp fr\u00e5n en genomskinlig till mer t\u00e4ckande finish. Perfekt under alla sorters smink. Niacinamid, hyaluronsyra, pionextrakt och E-vitamin ser till att huden f\u00e5r n\u00e4ring.<\/p>\n","protected":false},"excerpt":{"rendered":"<p>Bare Focus Niacinamide Skin Tint \u00e4r en skin tint med niacinamid som ger huden en fr\u00e4sch och naturlig lyster p\u00e5 bara ett \u00f6gonblick. Kan byggas upp fr\u00e5n en genomskinlig till mer t\u00e4ckande finish. Perfekt under alla sorters smink. Niacinamid, hyaluronsyra, pionextrakt och E-vitamin ser till att huden f\u00e5r n\u00e4ring.<\/p>\n","protected":false},"featured_media":10941,"comment_status":"open","ping_status":"closed","template":"","meta":{"_trash_the_other_posts":false},"product_brand":[],"product_cat":[579],"product_tag":[4247],"berocket_brand":[1035],"class_list":{"0":"post-10955","1":"product","2":"type-product","3":"status-publish","4":"has-post-thumbnail","6":"product_cat-foundation","7":"product_tag-wet-n-wild-bare-focus-niacinamide-skin-tint-32ml","8":"pa_brand-wet-n-wild","9":"pa_variant-cream-beige","10":"berocket_brand-wet-n-wild","12":"first","13":"instock","14":"sale","15":"taxable","16":"shipping-taxable","17":"purchasable","18":"product-type-simple"},"_links":{"self":[{"href":"https:\/\/stylingagenten.com\/sv\/wp-json\/wp\/v2\/product\/10955","targetHints":{"allow":["GET"]}}],"collection":[{"href":"https:\/\/stylingagenten.com\/sv\/wp-json\/wp\/v2\/product"}],"about":[{"href":"https:\/\/stylingagenten.com\/sv\/wp-json\/wp\/v2\/types\/product"}],"replies":[{"embeddable":true,"href":"https:\/\/stylingagenten.com\/sv\/wp-json\/wp\/v2\/comments?post=10955"}],"version-history":[{"count":0,"href":"https:\/\/stylingagenten.com\/sv\/wp-json\/wp\/v2\/product\/10955\/revisions"}],"wp:featuredmedia":[{"embeddable":true,"href":"https:\/\/stylingagenten.com\/sv\/wp-json\/wp\/v2\/media\/10941"}],"wp:attachment":[{"href":"https:\/\/stylingagenten.com\/sv\/wp-json\/wp\/v2\/media?parent=10955"}],"wp:term":[{"taxonomy":"product_brand","embeddable":true,"href":"https:\/\/stylingagenten.com\/sv\/wp-json\/wp\/v2\/product_brand?post=10955"},{"taxonomy":"product_cat","embeddable":true,"href":"https:\/\/stylingagenten.com\/sv\/wp-json\/wp\/v2\/product_cat?post=10955"},{"taxonomy":"product_tag","embeddable":true,"href":"https:\/\/stylingagenten.com\/sv\/wp-json\/wp\/v2\/product_tag?post=10955"},{"taxonomy":"berocket_brand","embeddable":true,"href":"https:\/\/stylingagenten.com\/sv\/wp-json\/wp\/v2\/berocket_brand?post=10955"}],"curies":[{"name":"wp","href":"https:\/\/api.w.org\/{rel}","templated":true}]}}