{"id":10940,"date":"2025-01-24T11:38:56","date_gmt":"2025-01-24T11:38:56","guid":{"rendered":"https:\/\/staging2.stylingagenten.com\/sv\/produkt\/wet-n-wild-mega-glo-glow-in-love-radiance-liquid-20ml\/"},"modified":"2025-12-18T22:03:27","modified_gmt":"2025-12-18T22:03:27","slug":"wet-n-wild-mega-glo-glow-in-love-radiance-liquid-20ml","status":"publish","type":"product","link":"https:\/\/stylingagenten.com\/sv\/produkt\/wet-n-wild-mega-glo-glow-in-love-radiance-liquid-20ml\/","title":{"rendered":"Wet n Wild Mega Glo Glow in Love Radiance Liquid 20ml"},"content":{"rendered":"<p>F\u00f6rb\u00e4ttra din naturliga radiance droppe f\u00f6r droppe! Dessa liquid highlighting radiance droppar ger en naturlig glow som f\u00f6rst\u00e4rker hudf\u00e4rgen. Oavsett om du b\u00e4r den ensam, under eller \u00f6ver smink kan denna liquid formula byggas upp fr\u00e5n ren t\u00e4ckning. Njut av en boost p\u00e5 radiance med en uppfriskande blandning av 4% niacinamid, glycerin och vitamin E.<\/p>\n<p>20ml<\/p>\n","protected":false},"excerpt":{"rendered":"<p>F\u00f6rb\u00e4ttra din naturliga radiance droppe f\u00f6r droppe! Dessa liquid highlighting radiance droppar ger en naturlig glow som f\u00f6rst\u00e4rker hudf\u00e4rgen. Oavsett om du b\u00e4r den ensam, under eller \u00f6ver smink kan denna liquid formula byggas upp fr\u00e5n ren t\u00e4ckning. Njut av en boost p\u00e5 radiance med en uppfriskande blandning av 4% niacinamid, glycerin och vitamin E. [&hellip;]<\/p>\n","protected":false},"featured_media":10923,"comment_status":"open","ping_status":"closed","template":"","meta":{"_trash_the_other_posts":false},"product_brand":[],"product_cat":[621],"product_tag":[],"berocket_brand":[1035],"class_list":{"0":"post-10940","1":"product","2":"type-product","3":"status-publish","4":"has-post-thumbnail","6":"product_cat-highlighter","7":"pa_brand-wet-n-wild","8":"berocket_brand-wet-n-wild","10":"first","11":"instock","12":"sale","13":"taxable","14":"shipping-taxable","15":"purchasable","16":"product-type-simple"},"_links":{"self":[{"href":"https:\/\/stylingagenten.com\/sv\/wp-json\/wp\/v2\/product\/10940","targetHints":{"allow":["GET"]}}],"collection":[{"href":"https:\/\/stylingagenten.com\/sv\/wp-json\/wp\/v2\/product"}],"about":[{"href":"https:\/\/stylingagenten.com\/sv\/wp-json\/wp\/v2\/types\/product"}],"replies":[{"embeddable":true,"href":"https:\/\/stylingagenten.com\/sv\/wp-json\/wp\/v2\/comments?post=10940"}],"version-history":[{"count":0,"href":"https:\/\/stylingagenten.com\/sv\/wp-json\/wp\/v2\/product\/10940\/revisions"}],"wp:featuredmedia":[{"embeddable":true,"href":"https:\/\/stylingagenten.com\/sv\/wp-json\/wp\/v2\/media\/10923"}],"wp:attachment":[{"href":"https:\/\/stylingagenten.com\/sv\/wp-json\/wp\/v2\/media?parent=10940"}],"wp:term":[{"taxonomy":"product_brand","embeddable":true,"href":"https:\/\/stylingagenten.com\/sv\/wp-json\/wp\/v2\/product_brand?post=10940"},{"taxonomy":"product_cat","embeddable":true,"href":"https:\/\/stylingagenten.com\/sv\/wp-json\/wp\/v2\/product_cat?post=10940"},{"taxonomy":"product_tag","embeddable":true,"href":"https:\/\/stylingagenten.com\/sv\/wp-json\/wp\/v2\/product_tag?post=10940"},{"taxonomy":"berocket_brand","embeddable":true,"href":"https:\/\/stylingagenten.com\/sv\/wp-json\/wp\/v2\/berocket_brand?post=10940"}],"curies":[{"name":"wp","href":"https:\/\/api.w.org\/{rel}","templated":true}]}}