{"id":10913,"date":"2025-01-24T11:38:53","date_gmt":"2025-01-24T11:38:53","guid":{"rendered":"https:\/\/staging2.stylingagenten.com\/sv\/produkt\/wet-n-wild-mega-glo-lipcheek-coral-dream\/"},"modified":"2025-12-18T22:03:09","modified_gmt":"2025-12-18T22:03:09","slug":"wet-n-wild-mega-glo-lipcheek-coral-dream","status":"publish","type":"product","link":"https:\/\/stylingagenten.com\/sv\/produkt\/wet-n-wild-mega-glo-lipcheek-coral-dream\/","title":{"rendered":"Wet n Wild Mega Glo Lip&amp;Cheek &#8211; Coral Dream"},"content":{"rendered":"<p>Sammetslen, l\u00e4tt, kr\u00e4mig och byggbar, denna l\u00e4pp- och kindf\u00e4rg ger en omedelbar naturlig rodnad och kan byggas upp p\u00e5 l\u00e4ppar och kinder f\u00f6r en intensiv gl\u00f6d. Den ger en bekv\u00e4m f\u00e4rgklick eller en glamor\u00f6s rodnad i en diffunderad, mjuk-matt finish.<\/p>\n<p>F\u00f6r l\u00e4ppar och kinder: Tills\u00e4tt s\u00f6ml\u00f6s f\u00e4rg till dina l\u00e4ppar och kinder med mjuk f\u00e4rgkraft. L\u00e4tt att applicera: Den kr\u00e4miga texturen kan omedelbart appliceras med fingrar, en borste eller en svamp. Byggbar och blandbar: Superbyggbar och l\u00e4tt att blanda f\u00f6r en felfri finish. Vackra utseenden: Denna viktl\u00f6sa l\u00e4pp- och kindf\u00e4rg finns i dr\u00f6mmande b\u00e4rbara f\u00e4rger f\u00f6r att naturligt f\u00f6rb\u00e4ttra dina drag. Kvalitet utan djurtester: wet n wilds makeupprodukter testas aldrig p\u00e5 djur och \u00e4r alltid cruelty-free.<\/p>\n","protected":false},"excerpt":{"rendered":"<p>Sammetslen, l\u00e4tt, kr\u00e4mig och byggbar, denna l\u00e4pp- och kindf\u00e4rg ger en omedelbar naturlig rodnad och kan byggas upp p\u00e5 l\u00e4ppar och kinder f\u00f6r en intensiv gl\u00f6d. Den ger en bekv\u00e4m f\u00e4rgklick eller en glamor\u00f6s rodnad i en diffunderad, mjuk-matt finish. F\u00f6r l\u00e4ppar och kinder: Tills\u00e4tt s\u00f6ml\u00f6s f\u00e4rg till dina l\u00e4ppar och kinder med mjuk f\u00e4rgkraft. [&hellip;]<\/p>\n","protected":false},"featured_media":10899,"comment_status":"open","ping_status":"closed","template":"","meta":{"_trash_the_other_posts":false},"product_brand":[],"product_cat":[599],"product_tag":[4261],"berocket_brand":[1035],"class_list":{"0":"post-10913","1":"product","2":"type-product","3":"status-publish","4":"has-post-thumbnail","6":"product_cat-lappglans","7":"product_tag-wet-n-wild-mega-glo-lipcheek","8":"pa_brand-wet-n-wild","9":"pa_variant-coral-dream","10":"berocket_brand-wet-n-wild","12":"first","13":"instock","14":"sale","15":"taxable","16":"shipping-taxable","17":"purchasable","18":"product-type-simple"},"_links":{"self":[{"href":"https:\/\/stylingagenten.com\/sv\/wp-json\/wp\/v2\/product\/10913","targetHints":{"allow":["GET"]}}],"collection":[{"href":"https:\/\/stylingagenten.com\/sv\/wp-json\/wp\/v2\/product"}],"about":[{"href":"https:\/\/stylingagenten.com\/sv\/wp-json\/wp\/v2\/types\/product"}],"replies":[{"embeddable":true,"href":"https:\/\/stylingagenten.com\/sv\/wp-json\/wp\/v2\/comments?post=10913"}],"version-history":[{"count":0,"href":"https:\/\/stylingagenten.com\/sv\/wp-json\/wp\/v2\/product\/10913\/revisions"}],"wp:featuredmedia":[{"embeddable":true,"href":"https:\/\/stylingagenten.com\/sv\/wp-json\/wp\/v2\/media\/10899"}],"wp:attachment":[{"href":"https:\/\/stylingagenten.com\/sv\/wp-json\/wp\/v2\/media?parent=10913"}],"wp:term":[{"taxonomy":"product_brand","embeddable":true,"href":"https:\/\/stylingagenten.com\/sv\/wp-json\/wp\/v2\/product_brand?post=10913"},{"taxonomy":"product_cat","embeddable":true,"href":"https:\/\/stylingagenten.com\/sv\/wp-json\/wp\/v2\/product_cat?post=10913"},{"taxonomy":"product_tag","embeddable":true,"href":"https:\/\/stylingagenten.com\/sv\/wp-json\/wp\/v2\/product_tag?post=10913"},{"taxonomy":"berocket_brand","embeddable":true,"href":"https:\/\/stylingagenten.com\/sv\/wp-json\/wp\/v2\/berocket_brand?post=10913"}],"curies":[{"name":"wp","href":"https:\/\/api.w.org\/{rel}","templated":true}]}}