{"id":10904,"date":"2025-01-24T11:38:52","date_gmt":"2025-01-24T11:38:52","guid":{"rendered":"https:\/\/staging2.stylingagenten.com\/sv\/produkt\/wet-n-wild-photo-focus-care-color-corrector-3-3ml-white\/"},"modified":"2026-02-27T07:56:23","modified_gmt":"2026-02-27T07:56:23","slug":"wet-n-wild-photo-focus-care-color-corrector-3-3ml-white","status":"publish","type":"product","link":"https:\/\/stylingagenten.com\/sv\/produkt\/wet-n-wild-photo-focus-care-color-corrector-3-3ml-white\/","title":{"rendered":"Wet n Wild Photo Focus Care Color Corrector 3.3ml &#8211; White"},"content":{"rendered":"<p>Wet n Wild Photo Focus Care Color Corrector 3.3ml &#8211; White<br \/>\n<br \/>Photo Focus Care Color Corrector d\u00f6ljer, ljusar upp och neutraliserar, med n\u00e4rande hudv\u00e5rdsingredienser som ger en felfri bas. Denna color corrector \u00e4r l\u00e4tt, silkeslen och l\u00e4tt att blanda ut och g\u00f6r att huden ser perfekt ut under foundation. White color corrector kan anv\u00e4ndas f\u00f6r att ljusa upp och framh\u00e4va under concealer och foundation, under \u00f6gonen, p\u00e5 ansiktets h\u00f6jdpunkter och p\u00e5 \u00f6gonlocket. Green color corrector kan anv\u00e4ndas f\u00f6r att t\u00e4cka rodnad och d\u00f6lja blemmor. Blue color corrector neutraliserar concealer eller foundation som \u00e4r alltf\u00f6r varm och kyler ner orangea, persikof\u00e4rgade och gula undertoner.<\/p>\n","protected":false},"excerpt":{"rendered":"<p>Wet n Wild Photo Focus Care Color Corrector 3.3ml &#8211; White Photo Focus Care Color Corrector d\u00f6ljer, ljusar upp och neutraliserar, med n\u00e4rande hudv\u00e5rdsingredienser som ger en felfri bas. Denna color corrector \u00e4r l\u00e4tt, silkeslen och l\u00e4tt att blanda ut och g\u00f6r att huden ser perfekt ut under foundation. White color corrector kan anv\u00e4ndas f\u00f6r [&hellip;]<\/p>\n","protected":false},"featured_media":10887,"comment_status":"open","ping_status":"closed","template":"","meta":{"_trash_the_other_posts":false},"product_brand":[],"product_cat":[567],"product_tag":[4275],"berocket_brand":[1035],"class_list":{"0":"post-10904","1":"product","2":"type-product","3":"status-publish","4":"has-post-thumbnail","6":"product_cat-concealer","7":"product_tag-wet-n-wild-photo-focus-care-color-corrector-3-3ml","8":"pa_brand-wet-n-wild","9":"pa_variant-white","10":"berocket_brand-wet-n-wild","12":"first","13":"instock","14":"sale","15":"taxable","16":"shipping-taxable","17":"purchasable","18":"product-type-simple"},"_links":{"self":[{"href":"https:\/\/stylingagenten.com\/sv\/wp-json\/wp\/v2\/product\/10904","targetHints":{"allow":["GET"]}}],"collection":[{"href":"https:\/\/stylingagenten.com\/sv\/wp-json\/wp\/v2\/product"}],"about":[{"href":"https:\/\/stylingagenten.com\/sv\/wp-json\/wp\/v2\/types\/product"}],"replies":[{"embeddable":true,"href":"https:\/\/stylingagenten.com\/sv\/wp-json\/wp\/v2\/comments?post=10904"}],"version-history":[{"count":0,"href":"https:\/\/stylingagenten.com\/sv\/wp-json\/wp\/v2\/product\/10904\/revisions"}],"wp:featuredmedia":[{"embeddable":true,"href":"https:\/\/stylingagenten.com\/sv\/wp-json\/wp\/v2\/media\/10887"}],"wp:attachment":[{"href":"https:\/\/stylingagenten.com\/sv\/wp-json\/wp\/v2\/media?parent=10904"}],"wp:term":[{"taxonomy":"product_brand","embeddable":true,"href":"https:\/\/stylingagenten.com\/sv\/wp-json\/wp\/v2\/product_brand?post=10904"},{"taxonomy":"product_cat","embeddable":true,"href":"https:\/\/stylingagenten.com\/sv\/wp-json\/wp\/v2\/product_cat?post=10904"},{"taxonomy":"product_tag","embeddable":true,"href":"https:\/\/stylingagenten.com\/sv\/wp-json\/wp\/v2\/product_tag?post=10904"},{"taxonomy":"berocket_brand","embeddable":true,"href":"https:\/\/stylingagenten.com\/sv\/wp-json\/wp\/v2\/berocket_brand?post=10904"}],"curies":[{"name":"wp","href":"https:\/\/api.w.org\/{rel}","templated":true}]}}