{"id":10892,"date":"2025-01-24T11:38:50","date_gmt":"2025-01-24T11:38:50","guid":{"rendered":"https:\/\/staging2.stylingagenten.com\/sv\/produkt\/wet-n-wild-photo-focus-natural-setting-mist-65ml\/"},"modified":"2025-12-18T22:03:31","modified_gmt":"2025-12-18T22:03:31","slug":"wet-n-wild-photo-focus-natural-setting-mist-65ml","status":"publish","type":"product","link":"https:\/\/stylingagenten.com\/sv\/produkt\/wet-n-wild-photo-focus-natural-setting-mist-65ml\/","title":{"rendered":"Wet n Wild Photo Focus Natural Setting Mist 65ml"},"content":{"rendered":"<p>Wet n Wild Photo Focus Natural Setting Mist \u00e4r en fixeringsspray med en naturlig finish som h\u00e5ller sminket p\u00e5 plats. Fixerar f\u00f6rsiktigt sminket och ger huden en mjuk look. L\u00e4tt och extremt bekv\u00e4m att b\u00e4ra. Lugnar huden med hj\u00e4lp av E- och B5-vitamin och har effekt i upp till 24 timmar.*<\/p>\n<p>65ml<\/p>\n","protected":false},"excerpt":{"rendered":"<p>Wet n Wild Photo Focus Natural Setting Mist \u00e4r en fixeringsspray med en naturlig finish som h\u00e5ller sminket p\u00e5 plats. Fixerar f\u00f6rsiktigt sminket och ger huden en mjuk look. L\u00e4tt och extremt bekv\u00e4m att b\u00e4ra. Lugnar huden med hj\u00e4lp av E- och B5-vitamin och har effekt i upp till 24 timmar.* 65ml<\/p>\n","protected":false},"featured_media":10875,"comment_status":"open","ping_status":"closed","template":"","meta":{"_trash_the_other_posts":false},"product_brand":[],"product_cat":[617],"product_tag":[],"berocket_brand":[1035],"class_list":{"0":"post-10892","1":"product","2":"type-product","3":"status-publish","4":"has-post-thumbnail","6":"product_cat-setting-spray","7":"pa_brand-wet-n-wild","8":"berocket_brand-wet-n-wild","10":"first","11":"instock","12":"sale","13":"taxable","14":"shipping-taxable","15":"purchasable","16":"product-type-simple"},"_links":{"self":[{"href":"https:\/\/stylingagenten.com\/sv\/wp-json\/wp\/v2\/product\/10892","targetHints":{"allow":["GET"]}}],"collection":[{"href":"https:\/\/stylingagenten.com\/sv\/wp-json\/wp\/v2\/product"}],"about":[{"href":"https:\/\/stylingagenten.com\/sv\/wp-json\/wp\/v2\/types\/product"}],"replies":[{"embeddable":true,"href":"https:\/\/stylingagenten.com\/sv\/wp-json\/wp\/v2\/comments?post=10892"}],"version-history":[{"count":0,"href":"https:\/\/stylingagenten.com\/sv\/wp-json\/wp\/v2\/product\/10892\/revisions"}],"wp:featuredmedia":[{"embeddable":true,"href":"https:\/\/stylingagenten.com\/sv\/wp-json\/wp\/v2\/media\/10875"}],"wp:attachment":[{"href":"https:\/\/stylingagenten.com\/sv\/wp-json\/wp\/v2\/media?parent=10892"}],"wp:term":[{"taxonomy":"product_brand","embeddable":true,"href":"https:\/\/stylingagenten.com\/sv\/wp-json\/wp\/v2\/product_brand?post=10892"},{"taxonomy":"product_cat","embeddable":true,"href":"https:\/\/stylingagenten.com\/sv\/wp-json\/wp\/v2\/product_cat?post=10892"},{"taxonomy":"product_tag","embeddable":true,"href":"https:\/\/stylingagenten.com\/sv\/wp-json\/wp\/v2\/product_tag?post=10892"},{"taxonomy":"berocket_brand","embeddable":true,"href":"https:\/\/stylingagenten.com\/sv\/wp-json\/wp\/v2\/berocket_brand?post=10892"}],"curies":[{"name":"wp","href":"https:\/\/api.w.org\/{rel}","templated":true}]}}