{"id":10878,"date":"2025-01-24T11:38:49","date_gmt":"2025-01-24T11:38:49","guid":{"rendered":"https:\/\/staging2.stylingagenten.com\/sv\/produkt\/wet-n-wild-megalast-incognito-allday-full-coverage-concealer-5-5ml-light-medium\/"},"modified":"2025-12-18T22:03:08","modified_gmt":"2025-12-18T22:03:08","slug":"wet-n-wild-megalast-incognito-allday-full-coverage-concealer-5-5ml-light-medium","status":"publish","type":"product","link":"https:\/\/stylingagenten.com\/sv\/produkt\/wet-n-wild-megalast-incognito-allday-full-coverage-concealer-5-5ml-light-medium\/","title":{"rendered":"Wet n Wild MegaLast Incognito AllDay Full Coverage Concealer 5.5ml &#8211; Light Medium"},"content":{"rendered":"<p>Wet n Wild MegaLast Incognito AllDay Full Coverage Concealer \u00e4r berikad med n\u00e4rande och \u00e5terfuktande ingredienser som sheasm\u00f6r, lakritsrotsextrakt och mangofr\u00f6sm\u00f6r. Den \u00e4r l\u00e5ngvarande och byggbar med medium till full t\u00e4ckning samt ger en matt finish.<\/p>\n<p>Nyans: Light Medium<\/p>\n","protected":false},"excerpt":{"rendered":"<p>Wet n Wild MegaLast Incognito AllDay Full Coverage Concealer \u00e4r berikad med n\u00e4rande och \u00e5terfuktande ingredienser som sheasm\u00f6r, lakritsrotsextrakt och mangofr\u00f6sm\u00f6r. Den \u00e4r l\u00e5ngvarande och byggbar med medium till full t\u00e4ckning samt ger en matt finish. Nyans: Light Medium<\/p>\n","protected":false},"featured_media":10870,"comment_status":"open","ping_status":"closed","template":"","meta":{"_trash_the_other_posts":false},"product_brand":[],"product_cat":[567],"product_tag":[4268],"berocket_brand":[1035],"class_list":{"0":"post-10878","1":"product","2":"type-product","3":"status-publish","4":"has-post-thumbnail","6":"product_cat-concealer","7":"product_tag-wet-n-wild-megalast-incognito-allday-full-coverage-concealer-5-5ml-light-medium","8":"pa_brand-wet-n-wild","9":"pa_variant-light-medium","10":"berocket_brand-wet-n-wild","12":"first","13":"instock","14":"sale","15":"taxable","16":"shipping-taxable","17":"purchasable","18":"product-type-simple"},"_links":{"self":[{"href":"https:\/\/stylingagenten.com\/sv\/wp-json\/wp\/v2\/product\/10878","targetHints":{"allow":["GET"]}}],"collection":[{"href":"https:\/\/stylingagenten.com\/sv\/wp-json\/wp\/v2\/product"}],"about":[{"href":"https:\/\/stylingagenten.com\/sv\/wp-json\/wp\/v2\/types\/product"}],"replies":[{"embeddable":true,"href":"https:\/\/stylingagenten.com\/sv\/wp-json\/wp\/v2\/comments?post=10878"}],"version-history":[{"count":0,"href":"https:\/\/stylingagenten.com\/sv\/wp-json\/wp\/v2\/product\/10878\/revisions"}],"wp:featuredmedia":[{"embeddable":true,"href":"https:\/\/stylingagenten.com\/sv\/wp-json\/wp\/v2\/media\/10870"}],"wp:attachment":[{"href":"https:\/\/stylingagenten.com\/sv\/wp-json\/wp\/v2\/media?parent=10878"}],"wp:term":[{"taxonomy":"product_brand","embeddable":true,"href":"https:\/\/stylingagenten.com\/sv\/wp-json\/wp\/v2\/product_brand?post=10878"},{"taxonomy":"product_cat","embeddable":true,"href":"https:\/\/stylingagenten.com\/sv\/wp-json\/wp\/v2\/product_cat?post=10878"},{"taxonomy":"product_tag","embeddable":true,"href":"https:\/\/stylingagenten.com\/sv\/wp-json\/wp\/v2\/product_tag?post=10878"},{"taxonomy":"berocket_brand","embeddable":true,"href":"https:\/\/stylingagenten.com\/sv\/wp-json\/wp\/v2\/berocket_brand?post=10878"}],"curies":[{"name":"wp","href":"https:\/\/api.w.org\/{rel}","templated":true}]}}