{"id":10835,"date":"2025-01-24T11:38:43","date_gmt":"2025-01-24T11:38:43","guid":{"rendered":"https:\/\/staging2.stylingagenten.com\/sv\/produkt\/wet-n-wild-mega-clear-brow-lash-mascara-11ml\/"},"modified":"2026-03-16T11:52:28","modified_gmt":"2026-03-16T11:52:28","slug":"wet-n-wild-mega-clear-brow-lash-mascara-11ml","status":"publish","type":"product","link":"https:\/\/stylingagenten.com\/sv\/produkt\/wet-n-wild-mega-clear-brow-lash-mascara-11ml\/","title":{"rendered":"Wet n Wild Mega Clear Brow &amp; Lash Mascara 11ml"},"content":{"rendered":"<p>Wet n Wild Mega Clear Brow &amp; Lash Mascara har en kristallklar formula rik p\u00e5 sojaprotein och vitamin E som tillsammans reparerar och v\u00e5rdar \u00f6gonfransarna. G\u00e5r att anv\u00e4nda ensam eller ovanp\u00e5 en f\u00e4rgad mascara.<\/p>\n<p>11ml<\/p>\n","protected":false},"excerpt":{"rendered":"<p>Wet n Wild Mega Clear Brow &amp; Lash Mascara har en kristallklar formula rik p\u00e5 sojaprotein och vitamin E som tillsammans reparerar och v\u00e5rdar \u00f6gonfransarna. G\u00e5r att anv\u00e4nda ensam eller ovanp\u00e5 en f\u00e4rgad mascara. 11ml<\/p>\n","protected":false},"featured_media":10823,"comment_status":"open","ping_status":"closed","template":"","meta":{"_trash_the_other_posts":false},"product_brand":[],"product_cat":[593],"product_tag":[],"berocket_brand":[1035],"class_list":{"0":"post-10835","1":"product","2":"type-product","3":"status-publish","4":"has-post-thumbnail","6":"product_cat-ogonprimer","7":"pa_brand-wet-n-wild","8":"berocket_brand-wet-n-wild","10":"first","11":"instock","12":"sale","13":"taxable","14":"shipping-taxable","15":"purchasable","16":"product-type-simple"},"_links":{"self":[{"href":"https:\/\/stylingagenten.com\/sv\/wp-json\/wp\/v2\/product\/10835","targetHints":{"allow":["GET"]}}],"collection":[{"href":"https:\/\/stylingagenten.com\/sv\/wp-json\/wp\/v2\/product"}],"about":[{"href":"https:\/\/stylingagenten.com\/sv\/wp-json\/wp\/v2\/types\/product"}],"replies":[{"embeddable":true,"href":"https:\/\/stylingagenten.com\/sv\/wp-json\/wp\/v2\/comments?post=10835"}],"version-history":[{"count":0,"href":"https:\/\/stylingagenten.com\/sv\/wp-json\/wp\/v2\/product\/10835\/revisions"}],"wp:featuredmedia":[{"embeddable":true,"href":"https:\/\/stylingagenten.com\/sv\/wp-json\/wp\/v2\/media\/10823"}],"wp:attachment":[{"href":"https:\/\/stylingagenten.com\/sv\/wp-json\/wp\/v2\/media?parent=10835"}],"wp:term":[{"taxonomy":"product_brand","embeddable":true,"href":"https:\/\/stylingagenten.com\/sv\/wp-json\/wp\/v2\/product_brand?post=10835"},{"taxonomy":"product_cat","embeddable":true,"href":"https:\/\/stylingagenten.com\/sv\/wp-json\/wp\/v2\/product_cat?post=10835"},{"taxonomy":"product_tag","embeddable":true,"href":"https:\/\/stylingagenten.com\/sv\/wp-json\/wp\/v2\/product_tag?post=10835"},{"taxonomy":"berocket_brand","embeddable":true,"href":"https:\/\/stylingagenten.com\/sv\/wp-json\/wp\/v2\/berocket_brand?post=10835"}],"curies":[{"name":"wp","href":"https:\/\/api.w.org\/{rel}","templated":true}]}}