{"id":10833,"date":"2025-01-24T11:38:43","date_gmt":"2025-01-24T11:38:43","guid":{"rendered":"https:\/\/staging2.stylingagenten.com\/sv\/produkt\/wet-n-wild-cloud-pout-marshmallow-lip-mousse-3ml-pour-some-suga-on-me\/"},"modified":"2025-12-18T22:03:01","modified_gmt":"2025-12-18T22:03:01","slug":"wet-n-wild-cloud-pout-marshmallow-lip-mousse-3ml-pour-some-suga-on-me","status":"publish","type":"product","link":"https:\/\/stylingagenten.com\/sv\/produkt\/wet-n-wild-cloud-pout-marshmallow-lip-mousse-3ml-pour-some-suga-on-me\/","title":{"rendered":"Wet n Wild Cloud Pout Marshmallow Lip Mousse 3ml &#8211; Pour Some Suga On Me"},"content":{"rendered":"<p>Wet n Wild Cloud Pout Marshmallow Lip Mousse \u00e4r ett magiskt l\u00e4ppglans som k\u00e4nns som ett underbart mjukt marshmallow moln. Berikad med arganolja, avokadoolja och E-vitamin som ger n\u00e4ring och fukt till l\u00e4pparna, med en doft av s\u00f6t marshmallow. L\u00e4ppglanset ger en naturlig f\u00e4rg, men kan \u00e4ven byggas upp f\u00f6r mer t\u00e4ckande, matt finish. Inneh\u00e5ller natriumhyaluronat som \u00e5terfuktar och sl\u00e4tar ut fina linjer f\u00f6r ett j\u00e4mnt utseende.<\/p>\n<p>Nyans: Pour Some Suga On Me<\/p>\n<p>3ml<\/p>\n","protected":false},"excerpt":{"rendered":"<p>Wet n Wild Cloud Pout Marshmallow Lip Mousse \u00e4r ett magiskt l\u00e4ppglans som k\u00e4nns som ett underbart mjukt marshmallow moln. Berikad med arganolja, avokadoolja och E-vitamin som ger n\u00e4ring och fukt till l\u00e4pparna, med en doft av s\u00f6t marshmallow. L\u00e4ppglanset ger en naturlig f\u00e4rg, men kan \u00e4ven byggas upp f\u00f6r mer t\u00e4ckande, matt finish. Inneh\u00e5ller [&hellip;]<\/p>\n","protected":false},"featured_media":10816,"comment_status":"open","ping_status":"closed","template":"","meta":{"_trash_the_other_posts":false},"product_brand":[],"product_cat":[599],"product_tag":[4252],"berocket_brand":[1035],"class_list":{"0":"post-10833","1":"product","2":"type-product","3":"status-publish","4":"has-post-thumbnail","6":"product_cat-lappglans","7":"product_tag-wet-n-wild-cloud-pout-marshmallow-lip-mousse-3ml","8":"pa_brand-wet-n-wild","9":"pa_variant-pour-some-suga-on-me","10":"berocket_brand-wet-n-wild","12":"first","13":"instock","14":"sale","15":"taxable","16":"shipping-taxable","17":"purchasable","18":"product-type-simple"},"_links":{"self":[{"href":"https:\/\/stylingagenten.com\/sv\/wp-json\/wp\/v2\/product\/10833","targetHints":{"allow":["GET"]}}],"collection":[{"href":"https:\/\/stylingagenten.com\/sv\/wp-json\/wp\/v2\/product"}],"about":[{"href":"https:\/\/stylingagenten.com\/sv\/wp-json\/wp\/v2\/types\/product"}],"replies":[{"embeddable":true,"href":"https:\/\/stylingagenten.com\/sv\/wp-json\/wp\/v2\/comments?post=10833"}],"version-history":[{"count":0,"href":"https:\/\/stylingagenten.com\/sv\/wp-json\/wp\/v2\/product\/10833\/revisions"}],"wp:featuredmedia":[{"embeddable":true,"href":"https:\/\/stylingagenten.com\/sv\/wp-json\/wp\/v2\/media\/10816"}],"wp:attachment":[{"href":"https:\/\/stylingagenten.com\/sv\/wp-json\/wp\/v2\/media?parent=10833"}],"wp:term":[{"taxonomy":"product_brand","embeddable":true,"href":"https:\/\/stylingagenten.com\/sv\/wp-json\/wp\/v2\/product_brand?post=10833"},{"taxonomy":"product_cat","embeddable":true,"href":"https:\/\/stylingagenten.com\/sv\/wp-json\/wp\/v2\/product_cat?post=10833"},{"taxonomy":"product_tag","embeddable":true,"href":"https:\/\/stylingagenten.com\/sv\/wp-json\/wp\/v2\/product_tag?post=10833"},{"taxonomy":"berocket_brand","embeddable":true,"href":"https:\/\/stylingagenten.com\/sv\/wp-json\/wp\/v2\/berocket_brand?post=10833"}],"curies":[{"name":"wp","href":"https:\/\/api.w.org\/{rel}","templated":true}]}}