{"id":10770,"date":"2025-01-24T11:38:35","date_gmt":"2025-01-24T11:38:35","guid":{"rendered":"https:\/\/staging2.stylingagenten.com\/sv\/produkt\/ida-warg-frizz-fighter-20ml\/"},"modified":"2026-03-11T21:50:08","modified_gmt":"2026-03-11T21:50:08","slug":"ida-warg-frizz-fighter-20ml","status":"publish","type":"product","link":"https:\/\/stylingagenten.com\/sv\/produkt\/ida-warg-frizz-fighter-20ml\/","title":{"rendered":"Ida Warg Frizz Fighter 20ml"},"content":{"rendered":"<p>Ida Warg Frizz Fighter \u00e4r ett koncentrerat h\u00e5rserum som effektivt tar kontroll \u00f6ver frizz och flygiga h\u00e5rstr\u00e5n. Serumet \u00e4r berikat med \u00e5terfuktande mandelolja, sheasm\u00f6r och aminosyror som l\u00e4mnar h\u00e5ret glansigt samtidigt som det tillf\u00f6r fukt och n\u00e4ring.<\/p>\n<p>20ml<\/p>\n","protected":false},"excerpt":{"rendered":"<p>Ida Warg Frizz Fighter \u00e4r ett koncentrerat h\u00e5rserum som effektivt tar kontroll \u00f6ver frizz och flygiga h\u00e5rstr\u00e5n. Serumet \u00e4r berikat med \u00e5terfuktande mandelolja, sheasm\u00f6r och aminosyror som l\u00e4mnar h\u00e5ret glansigt samtidigt som det tillf\u00f6r fukt och n\u00e4ring. 20ml<\/p>\n","protected":false},"featured_media":10760,"comment_status":"open","ping_status":"closed","template":"","meta":{"_trash_the_other_posts":false},"product_brand":[],"product_cat":[546],"product_tag":[],"berocket_brand":[1346],"class_list":{"0":"post-10770","1":"product","2":"type-product","3":"status-publish","4":"has-post-thumbnail","6":"product_cat-harstyling","7":"pa_brand-ida-warg","8":"berocket_brand-ida-warg","10":"first","11":"instock","12":"sale","13":"taxable","14":"shipping-taxable","15":"purchasable","16":"product-type-simple"},"_links":{"self":[{"href":"https:\/\/stylingagenten.com\/sv\/wp-json\/wp\/v2\/product\/10770","targetHints":{"allow":["GET"]}}],"collection":[{"href":"https:\/\/stylingagenten.com\/sv\/wp-json\/wp\/v2\/product"}],"about":[{"href":"https:\/\/stylingagenten.com\/sv\/wp-json\/wp\/v2\/types\/product"}],"replies":[{"embeddable":true,"href":"https:\/\/stylingagenten.com\/sv\/wp-json\/wp\/v2\/comments?post=10770"}],"version-history":[{"count":0,"href":"https:\/\/stylingagenten.com\/sv\/wp-json\/wp\/v2\/product\/10770\/revisions"}],"wp:featuredmedia":[{"embeddable":true,"href":"https:\/\/stylingagenten.com\/sv\/wp-json\/wp\/v2\/media\/10760"}],"wp:attachment":[{"href":"https:\/\/stylingagenten.com\/sv\/wp-json\/wp\/v2\/media?parent=10770"}],"wp:term":[{"taxonomy":"product_brand","embeddable":true,"href":"https:\/\/stylingagenten.com\/sv\/wp-json\/wp\/v2\/product_brand?post=10770"},{"taxonomy":"product_cat","embeddable":true,"href":"https:\/\/stylingagenten.com\/sv\/wp-json\/wp\/v2\/product_cat?post=10770"},{"taxonomy":"product_tag","embeddable":true,"href":"https:\/\/stylingagenten.com\/sv\/wp-json\/wp\/v2\/product_tag?post=10770"},{"taxonomy":"berocket_brand","embeddable":true,"href":"https:\/\/stylingagenten.com\/sv\/wp-json\/wp\/v2\/berocket_brand?post=10770"}],"curies":[{"name":"wp","href":"https:\/\/api.w.org\/{rel}","templated":true}]}}