{"id":10756,"date":"2025-01-24T11:38:33","date_gmt":"2025-01-24T11:38:33","guid":{"rendered":"https:\/\/staging2.stylingagenten.com\/sv\/produkt\/paco-rabanne-1-million-edt-15ml\/"},"modified":"2026-04-12T08:38:46","modified_gmt":"2026-04-12T08:38:46","slug":"paco-rabanne-1-million-edt-15ml","status":"publish","type":"product","link":"https:\/\/stylingagenten.com\/sv\/produkt\/paco-rabanne-1-million-edt-15ml\/","title":{"rendered":"Paco Rabanne 1 Million Edt 15ml"},"content":{"rendered":"<p>1 Million fr\u00e5n Paco Rabanne \u00e4r en sensuell och maskulin doft med en cool design. Doften \u00f6ppnar med friska noter av blodapelsin och mynta. Basen \u00e4r sammansatt av b\u00e4rsten och l\u00e4der. En explosiv och frisk doft som utrstr\u00e5lar makt och lyx.<\/p>\n<p>Toppnoter \u2013 Blodapelsin, grapefrukt och mynta<br \/>\n<br \/>Mellannoter \u2013 Rosor, kanel och kryddiga noter<br \/>\n<br \/>Basnoter \u2013 Ljust l\u00e4der, patchouli, ambra och tr\u00e4iga noter<\/p>\n<p>15ml<\/p>\n","protected":false},"excerpt":{"rendered":"<p>1 Million fr\u00e5n Paco Rabanne \u00e4r en sensuell och maskulin doft med en cool design. Doften \u00f6ppnar med friska noter av blodapelsin och mynta. Basen \u00e4r sammansatt av b\u00e4rsten och l\u00e4der. En explosiv och frisk doft som utrstr\u00e5lar makt och lyx. Toppnoter \u2013 Blodapelsin, grapefrukt och mynta Mellannoter \u2013 Rosor, kanel och kryddiga noter Basnoter [&hellip;]<\/p>\n","protected":false},"featured_media":10751,"comment_status":"open","ping_status":"closed","template":"","meta":{"_trash_the_other_posts":false},"product_brand":[],"product_cat":[708,735,1000],"product_tag":[3865],"berocket_brand":[1048],"class_list":{"0":"post-10756","1":"product","2":"type-product","3":"status-publish","4":"has-post-thumbnail","6":"product_cat-eau-de-parfum-herr","7":"product_cat-kampanj","8":"product_cat-kampanj-for-honom","9":"product_tag-paco-rabanne-1-million-edt","10":"pa_brand-paco-rabanne","11":"pa_variant-15ml","12":"berocket_brand-paco-rabanne","14":"first","15":"instock","16":"sale","17":"taxable","18":"shipping-taxable","19":"purchasable","20":"product-type-simple"},"_links":{"self":[{"href":"https:\/\/stylingagenten.com\/sv\/wp-json\/wp\/v2\/product\/10756","targetHints":{"allow":["GET"]}}],"collection":[{"href":"https:\/\/stylingagenten.com\/sv\/wp-json\/wp\/v2\/product"}],"about":[{"href":"https:\/\/stylingagenten.com\/sv\/wp-json\/wp\/v2\/types\/product"}],"replies":[{"embeddable":true,"href":"https:\/\/stylingagenten.com\/sv\/wp-json\/wp\/v2\/comments?post=10756"}],"version-history":[{"count":0,"href":"https:\/\/stylingagenten.com\/sv\/wp-json\/wp\/v2\/product\/10756\/revisions"}],"wp:featuredmedia":[{"embeddable":true,"href":"https:\/\/stylingagenten.com\/sv\/wp-json\/wp\/v2\/media\/10751"}],"wp:attachment":[{"href":"https:\/\/stylingagenten.com\/sv\/wp-json\/wp\/v2\/media?parent=10756"}],"wp:term":[{"taxonomy":"product_brand","embeddable":true,"href":"https:\/\/stylingagenten.com\/sv\/wp-json\/wp\/v2\/product_brand?post=10756"},{"taxonomy":"product_cat","embeddable":true,"href":"https:\/\/stylingagenten.com\/sv\/wp-json\/wp\/v2\/product_cat?post=10756"},{"taxonomy":"product_tag","embeddable":true,"href":"https:\/\/stylingagenten.com\/sv\/wp-json\/wp\/v2\/product_tag?post=10756"},{"taxonomy":"berocket_brand","embeddable":true,"href":"https:\/\/stylingagenten.com\/sv\/wp-json\/wp\/v2\/berocket_brand?post=10756"}],"curies":[{"name":"wp","href":"https:\/\/api.w.org\/{rel}","templated":true}]}}