{"id":10742,"date":"2025-01-24T11:38:30","date_gmt":"2025-01-24T11:38:30","guid":{"rendered":"https:\/\/staging2.stylingagenten.com\/sv\/produkt\/lattafa-hayaati-florence-edp-100ml\/"},"modified":"2026-03-11T21:51:04","modified_gmt":"2026-03-11T21:51:04","slug":"lattafa-hayaati-florence-edp-100ml","status":"publish","type":"product","link":"https:\/\/stylingagenten.com\/sv\/produkt\/lattafa-hayaati-florence-edp-100ml\/","title":{"rendered":"Lattafa Hayaati Florence Edp 100ml"},"content":{"rendered":"<p>Ska du p\u00e5 dejt, p\u00e5 fest eller tr\u00e4ffa dina v\u00e4nner? Eau de parfum Lattafa Hayaati Florence \u00e4r det r\u00e4tta valet f\u00f6r varje situation. Uppt\u00e4ck en doft som perfekt kommer att komplettera din unika karisma.<\/p>\n<p>Toppnoter: Litchi, Grapefrukt, R\u00f6da vinb\u00e4r<br \/>\n<br \/>Hj\u00e4rtnoter: Ros, Persika, Cedertr\u00e4<br \/>\n<br \/>Basnoter: Vanilj, Br\u00e4nd mandel, B\u00e4rnsten<\/p>\n<p>100ml<br \/><\/p>\n","protected":false},"excerpt":{"rendered":"<p>Ska du p\u00e5 dejt, p\u00e5 fest eller tr\u00e4ffa dina v\u00e4nner? Eau de parfum Lattafa Hayaati Florence \u00e4r det r\u00e4tta valet f\u00f6r varje situation. Uppt\u00e4ck en doft som perfekt kommer att komplettera din unika karisma. Toppnoter: Litchi, Grapefrukt, R\u00f6da vinb\u00e4r Hj\u00e4rtnoter: Ros, Persika, Cedertr\u00e4 Basnoter: Vanilj, Br\u00e4nd mandel, B\u00e4rnsten 100ml<\/p>\n","protected":false},"featured_media":10737,"comment_status":"open","ping_status":"closed","template":"","meta":{"_trash_the_other_posts":false},"product_brand":[],"product_cat":[706,735,999],"product_tag":[],"berocket_brand":[1414],"class_list":{"0":"post-10742","1":"product","2":"type-product","3":"status-publish","4":"has-post-thumbnail","6":"product_cat-eau-de-parfum-dam","7":"product_cat-kampanj","8":"product_cat-kampanj-for-henne","9":"pa_brand-lattafa","10":"berocket_brand-lattafa","12":"first","13":"instock","14":"sale","15":"taxable","16":"shipping-taxable","17":"purchasable","18":"product-type-simple"},"_links":{"self":[{"href":"https:\/\/stylingagenten.com\/sv\/wp-json\/wp\/v2\/product\/10742","targetHints":{"allow":["GET"]}}],"collection":[{"href":"https:\/\/stylingagenten.com\/sv\/wp-json\/wp\/v2\/product"}],"about":[{"href":"https:\/\/stylingagenten.com\/sv\/wp-json\/wp\/v2\/types\/product"}],"replies":[{"embeddable":true,"href":"https:\/\/stylingagenten.com\/sv\/wp-json\/wp\/v2\/comments?post=10742"}],"version-history":[{"count":0,"href":"https:\/\/stylingagenten.com\/sv\/wp-json\/wp\/v2\/product\/10742\/revisions"}],"wp:featuredmedia":[{"embeddable":true,"href":"https:\/\/stylingagenten.com\/sv\/wp-json\/wp\/v2\/media\/10737"}],"wp:attachment":[{"href":"https:\/\/stylingagenten.com\/sv\/wp-json\/wp\/v2\/media?parent=10742"}],"wp:term":[{"taxonomy":"product_brand","embeddable":true,"href":"https:\/\/stylingagenten.com\/sv\/wp-json\/wp\/v2\/product_brand?post=10742"},{"taxonomy":"product_cat","embeddable":true,"href":"https:\/\/stylingagenten.com\/sv\/wp-json\/wp\/v2\/product_cat?post=10742"},{"taxonomy":"product_tag","embeddable":true,"href":"https:\/\/stylingagenten.com\/sv\/wp-json\/wp\/v2\/product_tag?post=10742"},{"taxonomy":"berocket_brand","embeddable":true,"href":"https:\/\/stylingagenten.com\/sv\/wp-json\/wp\/v2\/berocket_brand?post=10742"}],"curies":[{"name":"wp","href":"https:\/\/api.w.org\/{rel}","templated":true}]}}