{"id":10726,"date":"2025-01-24T11:38:28","date_gmt":"2025-01-24T11:38:28","guid":{"rendered":"https:\/\/staging2.stylingagenten.com\/sv\/produkt\/calvin-klein-eternity-reflections-for-men-edt-100ml\/"},"modified":"2026-04-14T21:08:37","modified_gmt":"2026-04-14T21:08:37","slug":"calvin-klein-eternity-reflections-for-men-edt-100ml","status":"publish","type":"product","link":"https:\/\/stylingagenten.com\/sv\/produkt\/calvin-klein-eternity-reflections-for-men-edt-100ml\/","title":{"rendered":"Calvin Klein Eternity Reflections For Men Edt 100ml"},"content":{"rendered":"<p>Calvin Klein Eternity Reflections Eau de Toilette for Men \u00e4r en aromatisk foug\u00e8re-doft som \u00f6ppnar med gr\u00f6na noter av absint. Hj\u00e4rtats l\u00e4ckra chokladnoter ger doften en ov\u00e4ntad twist. Ekmossa kombineras med sensuellt sandeltr\u00e4 och ger en fyllig struktur som \u00e4r nyckeln i Eternity-dofterna.<\/p>\n<p>100ml<\/p>\n","protected":false},"excerpt":{"rendered":"<p>Calvin Klein Eternity Reflections Eau de Toilette for Men \u00e4r en aromatisk foug\u00e8re-doft som \u00f6ppnar med gr\u00f6na noter av absint. Hj\u00e4rtats l\u00e4ckra chokladnoter ger doften en ov\u00e4ntad twist. Ekmossa kombineras med sensuellt sandeltr\u00e4 och ger en fyllig struktur som \u00e4r nyckeln i Eternity-dofterna. 100ml<\/p>\n","protected":false},"featured_media":10715,"comment_status":"open","ping_status":"closed","template":"","meta":{"_trash_the_other_posts":false},"product_brand":[],"product_cat":[709,735,1000],"product_tag":[],"berocket_brand":[1014],"class_list":{"0":"post-10726","1":"product","2":"type-product","3":"status-publish","4":"has-post-thumbnail","6":"product_cat-eau-de-toilette-herr","7":"product_cat-kampanj","8":"product_cat-kampanj-for-honom","9":"pa_brand-calvin-klein","10":"berocket_brand-calvin-klein","12":"first","13":"instock","14":"sale","15":"taxable","16":"shipping-taxable","17":"purchasable","18":"product-type-simple"},"_links":{"self":[{"href":"https:\/\/stylingagenten.com\/sv\/wp-json\/wp\/v2\/product\/10726","targetHints":{"allow":["GET"]}}],"collection":[{"href":"https:\/\/stylingagenten.com\/sv\/wp-json\/wp\/v2\/product"}],"about":[{"href":"https:\/\/stylingagenten.com\/sv\/wp-json\/wp\/v2\/types\/product"}],"replies":[{"embeddable":true,"href":"https:\/\/stylingagenten.com\/sv\/wp-json\/wp\/v2\/comments?post=10726"}],"version-history":[{"count":0,"href":"https:\/\/stylingagenten.com\/sv\/wp-json\/wp\/v2\/product\/10726\/revisions"}],"wp:featuredmedia":[{"embeddable":true,"href":"https:\/\/stylingagenten.com\/sv\/wp-json\/wp\/v2\/media\/10715"}],"wp:attachment":[{"href":"https:\/\/stylingagenten.com\/sv\/wp-json\/wp\/v2\/media?parent=10726"}],"wp:term":[{"taxonomy":"product_brand","embeddable":true,"href":"https:\/\/stylingagenten.com\/sv\/wp-json\/wp\/v2\/product_brand?post=10726"},{"taxonomy":"product_cat","embeddable":true,"href":"https:\/\/stylingagenten.com\/sv\/wp-json\/wp\/v2\/product_cat?post=10726"},{"taxonomy":"product_tag","embeddable":true,"href":"https:\/\/stylingagenten.com\/sv\/wp-json\/wp\/v2\/product_tag?post=10726"},{"taxonomy":"berocket_brand","embeddable":true,"href":"https:\/\/stylingagenten.com\/sv\/wp-json\/wp\/v2\/berocket_brand?post=10726"}],"curies":[{"name":"wp","href":"https:\/\/api.w.org\/{rel}","templated":true}]}}