{"id":10723,"date":"2025-01-24T11:38:27","date_gmt":"2025-01-24T11:38:27","guid":{"rendered":"https:\/\/staging2.stylingagenten.com\/sv\/produkt\/lattafa-yara-tous-edp-100ml\/"},"modified":"2026-03-16T13:39:28","modified_gmt":"2026-03-16T13:39:28","slug":"lattafa-yara-tous-edp-100ml","status":"publish","type":"product","link":"https:\/\/stylingagenten.com\/sv\/produkt\/lattafa-yara-tous-edp-100ml\/","title":{"rendered":"Lattafa Yara Tous Edp 100ml"},"content":{"rendered":"<p>Om du \u00e4lskar fruktdofter s\u00e5 kommer du att bli helt f\u00f6rtrollad av Lattafa Yara Tous. De l\u00e4ckra och saftiga fruktnoterna i denna Eau de Parfum f\u00f6r kvinnor \u00e4r sv\u00e5ra att motst\u00e5 och kommer att f\u00f6rgylla din dag.<\/p>\n<p>Toppnoter: Mango, Kokosn\u00f6t, Passionsfrukt<br \/>\n<br \/>Hj\u00e4rtnoter: Jasmin, Heliotrop, Apelsinblomma<br \/>\n<br \/>Basnoter: Vanilj, Mysk, Kashmir<\/p>\n<p>100ml<br \/><\/p>\n","protected":false},"excerpt":{"rendered":"<p>Om du \u00e4lskar fruktdofter s\u00e5 kommer du att bli helt f\u00f6rtrollad av Lattafa Yara Tous. De l\u00e4ckra och saftiga fruktnoterna i denna Eau de Parfum f\u00f6r kvinnor \u00e4r sv\u00e5ra att motst\u00e5 och kommer att f\u00f6rgylla din dag. Toppnoter: Mango, Kokosn\u00f6t, Passionsfrukt Hj\u00e4rtnoter: Jasmin, Heliotrop, Apelsinblomma Basnoter: Vanilj, Mysk, Kashmir 100ml<\/p>\n","protected":false},"featured_media":10717,"comment_status":"open","ping_status":"closed","template":"","meta":{"_trash_the_other_posts":false},"product_brand":[],"product_cat":[706,735,999],"product_tag":[],"berocket_brand":[1414],"class_list":{"0":"post-10723","1":"product","2":"type-product","3":"status-publish","4":"has-post-thumbnail","6":"product_cat-eau-de-parfum-dam","7":"product_cat-kampanj","8":"product_cat-kampanj-for-henne","9":"pa_brand-lattafa","10":"berocket_brand-lattafa","12":"first","13":"instock","14":"sale","15":"taxable","16":"shipping-taxable","17":"purchasable","18":"product-type-simple"},"_links":{"self":[{"href":"https:\/\/stylingagenten.com\/sv\/wp-json\/wp\/v2\/product\/10723","targetHints":{"allow":["GET"]}}],"collection":[{"href":"https:\/\/stylingagenten.com\/sv\/wp-json\/wp\/v2\/product"}],"about":[{"href":"https:\/\/stylingagenten.com\/sv\/wp-json\/wp\/v2\/types\/product"}],"replies":[{"embeddable":true,"href":"https:\/\/stylingagenten.com\/sv\/wp-json\/wp\/v2\/comments?post=10723"}],"version-history":[{"count":0,"href":"https:\/\/stylingagenten.com\/sv\/wp-json\/wp\/v2\/product\/10723\/revisions"}],"wp:featuredmedia":[{"embeddable":true,"href":"https:\/\/stylingagenten.com\/sv\/wp-json\/wp\/v2\/media\/10717"}],"wp:attachment":[{"href":"https:\/\/stylingagenten.com\/sv\/wp-json\/wp\/v2\/media?parent=10723"}],"wp:term":[{"taxonomy":"product_brand","embeddable":true,"href":"https:\/\/stylingagenten.com\/sv\/wp-json\/wp\/v2\/product_brand?post=10723"},{"taxonomy":"product_cat","embeddable":true,"href":"https:\/\/stylingagenten.com\/sv\/wp-json\/wp\/v2\/product_cat?post=10723"},{"taxonomy":"product_tag","embeddable":true,"href":"https:\/\/stylingagenten.com\/sv\/wp-json\/wp\/v2\/product_tag?post=10723"},{"taxonomy":"berocket_brand","embeddable":true,"href":"https:\/\/stylingagenten.com\/sv\/wp-json\/wp\/v2\/berocket_brand?post=10723"}],"curies":[{"name":"wp","href":"https:\/\/api.w.org\/{rel}","templated":true}]}}