{"id":10719,"date":"2025-01-24T11:38:27","date_gmt":"2025-01-24T11:38:27","guid":{"rendered":"https:\/\/staging2.stylingagenten.com\/sv\/produkt\/lattafa-lail-maleki-edp-100ml\/"},"modified":"2026-03-12T21:57:27","modified_gmt":"2026-03-12T21:57:27","slug":"lattafa-lail-maleki-edp-100ml","status":"publish","type":"product","link":"https:\/\/stylingagenten.com\/sv\/produkt\/lattafa-lail-maleki-edp-100ml\/","title":{"rendered":"Lattafa Lail Maleki Edp 100ml"},"content":{"rendered":"<p>Gl\u00f6m regler, gr\u00e4nser och begr\u00e4nsningar. Eau de parfum Lattafa Lail Maleki passar perfekt f\u00f6r alla som inte r\u00e4ds f\u00f6r att sticka ur m\u00e4ngden.<\/p>\n<p>Toppnoter: Frukt, Citrus, Kryddiga toner<br \/>\n<br \/>Hj\u00e4rtnoter: Jasmin, Gardenia, Honung, Orkid\u00e9<br \/>\n<br \/>Basnoter: Sandeltr\u00e4d, Mysk, B\u00e4rnsten<\/p>\n<p>100ml<\/p>\n","protected":false},"excerpt":{"rendered":"<p>Gl\u00f6m regler, gr\u00e4nser och begr\u00e4nsningar. Eau de parfum Lattafa Lail Maleki passar perfekt f\u00f6r alla som inte r\u00e4ds f\u00f6r att sticka ur m\u00e4ngden. Toppnoter: Frukt, Citrus, Kryddiga toner Hj\u00e4rtnoter: Jasmin, Gardenia, Honung, Orkid\u00e9 Basnoter: Sandeltr\u00e4d, Mysk, B\u00e4rnsten 100ml<\/p>\n","protected":false},"featured_media":10712,"comment_status":"open","ping_status":"closed","template":"","meta":{"_trash_the_other_posts":false},"product_brand":[],"product_cat":[729,735,1000],"product_tag":[],"berocket_brand":[1414],"class_list":{"0":"post-10719","1":"product","2":"type-product","3":"status-publish","4":"has-post-thumbnail","6":"product_cat-eau-de-parfum-unisex","7":"product_cat-kampanj","8":"product_cat-kampanj-for-honom","9":"pa_brand-lattafa","10":"berocket_brand-lattafa","12":"first","13":"instock","14":"sale","15":"taxable","16":"shipping-taxable","17":"purchasable","18":"product-type-simple"},"_links":{"self":[{"href":"https:\/\/stylingagenten.com\/sv\/wp-json\/wp\/v2\/product\/10719","targetHints":{"allow":["GET"]}}],"collection":[{"href":"https:\/\/stylingagenten.com\/sv\/wp-json\/wp\/v2\/product"}],"about":[{"href":"https:\/\/stylingagenten.com\/sv\/wp-json\/wp\/v2\/types\/product"}],"replies":[{"embeddable":true,"href":"https:\/\/stylingagenten.com\/sv\/wp-json\/wp\/v2\/comments?post=10719"}],"version-history":[{"count":0,"href":"https:\/\/stylingagenten.com\/sv\/wp-json\/wp\/v2\/product\/10719\/revisions"}],"wp:featuredmedia":[{"embeddable":true,"href":"https:\/\/stylingagenten.com\/sv\/wp-json\/wp\/v2\/media\/10712"}],"wp:attachment":[{"href":"https:\/\/stylingagenten.com\/sv\/wp-json\/wp\/v2\/media?parent=10719"}],"wp:term":[{"taxonomy":"product_brand","embeddable":true,"href":"https:\/\/stylingagenten.com\/sv\/wp-json\/wp\/v2\/product_brand?post=10719"},{"taxonomy":"product_cat","embeddable":true,"href":"https:\/\/stylingagenten.com\/sv\/wp-json\/wp\/v2\/product_cat?post=10719"},{"taxonomy":"product_tag","embeddable":true,"href":"https:\/\/stylingagenten.com\/sv\/wp-json\/wp\/v2\/product_tag?post=10719"},{"taxonomy":"berocket_brand","embeddable":true,"href":"https:\/\/stylingagenten.com\/sv\/wp-json\/wp\/v2\/berocket_brand?post=10719"}],"curies":[{"name":"wp","href":"https:\/\/api.w.org\/{rel}","templated":true}]}}