{"id":10716,"date":"2025-01-24T11:38:27","date_gmt":"2025-01-24T11:38:27","guid":{"rendered":"https:\/\/staging2.stylingagenten.com\/sv\/produkt\/lattafa-oud-mood-reminiscence-edp-100ml\/"},"modified":"2026-03-11T21:49:36","modified_gmt":"2026-03-11T21:49:36","slug":"lattafa-oud-mood-reminiscence-edp-100ml","status":"publish","type":"product","link":"https:\/\/stylingagenten.com\/sv\/produkt\/lattafa-oud-mood-reminiscence-edp-100ml\/","title":{"rendered":"Lattafa Oud Mood Reminiscence Edp 100ml"},"content":{"rendered":"<p>Eau de parfumen f\u00f6r m\u00e4n Lattafa Oud Mood Reminiscence hj\u00e4lper dig att finna din inneboende manlighet, styrka och kurage. Doften \u00f6verraskar med sin maskulinitet och framh\u00e4ver p\u00e5 ett perfekt s\u00e4tt din karakt\u00e4r i alla situationer.<\/p>\n<p>Toppnoter: Bergamott, \u00c4pple, Ananas<br \/>\n<br \/>Hj\u00e4rtnoter: Ros, Patchouli, Bj\u00f6rk, Jasmin<br \/>\n<br \/>Basnoter: Sl\u00e5nlav, Mysk, B\u00e4rnsten, Vanilj<\/p>\n<p>100ml<\/p>\n","protected":false},"excerpt":{"rendered":"<p>Eau de parfumen f\u00f6r m\u00e4n Lattafa Oud Mood Reminiscence hj\u00e4lper dig att finna din inneboende manlighet, styrka och kurage. Doften \u00f6verraskar med sin maskulinitet och framh\u00e4ver p\u00e5 ett perfekt s\u00e4tt din karakt\u00e4r i alla situationer. Toppnoter: Bergamott, \u00c4pple, Ananas Hj\u00e4rtnoter: Ros, Patchouli, Bj\u00f6rk, Jasmin Basnoter: Sl\u00e5nlav, Mysk, B\u00e4rnsten, Vanilj 100ml<\/p>\n","protected":false},"featured_media":10710,"comment_status":"open","ping_status":"closed","template":"","meta":{"_trash_the_other_posts":false},"product_brand":[],"product_cat":[708,735,999],"product_tag":[],"berocket_brand":[1414,1263],"class_list":{"0":"post-10716","1":"product","2":"type-product","3":"status-publish","4":"has-post-thumbnail","6":"product_cat-eau-de-parfum-herr","7":"product_cat-kampanj","8":"product_cat-kampanj-for-henne","9":"pa_brand-lattafa","10":"berocket_brand-lattafa","11":"berocket_brand-reminiscence","13":"first","14":"instock","15":"sale","16":"taxable","17":"shipping-taxable","18":"purchasable","19":"product-type-simple"},"_links":{"self":[{"href":"https:\/\/stylingagenten.com\/sv\/wp-json\/wp\/v2\/product\/10716","targetHints":{"allow":["GET"]}}],"collection":[{"href":"https:\/\/stylingagenten.com\/sv\/wp-json\/wp\/v2\/product"}],"about":[{"href":"https:\/\/stylingagenten.com\/sv\/wp-json\/wp\/v2\/types\/product"}],"replies":[{"embeddable":true,"href":"https:\/\/stylingagenten.com\/sv\/wp-json\/wp\/v2\/comments?post=10716"}],"version-history":[{"count":0,"href":"https:\/\/stylingagenten.com\/sv\/wp-json\/wp\/v2\/product\/10716\/revisions"}],"wp:featuredmedia":[{"embeddable":true,"href":"https:\/\/stylingagenten.com\/sv\/wp-json\/wp\/v2\/media\/10710"}],"wp:attachment":[{"href":"https:\/\/stylingagenten.com\/sv\/wp-json\/wp\/v2\/media?parent=10716"}],"wp:term":[{"taxonomy":"product_brand","embeddable":true,"href":"https:\/\/stylingagenten.com\/sv\/wp-json\/wp\/v2\/product_brand?post=10716"},{"taxonomy":"product_cat","embeddable":true,"href":"https:\/\/stylingagenten.com\/sv\/wp-json\/wp\/v2\/product_cat?post=10716"},{"taxonomy":"product_tag","embeddable":true,"href":"https:\/\/stylingagenten.com\/sv\/wp-json\/wp\/v2\/product_tag?post=10716"},{"taxonomy":"berocket_brand","embeddable":true,"href":"https:\/\/stylingagenten.com\/sv\/wp-json\/wp\/v2\/berocket_brand?post=10716"}],"curies":[{"name":"wp","href":"https:\/\/api.w.org\/{rel}","templated":true}]}}