{"id":10713,"date":"2025-01-24T11:38:27","date_gmt":"2025-01-24T11:38:27","guid":{"rendered":"https:\/\/staging2.stylingagenten.com\/sv\/produkt\/lattafa-yara-moi-edp-100ml\/"},"modified":"2026-04-07T14:07:24","modified_gmt":"2026-04-07T14:07:24","slug":"lattafa-yara-moi-edp-100ml","status":"publish","type":"product","link":"https:\/\/stylingagenten.com\/sv\/produkt\/lattafa-yara-moi-edp-100ml\/","title":{"rendered":"Lattafa Yara Moi Edp 100ml"},"content":{"rendered":"<p>Du beh\u00f6ver inte l\u00e4ngre d\u00f6lja din personlighets passionerade sida. Lattafa Yara Moi \u00e4r en Eau de Parfum f\u00f6r kvinnor som \u00e4r laddad med upphetsning, lust och provokation, och som kommer att framkalla en sensuell st\u00e4mning runt omkring dig.<\/p>\n<p>Toppnoter: Jasmin, Persika<br \/>\n<br \/>Hj\u00e4rtnoter: Kola, B\u00e4rnsten<br \/>\n<br \/>Basnoter: Sandeltr\u00e4d, Vanilj, Patchouli <\/p>\n<p>100ml<\/p>\n","protected":false},"excerpt":{"rendered":"<p>Du beh\u00f6ver inte l\u00e4ngre d\u00f6lja din personlighets passionerade sida. Lattafa Yara Moi \u00e4r en Eau de Parfum f\u00f6r kvinnor som \u00e4r laddad med upphetsning, lust och provokation, och som kommer att framkalla en sensuell st\u00e4mning runt omkring dig. Toppnoter: Jasmin, Persika Hj\u00e4rtnoter: Kola, B\u00e4rnsten Basnoter: Sandeltr\u00e4d, Vanilj, Patchouli 100ml<\/p>\n","protected":false},"featured_media":10707,"comment_status":"open","ping_status":"closed","template":"","meta":{"_trash_the_other_posts":false},"product_brand":[],"product_cat":[706,735,999],"product_tag":[],"berocket_brand":[1414],"class_list":{"0":"post-10713","1":"product","2":"type-product","3":"status-publish","4":"has-post-thumbnail","6":"product_cat-eau-de-parfum-dam","7":"product_cat-kampanj","8":"product_cat-kampanj-for-henne","9":"pa_brand-lattafa","10":"berocket_brand-lattafa","12":"first","13":"instock","14":"sale","15":"taxable","16":"shipping-taxable","17":"purchasable","18":"product-type-simple"},"_links":{"self":[{"href":"https:\/\/stylingagenten.com\/sv\/wp-json\/wp\/v2\/product\/10713","targetHints":{"allow":["GET"]}}],"collection":[{"href":"https:\/\/stylingagenten.com\/sv\/wp-json\/wp\/v2\/product"}],"about":[{"href":"https:\/\/stylingagenten.com\/sv\/wp-json\/wp\/v2\/types\/product"}],"replies":[{"embeddable":true,"href":"https:\/\/stylingagenten.com\/sv\/wp-json\/wp\/v2\/comments?post=10713"}],"version-history":[{"count":0,"href":"https:\/\/stylingagenten.com\/sv\/wp-json\/wp\/v2\/product\/10713\/revisions"}],"wp:featuredmedia":[{"embeddable":true,"href":"https:\/\/stylingagenten.com\/sv\/wp-json\/wp\/v2\/media\/10707"}],"wp:attachment":[{"href":"https:\/\/stylingagenten.com\/sv\/wp-json\/wp\/v2\/media?parent=10713"}],"wp:term":[{"taxonomy":"product_brand","embeddable":true,"href":"https:\/\/stylingagenten.com\/sv\/wp-json\/wp\/v2\/product_brand?post=10713"},{"taxonomy":"product_cat","embeddable":true,"href":"https:\/\/stylingagenten.com\/sv\/wp-json\/wp\/v2\/product_cat?post=10713"},{"taxonomy":"product_tag","embeddable":true,"href":"https:\/\/stylingagenten.com\/sv\/wp-json\/wp\/v2\/product_tag?post=10713"},{"taxonomy":"berocket_brand","embeddable":true,"href":"https:\/\/stylingagenten.com\/sv\/wp-json\/wp\/v2\/berocket_brand?post=10713"}],"curies":[{"name":"wp","href":"https:\/\/api.w.org\/{rel}","templated":true}]}}