{"id":10709,"date":"2025-01-24T11:38:26","date_gmt":"2025-01-24T11:38:26","guid":{"rendered":"https:\/\/staging2.stylingagenten.com\/sv\/produkt\/lattafa-rave-now-edp-100ml\/"},"modified":"2026-04-13T14:48:24","modified_gmt":"2026-04-13T14:48:24","slug":"lattafa-rave-now-edp-100ml","status":"publish","type":"product","link":"https:\/\/stylingagenten.com\/sv\/produkt\/lattafa-rave-now-edp-100ml\/","title":{"rendered":"Lattafa Rave Now Edp 100ml"},"content":{"rendered":"<p>Lattafa Rave Now \u00e4r en doft f\u00f6r kvinnor, en oemotst\u00e5ndlig parfym som f\u00e4ngslar alla \u00e5ldersgrupper med sin unika doftkombination.<\/p>\n<p>Toppnoter: R\u00f6da frukter och Apelsin<br \/>\n<br \/>Hj\u00e4rtnoter: Marshmallow, Liljekonvalj och Jasmin<br \/>\n<br \/>Basnoter: Vanilj, Mossa och Mysk<\/p>\n<p>100ml<\/p>\n","protected":false},"excerpt":{"rendered":"<p>Lattafa Rave Now \u00e4r en doft f\u00f6r kvinnor, en oemotst\u00e5ndlig parfym som f\u00e4ngslar alla \u00e5ldersgrupper med sin unika doftkombination. Toppnoter: R\u00f6da frukter och Apelsin Hj\u00e4rtnoter: Marshmallow, Liljekonvalj och Jasmin Basnoter: Vanilj, Mossa och Mysk 100ml<\/p>\n","protected":false},"featured_media":10706,"comment_status":"open","ping_status":"closed","template":"","meta":{"_trash_the_other_posts":false},"product_brand":[],"product_cat":[706,735,999],"product_tag":[],"berocket_brand":[1414],"class_list":{"0":"post-10709","1":"product","2":"type-product","3":"status-publish","4":"has-post-thumbnail","6":"product_cat-eau-de-parfum-dam","7":"product_cat-kampanj","8":"product_cat-kampanj-for-henne","9":"pa_brand-lattafa","10":"berocket_brand-lattafa","12":"first","13":"instock","14":"sale","15":"taxable","16":"shipping-taxable","17":"purchasable","18":"product-type-simple"},"_links":{"self":[{"href":"https:\/\/stylingagenten.com\/sv\/wp-json\/wp\/v2\/product\/10709","targetHints":{"allow":["GET"]}}],"collection":[{"href":"https:\/\/stylingagenten.com\/sv\/wp-json\/wp\/v2\/product"}],"about":[{"href":"https:\/\/stylingagenten.com\/sv\/wp-json\/wp\/v2\/types\/product"}],"replies":[{"embeddable":true,"href":"https:\/\/stylingagenten.com\/sv\/wp-json\/wp\/v2\/comments?post=10709"}],"version-history":[{"count":0,"href":"https:\/\/stylingagenten.com\/sv\/wp-json\/wp\/v2\/product\/10709\/revisions"}],"wp:featuredmedia":[{"embeddable":true,"href":"https:\/\/stylingagenten.com\/sv\/wp-json\/wp\/v2\/media\/10706"}],"wp:attachment":[{"href":"https:\/\/stylingagenten.com\/sv\/wp-json\/wp\/v2\/media?parent=10709"}],"wp:term":[{"taxonomy":"product_brand","embeddable":true,"href":"https:\/\/stylingagenten.com\/sv\/wp-json\/wp\/v2\/product_brand?post=10709"},{"taxonomy":"product_cat","embeddable":true,"href":"https:\/\/stylingagenten.com\/sv\/wp-json\/wp\/v2\/product_cat?post=10709"},{"taxonomy":"product_tag","embeddable":true,"href":"https:\/\/stylingagenten.com\/sv\/wp-json\/wp\/v2\/product_tag?post=10709"},{"taxonomy":"berocket_brand","embeddable":true,"href":"https:\/\/stylingagenten.com\/sv\/wp-json\/wp\/v2\/berocket_brand?post=10709"}],"curies":[{"name":"wp","href":"https:\/\/api.w.org\/{rel}","templated":true}]}}