{"id":10703,"date":"2025-01-24T11:38:25","date_gmt":"2025-01-24T11:38:25","guid":{"rendered":"https:\/\/staging2.stylingagenten.com\/sv\/produkt\/lattafa-mayar-natural-intense-edp-100ml\/"},"modified":"2026-03-17T17:17:23","modified_gmt":"2026-03-17T17:17:23","slug":"lattafa-mayar-natural-intense-edp-100ml","status":"publish","type":"product","link":"https:\/\/stylingagenten.com\/sv\/produkt\/lattafa-mayar-natural-intense-edp-100ml\/","title":{"rendered":"Lattafa Mayar Natural Intense Edp 100ml"},"content":{"rendered":"<p>L\u00e5t dig omfamnas av en doft som f\u00e5r dig att m\u00e5 toppen dygnet runt. Lattafa Mayar Natural Intense \u00e4r en Eau de Parfum f\u00f6r kvinnor som st\u00e5r f\u00f6r optimism och en k\u00e4nsla av fullst\u00e4ndig lycka.<\/p>\n<p>Toppnoter: Fikon, Gr\u00f6n mandarin, Kokosn\u00f6tsvatten, Melon<br \/>\n<br \/>Hj\u00e4rtnoter: N\u00e4ckros, Jasmin, Lotus<br \/>\n<br \/>Basnoter: Vanilj, Sandeltr\u00e4, Ambroxan, Mysk<\/p>\n<p>100ml<\/p>\n","protected":false},"excerpt":{"rendered":"<p>L\u00e5t dig omfamnas av en doft som f\u00e5r dig att m\u00e5 toppen dygnet runt. Lattafa Mayar Natural Intense \u00e4r en Eau de Parfum f\u00f6r kvinnor som st\u00e5r f\u00f6r optimism och en k\u00e4nsla av fullst\u00e4ndig lycka. Toppnoter: Fikon, Gr\u00f6n mandarin, Kokosn\u00f6tsvatten, Melon Hj\u00e4rtnoter: N\u00e4ckros, Jasmin, Lotus Basnoter: Vanilj, Sandeltr\u00e4, Ambroxan, Mysk 100ml<\/p>\n","protected":false},"featured_media":10698,"comment_status":"open","ping_status":"closed","template":"","meta":{"_trash_the_other_posts":false},"product_brand":[],"product_cat":[706,735,999],"product_tag":[],"berocket_brand":[1414],"class_list":{"0":"post-10703","1":"product","2":"type-product","3":"status-publish","4":"has-post-thumbnail","6":"product_cat-eau-de-parfum-dam","7":"product_cat-kampanj","8":"product_cat-kampanj-for-henne","9":"pa_brand-lattafa","10":"berocket_brand-lattafa","12":"first","13":"instock","14":"sale","15":"taxable","16":"shipping-taxable","17":"purchasable","18":"product-type-simple"},"_links":{"self":[{"href":"https:\/\/stylingagenten.com\/sv\/wp-json\/wp\/v2\/product\/10703","targetHints":{"allow":["GET"]}}],"collection":[{"href":"https:\/\/stylingagenten.com\/sv\/wp-json\/wp\/v2\/product"}],"about":[{"href":"https:\/\/stylingagenten.com\/sv\/wp-json\/wp\/v2\/types\/product"}],"replies":[{"embeddable":true,"href":"https:\/\/stylingagenten.com\/sv\/wp-json\/wp\/v2\/comments?post=10703"}],"version-history":[{"count":0,"href":"https:\/\/stylingagenten.com\/sv\/wp-json\/wp\/v2\/product\/10703\/revisions"}],"wp:featuredmedia":[{"embeddable":true,"href":"https:\/\/stylingagenten.com\/sv\/wp-json\/wp\/v2\/media\/10698"}],"wp:attachment":[{"href":"https:\/\/stylingagenten.com\/sv\/wp-json\/wp\/v2\/media?parent=10703"}],"wp:term":[{"taxonomy":"product_brand","embeddable":true,"href":"https:\/\/stylingagenten.com\/sv\/wp-json\/wp\/v2\/product_brand?post=10703"},{"taxonomy":"product_cat","embeddable":true,"href":"https:\/\/stylingagenten.com\/sv\/wp-json\/wp\/v2\/product_cat?post=10703"},{"taxonomy":"product_tag","embeddable":true,"href":"https:\/\/stylingagenten.com\/sv\/wp-json\/wp\/v2\/product_tag?post=10703"},{"taxonomy":"berocket_brand","embeddable":true,"href":"https:\/\/stylingagenten.com\/sv\/wp-json\/wp\/v2\/berocket_brand?post=10703"}],"curies":[{"name":"wp","href":"https:\/\/api.w.org\/{rel}","templated":true}]}}