{"id":10702,"date":"2025-01-24T11:38:25","date_gmt":"2025-01-24T11:38:25","guid":{"rendered":"https:\/\/staging2.stylingagenten.com\/sv\/produkt\/lattafa-hayaati-edp-100ml\/"},"modified":"2026-04-10T10:46:28","modified_gmt":"2026-04-10T10:46:28","slug":"lattafa-hayaati-edp-100ml","status":"publish","type":"product","link":"https:\/\/stylingagenten.com\/sv\/produkt\/lattafa-hayaati-edp-100ml\/","title":{"rendered":"Lattafa Hayaati Edp 100ml"},"content":{"rendered":"<p>En ny dag, nya m\u00f6jligheter. Eau de parfum Lattafa Hayaati fr\u00e4schar upp sinnet och f\u00e5r dig att f\u00f6lja dina instinkter. Se fram emot dagliga \u00e4ventyr.<\/p>\n<p>Toppnoter: \u00c4pple, Bergamott<br \/>Hj\u00e4rtnoter: Kanel, Orientaliska tr\u00e4d-noter<br \/>Basnoter: Mysk Vanilj<\/p>\n<p>100ml<\/p>\n","protected":false},"excerpt":{"rendered":"<p>En ny dag, nya m\u00f6jligheter. Eau de parfum Lattafa Hayaati fr\u00e4schar upp sinnet och f\u00e5r dig att f\u00f6lja dina instinkter. Se fram emot dagliga \u00e4ventyr. Toppnoter: \u00c4pple, BergamottHj\u00e4rtnoter: Kanel, Orientaliska tr\u00e4d-noterBasnoter: Mysk Vanilj 100ml<\/p>\n","protected":false},"featured_media":10697,"comment_status":"open","ping_status":"closed","template":"","meta":{"_trash_the_other_posts":false},"product_brand":[],"product_cat":[729],"product_tag":[],"berocket_brand":[1414],"class_list":{"0":"post-10702","1":"product","2":"type-product","3":"status-publish","4":"has-post-thumbnail","6":"product_cat-eau-de-parfum-unisex","7":"pa_brand-lattafa","8":"berocket_brand-lattafa","10":"first","11":"instock","12":"sale","13":"taxable","14":"shipping-taxable","15":"purchasable","16":"product-type-simple"},"_links":{"self":[{"href":"https:\/\/stylingagenten.com\/sv\/wp-json\/wp\/v2\/product\/10702","targetHints":{"allow":["GET"]}}],"collection":[{"href":"https:\/\/stylingagenten.com\/sv\/wp-json\/wp\/v2\/product"}],"about":[{"href":"https:\/\/stylingagenten.com\/sv\/wp-json\/wp\/v2\/types\/product"}],"replies":[{"embeddable":true,"href":"https:\/\/stylingagenten.com\/sv\/wp-json\/wp\/v2\/comments?post=10702"}],"version-history":[{"count":0,"href":"https:\/\/stylingagenten.com\/sv\/wp-json\/wp\/v2\/product\/10702\/revisions"}],"wp:featuredmedia":[{"embeddable":true,"href":"https:\/\/stylingagenten.com\/sv\/wp-json\/wp\/v2\/media\/10697"}],"wp:attachment":[{"href":"https:\/\/stylingagenten.com\/sv\/wp-json\/wp\/v2\/media?parent=10702"}],"wp:term":[{"taxonomy":"product_brand","embeddable":true,"href":"https:\/\/stylingagenten.com\/sv\/wp-json\/wp\/v2\/product_brand?post=10702"},{"taxonomy":"product_cat","embeddable":true,"href":"https:\/\/stylingagenten.com\/sv\/wp-json\/wp\/v2\/product_cat?post=10702"},{"taxonomy":"product_tag","embeddable":true,"href":"https:\/\/stylingagenten.com\/sv\/wp-json\/wp\/v2\/product_tag?post=10702"},{"taxonomy":"berocket_brand","embeddable":true,"href":"https:\/\/stylingagenten.com\/sv\/wp-json\/wp\/v2\/berocket_brand?post=10702"}],"curies":[{"name":"wp","href":"https:\/\/api.w.org\/{rel}","templated":true}]}}