{"id":10695,"date":"2025-01-24T11:38:24","date_gmt":"2025-01-24T11:38:24","guid":{"rendered":"https:\/\/staging2.stylingagenten.com\/sv\/produkt\/lattafa-asdaaf-ameer-al-arab-imperium-edp-100ml\/"},"modified":"2026-03-14T20:27:29","modified_gmt":"2026-03-14T20:27:29","slug":"lattafa-asdaaf-ameer-al-arab-imperium-edp-100ml","status":"publish","type":"product","link":"https:\/\/stylingagenten.com\/sv\/produkt\/lattafa-asdaaf-ameer-al-arab-imperium-edp-100ml\/","title":{"rendered":"Lattafa Asdaaf Ameer Al Arab Imperium Edp 100ml"},"content":{"rendered":"<p>Uppt\u00e4ck den f\u00e4ngslande lockelsen av Ameer Al Arab Imperium fr\u00e5n Lattafa. Denna uts\u00f6kta doft b\u00f6rjar med den uppfriskande fr\u00e4sch\u00f6ren av bergamot, salvia och ingef\u00e4ra, vilket skapar en energigivande introduktion som v\u00e4cker sinnena. I hj\u00e4rtat avsl\u00f6jar doften en sofistikerad blandning av geranium, cashmeran och \u00e4pple, vilket ger kompositionen djup och elegans. N\u00e4r den sitter kvar ger basnoterna av b\u00e4rnsten, sandeltr\u00e4 och mysk en varm och sensuell avslutning, och omsluter dig i en tr\u00f6stande och lockande omfamning. Ameer Al Arab Imperium \u00e4r en perfekt harmoni av fr\u00e4sch\u00f6r, djup och v\u00e4rme, vilket g\u00f6r det till en verkligt of\u00f6rgl\u00f6mlig upplevelse.<\/p>\n<p>Toppnoter: Kanel och Bittermandel<br \/>\n<br \/>Hj\u00e4rtnoter: Jasmin, Pomarose och Akigalawood<br \/>\n<br \/>Basnoter: Vanilj Absolute, B\u00e4rnsten och Tonkab\u00f6na<\/p>\n<p>100ml<\/p>\n","protected":false},"excerpt":{"rendered":"<p>Uppt\u00e4ck den f\u00e4ngslande lockelsen av Ameer Al Arab Imperium fr\u00e5n Lattafa. Denna uts\u00f6kta doft b\u00f6rjar med den uppfriskande fr\u00e4sch\u00f6ren av bergamot, salvia och ingef\u00e4ra, vilket skapar en energigivande introduktion som v\u00e4cker sinnena. I hj\u00e4rtat avsl\u00f6jar doften en sofistikerad blandning av geranium, cashmeran och \u00e4pple, vilket ger kompositionen djup och elegans. N\u00e4r den sitter kvar ger [&hellip;]<\/p>\n","protected":false},"featured_media":10689,"comment_status":"open","ping_status":"closed","template":"","meta":{"_trash_the_other_posts":false},"product_brand":[],"product_cat":[729,735,1000],"product_tag":[],"berocket_brand":[1414],"class_list":{"0":"post-10695","1":"product","2":"type-product","3":"status-publish","4":"has-post-thumbnail","6":"product_cat-eau-de-parfum-unisex","7":"product_cat-kampanj","8":"product_cat-kampanj-for-honom","9":"pa_brand-lattafa","10":"berocket_brand-lattafa","12":"first","13":"instock","14":"sale","15":"taxable","16":"shipping-taxable","17":"purchasable","18":"product-type-simple"},"_links":{"self":[{"href":"https:\/\/stylingagenten.com\/sv\/wp-json\/wp\/v2\/product\/10695","targetHints":{"allow":["GET"]}}],"collection":[{"href":"https:\/\/stylingagenten.com\/sv\/wp-json\/wp\/v2\/product"}],"about":[{"href":"https:\/\/stylingagenten.com\/sv\/wp-json\/wp\/v2\/types\/product"}],"replies":[{"embeddable":true,"href":"https:\/\/stylingagenten.com\/sv\/wp-json\/wp\/v2\/comments?post=10695"}],"version-history":[{"count":0,"href":"https:\/\/stylingagenten.com\/sv\/wp-json\/wp\/v2\/product\/10695\/revisions"}],"wp:featuredmedia":[{"embeddable":true,"href":"https:\/\/stylingagenten.com\/sv\/wp-json\/wp\/v2\/media\/10689"}],"wp:attachment":[{"href":"https:\/\/stylingagenten.com\/sv\/wp-json\/wp\/v2\/media?parent=10695"}],"wp:term":[{"taxonomy":"product_brand","embeddable":true,"href":"https:\/\/stylingagenten.com\/sv\/wp-json\/wp\/v2\/product_brand?post=10695"},{"taxonomy":"product_cat","embeddable":true,"href":"https:\/\/stylingagenten.com\/sv\/wp-json\/wp\/v2\/product_cat?post=10695"},{"taxonomy":"product_tag","embeddable":true,"href":"https:\/\/stylingagenten.com\/sv\/wp-json\/wp\/v2\/product_tag?post=10695"},{"taxonomy":"berocket_brand","embeddable":true,"href":"https:\/\/stylingagenten.com\/sv\/wp-json\/wp\/v2\/berocket_brand?post=10695"}],"curies":[{"name":"wp","href":"https:\/\/api.w.org\/{rel}","templated":true}]}}