{"id":10687,"date":"2025-01-24T11:38:22","date_gmt":"2025-01-24T11:38:22","guid":{"rendered":"https:\/\/staging2.stylingagenten.com\/sv\/produkt\/lattafa-ana-abiyedh-rouge-edp-100ml\/"},"modified":"2026-04-09T13:45:23","modified_gmt":"2026-04-09T13:45:23","slug":"lattafa-ana-abiyedh-rouge-edp-100ml","status":"publish","type":"product","link":"https:\/\/stylingagenten.com\/sv\/produkt\/lattafa-ana-abiyedh-rouge-edp-100ml\/","title":{"rendered":"Lattafa Ana Abiyedh Rouge Edp 100ml"},"content":{"rendered":"<p>Uppt\u00e4ck en berusande och eterisk doft som du kan dela med din partner. Lattafa Ana Abiyedh Rouge \u00e4r en eau de parfum som \u00e4r perfekt f\u00f6r att fira en f\u00f6delsedag eller ett gemensamt jubileum. Inte bara f\u00f6rb\u00e4ttrar den ditt hum\u00f6r, utan \u00e4ven ditt sj\u00e4lvf\u00f6rtroende genom att den inneh\u00e5ller ett kryddigt saffran och bittermandel.<\/p>\n<p>Toppnoter: P\u00e4ron, Kumquat, Bergamott<br \/>Hj\u00e4rtnoter: Pelargon, Kardemumma, Koriander<br \/>Basnoter: Ambergris, Mocka, Tahitisk vetiver <\/p>\n<p>100ml<\/p>\n","protected":false},"excerpt":{"rendered":"<p>Uppt\u00e4ck en berusande och eterisk doft som du kan dela med din partner. Lattafa Ana Abiyedh Rouge \u00e4r en eau de parfum som \u00e4r perfekt f\u00f6r att fira en f\u00f6delsedag eller ett gemensamt jubileum. Inte bara f\u00f6rb\u00e4ttrar den ditt hum\u00f6r, utan \u00e4ven ditt sj\u00e4lvf\u00f6rtroende genom att den inneh\u00e5ller ett kryddigt saffran och bittermandel. Toppnoter: P\u00e4ron, [&hellip;]<\/p>\n","protected":false},"featured_media":10683,"comment_status":"open","ping_status":"closed","template":"","meta":{"_trash_the_other_posts":false},"product_brand":[],"product_cat":[729,735,999],"product_tag":[],"berocket_brand":[1414],"class_list":{"0":"post-10687","1":"product","2":"type-product","3":"status-publish","4":"has-post-thumbnail","6":"product_cat-eau-de-parfum-unisex","7":"product_cat-kampanj","8":"product_cat-kampanj-for-henne","9":"pa_brand-lattafa","10":"berocket_brand-lattafa","12":"first","13":"outofstock","14":"sale","15":"taxable","16":"shipping-taxable","17":"purchasable","18":"product-type-simple"},"_links":{"self":[{"href":"https:\/\/stylingagenten.com\/sv\/wp-json\/wp\/v2\/product\/10687","targetHints":{"allow":["GET"]}}],"collection":[{"href":"https:\/\/stylingagenten.com\/sv\/wp-json\/wp\/v2\/product"}],"about":[{"href":"https:\/\/stylingagenten.com\/sv\/wp-json\/wp\/v2\/types\/product"}],"replies":[{"embeddable":true,"href":"https:\/\/stylingagenten.com\/sv\/wp-json\/wp\/v2\/comments?post=10687"}],"version-history":[{"count":0,"href":"https:\/\/stylingagenten.com\/sv\/wp-json\/wp\/v2\/product\/10687\/revisions"}],"wp:featuredmedia":[{"embeddable":true,"href":"https:\/\/stylingagenten.com\/sv\/wp-json\/wp\/v2\/media\/10683"}],"wp:attachment":[{"href":"https:\/\/stylingagenten.com\/sv\/wp-json\/wp\/v2\/media?parent=10687"}],"wp:term":[{"taxonomy":"product_brand","embeddable":true,"href":"https:\/\/stylingagenten.com\/sv\/wp-json\/wp\/v2\/product_brand?post=10687"},{"taxonomy":"product_cat","embeddable":true,"href":"https:\/\/stylingagenten.com\/sv\/wp-json\/wp\/v2\/product_cat?post=10687"},{"taxonomy":"product_tag","embeddable":true,"href":"https:\/\/stylingagenten.com\/sv\/wp-json\/wp\/v2\/product_tag?post=10687"},{"taxonomy":"berocket_brand","embeddable":true,"href":"https:\/\/stylingagenten.com\/sv\/wp-json\/wp\/v2\/berocket_brand?post=10687"}],"curies":[{"name":"wp","href":"https:\/\/api.w.org\/{rel}","templated":true}]}}