{"id":10685,"date":"2025-01-24T11:38:21","date_gmt":"2025-01-24T11:38:21","guid":{"rendered":"https:\/\/staging2.stylingagenten.com\/sv\/produkt\/lattafa-fakhar-rose-edp-100ml\/"},"modified":"2026-04-10T06:48:36","modified_gmt":"2026-04-10T06:48:36","slug":"lattafa-fakhar-rose-edp-100ml","status":"publish","type":"product","link":"https:\/\/stylingagenten.com\/sv\/produkt\/lattafa-fakhar-rose-edp-100ml\/","title":{"rendered":"Lattafa Fakhar Rose Edp 100ml"},"content":{"rendered":"<p>Eau de parfumen f\u00f6r m\u00e4n Lattafa Fakhar Lattafa Men hj\u00e4lper dig att finna din inneboende manlighet, styrka och kurage. Doften \u00f6verraskar med sin maskulinitet och framh\u00e4ver p\u00e5 ett perfekt s\u00e4tt din karakt\u00e4r i alla situationer.<\/p>\n<p>Toppnoter: \u00c4pple, Bergamott, Ingef\u00e4ra<br \/>\n<br \/>Hj\u00e4rtnoter: Lavendel, Salvia, Enb\u00e4r, Pelargon<br \/>\n<br \/>Basnoter: Tonkab\u00f6nor, Amberwood, Cedertr\u00e4, Vetiver<\/p>\n<p>100ml<\/p>\n","protected":false},"excerpt":{"rendered":"<p>Eau de parfumen f\u00f6r m\u00e4n Lattafa Fakhar Lattafa Men hj\u00e4lper dig att finna din inneboende manlighet, styrka och kurage. Doften \u00f6verraskar med sin maskulinitet och framh\u00e4ver p\u00e5 ett perfekt s\u00e4tt din karakt\u00e4r i alla situationer. Toppnoter: \u00c4pple, Bergamott, Ingef\u00e4ra Hj\u00e4rtnoter: Lavendel, Salvia, Enb\u00e4r, Pelargon Basnoter: Tonkab\u00f6nor, Amberwood, Cedertr\u00e4, Vetiver 100ml<\/p>\n","protected":false},"featured_media":10675,"comment_status":"open","ping_status":"closed","template":"","meta":{"_trash_the_other_posts":false},"product_brand":[],"product_cat":[708,735,1000],"product_tag":[],"berocket_brand":[1414],"class_list":{"0":"post-10685","1":"product","2":"type-product","3":"status-publish","4":"has-post-thumbnail","6":"product_cat-eau-de-parfum-herr","7":"product_cat-kampanj","8":"product_cat-kampanj-for-honom","9":"pa_brand-lattafa","10":"berocket_brand-lattafa","12":"first","13":"instock","14":"sale","15":"taxable","16":"shipping-taxable","17":"purchasable","18":"product-type-simple"},"_links":{"self":[{"href":"https:\/\/stylingagenten.com\/sv\/wp-json\/wp\/v2\/product\/10685","targetHints":{"allow":["GET"]}}],"collection":[{"href":"https:\/\/stylingagenten.com\/sv\/wp-json\/wp\/v2\/product"}],"about":[{"href":"https:\/\/stylingagenten.com\/sv\/wp-json\/wp\/v2\/types\/product"}],"replies":[{"embeddable":true,"href":"https:\/\/stylingagenten.com\/sv\/wp-json\/wp\/v2\/comments?post=10685"}],"version-history":[{"count":0,"href":"https:\/\/stylingagenten.com\/sv\/wp-json\/wp\/v2\/product\/10685\/revisions"}],"wp:featuredmedia":[{"embeddable":true,"href":"https:\/\/stylingagenten.com\/sv\/wp-json\/wp\/v2\/media\/10675"}],"wp:attachment":[{"href":"https:\/\/stylingagenten.com\/sv\/wp-json\/wp\/v2\/media?parent=10685"}],"wp:term":[{"taxonomy":"product_brand","embeddable":true,"href":"https:\/\/stylingagenten.com\/sv\/wp-json\/wp\/v2\/product_brand?post=10685"},{"taxonomy":"product_cat","embeddable":true,"href":"https:\/\/stylingagenten.com\/sv\/wp-json\/wp\/v2\/product_cat?post=10685"},{"taxonomy":"product_tag","embeddable":true,"href":"https:\/\/stylingagenten.com\/sv\/wp-json\/wp\/v2\/product_tag?post=10685"},{"taxonomy":"berocket_brand","embeddable":true,"href":"https:\/\/stylingagenten.com\/sv\/wp-json\/wp\/v2\/berocket_brand?post=10685"}],"curies":[{"name":"wp","href":"https:\/\/api.w.org\/{rel}","templated":true}]}}