{"id":10680,"date":"2025-01-24T11:38:21","date_gmt":"2025-01-24T11:38:21","guid":{"rendered":"https:\/\/staging2.stylingagenten.com\/sv\/produkt\/lattafa-ekhtiari-edp-100ml\/"},"modified":"2026-03-24T23:27:24","modified_gmt":"2026-03-24T23:27:24","slug":"lattafa-ekhtiari-edp-100ml","status":"publish","type":"product","link":"https:\/\/stylingagenten.com\/sv\/produkt\/lattafa-ekhtiari-edp-100ml\/","title":{"rendered":"Lattafa Ekhtiari Edp 100ml"},"content":{"rendered":"<p>Uppt\u00e4ck en v\u00e4rld av f\u00f6rtrollande dofter med Lattafa Perfumes Ekhtiari eau de parfum! Denna parfym \u00e4r en fest f\u00f6r sinnena, med fr\u00e4scha blommiga och tr\u00e4iga noter som dansar p\u00e5 huden. Perfekt f\u00f6r den sj\u00e4lvs\u00e4kra och stiliga, som vill l\u00e4mna ett best\u00e5ende intryck!<\/p>\n<p>Toppnoter: Mandarinorange, Frukter<br \/>\n<br \/>Hj\u00e4rtnoter: Jasmin, Gardenia<br \/>\n<br \/>Basnoter: Musk, Vanilj, Tonkab\u00f6na<\/p>\n<p>100ml<\/p>\n","protected":false},"excerpt":{"rendered":"<p>Uppt\u00e4ck en v\u00e4rld av f\u00f6rtrollande dofter med Lattafa Perfumes Ekhtiari eau de parfum! Denna parfym \u00e4r en fest f\u00f6r sinnena, med fr\u00e4scha blommiga och tr\u00e4iga noter som dansar p\u00e5 huden. Perfekt f\u00f6r den sj\u00e4lvs\u00e4kra och stiliga, som vill l\u00e4mna ett best\u00e5ende intryck! Toppnoter: Mandarinorange, Frukter Hj\u00e4rtnoter: Jasmin, Gardenia Basnoter: Musk, Vanilj, Tonkab\u00f6na 100ml<\/p>\n","protected":false},"featured_media":10671,"comment_status":"open","ping_status":"closed","template":"","meta":{"_trash_the_other_posts":false},"product_brand":[],"product_cat":[729,735,1000],"product_tag":[],"berocket_brand":[1414],"class_list":{"0":"post-10680","1":"product","2":"type-product","3":"status-publish","4":"has-post-thumbnail","6":"product_cat-eau-de-parfum-unisex","7":"product_cat-kampanj","8":"product_cat-kampanj-for-honom","9":"pa_brand-lattafa","10":"berocket_brand-lattafa","12":"first","13":"instock","14":"sale","15":"taxable","16":"shipping-taxable","17":"purchasable","18":"product-type-simple"},"_links":{"self":[{"href":"https:\/\/stylingagenten.com\/sv\/wp-json\/wp\/v2\/product\/10680","targetHints":{"allow":["GET"]}}],"collection":[{"href":"https:\/\/stylingagenten.com\/sv\/wp-json\/wp\/v2\/product"}],"about":[{"href":"https:\/\/stylingagenten.com\/sv\/wp-json\/wp\/v2\/types\/product"}],"replies":[{"embeddable":true,"href":"https:\/\/stylingagenten.com\/sv\/wp-json\/wp\/v2\/comments?post=10680"}],"version-history":[{"count":0,"href":"https:\/\/stylingagenten.com\/sv\/wp-json\/wp\/v2\/product\/10680\/revisions"}],"wp:featuredmedia":[{"embeddable":true,"href":"https:\/\/stylingagenten.com\/sv\/wp-json\/wp\/v2\/media\/10671"}],"wp:attachment":[{"href":"https:\/\/stylingagenten.com\/sv\/wp-json\/wp\/v2\/media?parent=10680"}],"wp:term":[{"taxonomy":"product_brand","embeddable":true,"href":"https:\/\/stylingagenten.com\/sv\/wp-json\/wp\/v2\/product_brand?post=10680"},{"taxonomy":"product_cat","embeddable":true,"href":"https:\/\/stylingagenten.com\/sv\/wp-json\/wp\/v2\/product_cat?post=10680"},{"taxonomy":"product_tag","embeddable":true,"href":"https:\/\/stylingagenten.com\/sv\/wp-json\/wp\/v2\/product_tag?post=10680"},{"taxonomy":"berocket_brand","embeddable":true,"href":"https:\/\/stylingagenten.com\/sv\/wp-json\/wp\/v2\/berocket_brand?post=10680"}],"curies":[{"name":"wp","href":"https:\/\/api.w.org\/{rel}","templated":true}]}}