{"id":10666,"date":"2025-01-24T11:38:18","date_gmt":"2025-01-24T11:38:18","guid":{"rendered":"https:\/\/staging2.stylingagenten.com\/sv\/produkt\/lattafa-sheikh-al-shuyukh-luxe-edition-edp-100ml\/"},"modified":"2026-03-15T23:57:27","modified_gmt":"2026-03-15T23:57:27","slug":"lattafa-sheikh-al-shuyukh-luxe-edition-edp-100ml","status":"publish","type":"product","link":"https:\/\/stylingagenten.com\/sv\/produkt\/lattafa-sheikh-al-shuyukh-luxe-edition-edp-100ml\/","title":{"rendered":"Lattafa Sheikh Al Shuyukh Luxe Edition Edp 100ml"},"content":{"rendered":"<p>En ny dag, nya m\u00f6jligheter. Eau de parfum Lattafa Sheikh Al Shuyukh Luxe Edition fr\u00e4schar upp sinnet och f\u00e5r dig att f\u00f6lja dina instinkter. Se fram emot dagliga \u00e4ventyr.<\/p>\n<p>Toppnoter: Ros, Saffran, Kanel<br \/>\n<br \/>Hj\u00e4rtnoter: Kola, Patchouli<br \/>\n<br \/>Basnoter: Tr\u00e4-noter, Vanilj, B\u00e4rnsten, Ambroxan<\/p>\n<p>100ml<\/p>\n","protected":false},"excerpt":{"rendered":"<p>En ny dag, nya m\u00f6jligheter. Eau de parfum Lattafa Sheikh Al Shuyukh Luxe Edition fr\u00e4schar upp sinnet och f\u00e5r dig att f\u00f6lja dina instinkter. Se fram emot dagliga \u00e4ventyr. Toppnoter: Ros, Saffran, Kanel Hj\u00e4rtnoter: Kola, Patchouli Basnoter: Tr\u00e4-noter, Vanilj, B\u00e4rnsten, Ambroxan 100ml<\/p>\n","protected":false},"featured_media":10660,"comment_status":"open","ping_status":"closed","template":"","meta":{"_trash_the_other_posts":false},"product_brand":[],"product_cat":[729,735,1000],"product_tag":[],"berocket_brand":[1414],"class_list":{"0":"post-10666","1":"product","2":"type-product","3":"status-publish","4":"has-post-thumbnail","6":"product_cat-eau-de-parfum-unisex","7":"product_cat-kampanj","8":"product_cat-kampanj-for-honom","9":"pa_brand-lattafa","10":"berocket_brand-lattafa","12":"first","13":"instock","14":"sale","15":"taxable","16":"shipping-taxable","17":"purchasable","18":"product-type-simple"},"_links":{"self":[{"href":"https:\/\/stylingagenten.com\/sv\/wp-json\/wp\/v2\/product\/10666","targetHints":{"allow":["GET"]}}],"collection":[{"href":"https:\/\/stylingagenten.com\/sv\/wp-json\/wp\/v2\/product"}],"about":[{"href":"https:\/\/stylingagenten.com\/sv\/wp-json\/wp\/v2\/types\/product"}],"replies":[{"embeddable":true,"href":"https:\/\/stylingagenten.com\/sv\/wp-json\/wp\/v2\/comments?post=10666"}],"version-history":[{"count":0,"href":"https:\/\/stylingagenten.com\/sv\/wp-json\/wp\/v2\/product\/10666\/revisions"}],"wp:featuredmedia":[{"embeddable":true,"href":"https:\/\/stylingagenten.com\/sv\/wp-json\/wp\/v2\/media\/10660"}],"wp:attachment":[{"href":"https:\/\/stylingagenten.com\/sv\/wp-json\/wp\/v2\/media?parent=10666"}],"wp:term":[{"taxonomy":"product_brand","embeddable":true,"href":"https:\/\/stylingagenten.com\/sv\/wp-json\/wp\/v2\/product_brand?post=10666"},{"taxonomy":"product_cat","embeddable":true,"href":"https:\/\/stylingagenten.com\/sv\/wp-json\/wp\/v2\/product_cat?post=10666"},{"taxonomy":"product_tag","embeddable":true,"href":"https:\/\/stylingagenten.com\/sv\/wp-json\/wp\/v2\/product_tag?post=10666"},{"taxonomy":"berocket_brand","embeddable":true,"href":"https:\/\/stylingagenten.com\/sv\/wp-json\/wp\/v2\/berocket_brand?post=10666"}],"curies":[{"name":"wp","href":"https:\/\/api.w.org\/{rel}","templated":true}]}}