{"id":10664,"date":"2025-01-24T11:38:18","date_gmt":"2025-01-24T11:38:18","guid":{"rendered":"https:\/\/staging2.stylingagenten.com\/sv\/produkt\/lattafa-raed-silver-edp-100ml\/"},"modified":"2026-03-11T21:50:56","modified_gmt":"2026-03-11T21:50:56","slug":"lattafa-raed-silver-edp-100ml","status":"publish","type":"product","link":"https:\/\/stylingagenten.com\/sv\/produkt\/lattafa-raed-silver-edp-100ml\/","title":{"rendered":"Lattafa Raed Silver Edp 100ml"},"content":{"rendered":"<p>En ny dag, nya m\u00f6jligheter. Eau de parfum Lattafa Ra&#8217;ed Silver fr\u00e4schar upp sinnet och f\u00e5r dig att f\u00f6lja dina instinkter. Se fram emot dagliga \u00e4ventyr.<\/p>\n<p>Toppnoter: Citrusfrukt, Kryddor, Mandarin<br \/>\n<br \/>Hj\u00e4rtnoter: Kanel, Kryddnejlika, B\u00e4rnsten, Saffran<br \/>\n<br \/>Basnoter: Vanilj, Ambergris, Mysk, L\u00e4der, Agartr\u00e4<\/p>\n<p>100ml<\/p>\n","protected":false},"excerpt":{"rendered":"<p>En ny dag, nya m\u00f6jligheter. Eau de parfum Lattafa Ra&#8217;ed Silver fr\u00e4schar upp sinnet och f\u00e5r dig att f\u00f6lja dina instinkter. Se fram emot dagliga \u00e4ventyr. Toppnoter: Citrusfrukt, Kryddor, Mandarin Hj\u00e4rtnoter: Kanel, Kryddnejlika, B\u00e4rnsten, Saffran Basnoter: Vanilj, Ambergris, Mysk, L\u00e4der, Agartr\u00e4 100ml<\/p>\n","protected":false},"featured_media":10657,"comment_status":"open","ping_status":"closed","template":"","meta":{"_trash_the_other_posts":false},"product_brand":[],"product_cat":[729,735,999],"product_tag":[],"berocket_brand":[1414],"class_list":{"0":"post-10664","1":"product","2":"type-product","3":"status-publish","4":"has-post-thumbnail","6":"product_cat-eau-de-parfum-unisex","7":"product_cat-kampanj","8":"product_cat-kampanj-for-henne","9":"pa_brand-lattafa","10":"berocket_brand-lattafa","12":"first","13":"instock","14":"sale","15":"taxable","16":"shipping-taxable","17":"purchasable","18":"product-type-simple"},"_links":{"self":[{"href":"https:\/\/stylingagenten.com\/sv\/wp-json\/wp\/v2\/product\/10664","targetHints":{"allow":["GET"]}}],"collection":[{"href":"https:\/\/stylingagenten.com\/sv\/wp-json\/wp\/v2\/product"}],"about":[{"href":"https:\/\/stylingagenten.com\/sv\/wp-json\/wp\/v2\/types\/product"}],"replies":[{"embeddable":true,"href":"https:\/\/stylingagenten.com\/sv\/wp-json\/wp\/v2\/comments?post=10664"}],"version-history":[{"count":0,"href":"https:\/\/stylingagenten.com\/sv\/wp-json\/wp\/v2\/product\/10664\/revisions"}],"wp:featuredmedia":[{"embeddable":true,"href":"https:\/\/stylingagenten.com\/sv\/wp-json\/wp\/v2\/media\/10657"}],"wp:attachment":[{"href":"https:\/\/stylingagenten.com\/sv\/wp-json\/wp\/v2\/media?parent=10664"}],"wp:term":[{"taxonomy":"product_brand","embeddable":true,"href":"https:\/\/stylingagenten.com\/sv\/wp-json\/wp\/v2\/product_brand?post=10664"},{"taxonomy":"product_cat","embeddable":true,"href":"https:\/\/stylingagenten.com\/sv\/wp-json\/wp\/v2\/product_cat?post=10664"},{"taxonomy":"product_tag","embeddable":true,"href":"https:\/\/stylingagenten.com\/sv\/wp-json\/wp\/v2\/product_tag?post=10664"},{"taxonomy":"berocket_brand","embeddable":true,"href":"https:\/\/stylingagenten.com\/sv\/wp-json\/wp\/v2\/berocket_brand?post=10664"}],"curies":[{"name":"wp","href":"https:\/\/api.w.org\/{rel}","templated":true}]}}