{"id":10644,"date":"2025-01-24T11:38:15","date_gmt":"2025-01-24T11:38:15","guid":{"rendered":"https:\/\/staging2.stylingagenten.com\/sv\/produkt\/lattafa-al-noble-wazeer-edp-100ml\/"},"modified":"2026-03-23T10:27:26","modified_gmt":"2026-03-23T10:27:26","slug":"lattafa-al-noble-wazeer-edp-100ml","status":"publish","type":"product","link":"https:\/\/stylingagenten.com\/sv\/produkt\/lattafa-al-noble-wazeer-edp-100ml\/","title":{"rendered":"Lattafa Al Noble Wazeer Edp 100ml"},"content":{"rendered":"<p>Lattafa Perfumes Al Noble Wazeer EdP \u00e4r en fruktig och tr\u00e4ig, puderaktig doft som passar b\u00e5de kvinnor och m\u00e4n. Toppnoterna bjuder p\u00e5 en fr\u00e4sch blandning av mynta, bitter apelsin, bergamott och enb\u00e4r f\u00f6r en l\u00e4tt frisk och gr\u00f6n doft. Hj\u00e4rtnoterna best\u00e5r av iris, m\u00f6rk choklad och hallon som ger en exotisk arom. Denna parfym \u00e4r idealisk f\u00f6r dig som vill uppleva det b\u00e4sta av tv\u00e5 v\u00e4rldar \u2013 friskheten fr\u00e5n frukt kombinerad med en varm, tr\u00e4ig doft. Perfekt f\u00f6r alla tillf\u00e4llen \u2013 fr\u00e5n vardag till fest. Oavsett om du ska ut med v\u00e4nner eller p\u00e5 en romantisk dejt, kommer denna parfym f\u00e5 dig att k\u00e4nna dig sj\u00e4lvs\u00e4ker och fr\u00e4sch. Den l\u00e5ngvariga doften h\u00e5ller dig v\u00e4ldoftande hela dagen utan att vara f\u00f6r stark eller intensiv.<\/p>\n<p>Toppnoter: Mynta, Apelsin, Bergamott och Enb\u00e4r<br \/>\n<br \/>Hj\u00e4rtnoter: Choklad, Karamell, P\u00e4ron, Iris och Hallon<br \/>\n<br \/>Basnoter: Amber, Vanilj, Sandeltr\u00e4, Mysk, Cedertr\u00e4 och Vetiver<\/p>\n<p>100ml<\/p>\n","protected":false},"excerpt":{"rendered":"<p>Lattafa Perfumes Al Noble Wazeer EdP \u00e4r en fruktig och tr\u00e4ig, puderaktig doft som passar b\u00e5de kvinnor och m\u00e4n. Toppnoterna bjuder p\u00e5 en fr\u00e4sch blandning av mynta, bitter apelsin, bergamott och enb\u00e4r f\u00f6r en l\u00e4tt frisk och gr\u00f6n doft. Hj\u00e4rtnoterna best\u00e5r av iris, m\u00f6rk choklad och hallon som ger en exotisk arom. Denna parfym \u00e4r [&hellip;]<\/p>\n","protected":false},"featured_media":10639,"comment_status":"open","ping_status":"closed","template":"","meta":{"_trash_the_other_posts":false},"product_brand":[],"product_cat":[729,735,999],"product_tag":[],"berocket_brand":[1414],"class_list":{"0":"post-10644","1":"product","2":"type-product","3":"status-publish","4":"has-post-thumbnail","6":"product_cat-eau-de-parfum-unisex","7":"product_cat-kampanj","8":"product_cat-kampanj-for-henne","9":"pa_brand-lattafa","10":"berocket_brand-lattafa","12":"first","13":"instock","14":"sale","15":"taxable","16":"shipping-taxable","17":"purchasable","18":"product-type-simple"},"_links":{"self":[{"href":"https:\/\/stylingagenten.com\/sv\/wp-json\/wp\/v2\/product\/10644","targetHints":{"allow":["GET"]}}],"collection":[{"href":"https:\/\/stylingagenten.com\/sv\/wp-json\/wp\/v2\/product"}],"about":[{"href":"https:\/\/stylingagenten.com\/sv\/wp-json\/wp\/v2\/types\/product"}],"replies":[{"embeddable":true,"href":"https:\/\/stylingagenten.com\/sv\/wp-json\/wp\/v2\/comments?post=10644"}],"version-history":[{"count":0,"href":"https:\/\/stylingagenten.com\/sv\/wp-json\/wp\/v2\/product\/10644\/revisions"}],"wp:featuredmedia":[{"embeddable":true,"href":"https:\/\/stylingagenten.com\/sv\/wp-json\/wp\/v2\/media\/10639"}],"wp:attachment":[{"href":"https:\/\/stylingagenten.com\/sv\/wp-json\/wp\/v2\/media?parent=10644"}],"wp:term":[{"taxonomy":"product_brand","embeddable":true,"href":"https:\/\/stylingagenten.com\/sv\/wp-json\/wp\/v2\/product_brand?post=10644"},{"taxonomy":"product_cat","embeddable":true,"href":"https:\/\/stylingagenten.com\/sv\/wp-json\/wp\/v2\/product_cat?post=10644"},{"taxonomy":"product_tag","embeddable":true,"href":"https:\/\/stylingagenten.com\/sv\/wp-json\/wp\/v2\/product_tag?post=10644"},{"taxonomy":"berocket_brand","embeddable":true,"href":"https:\/\/stylingagenten.com\/sv\/wp-json\/wp\/v2\/berocket_brand?post=10644"}],"curies":[{"name":"wp","href":"https:\/\/api.w.org\/{rel}","templated":true}]}}