{"id":10638,"date":"2025-01-24T11:38:14","date_gmt":"2025-01-24T11:38:14","guid":{"rendered":"https:\/\/staging2.stylingagenten.com\/sv\/produkt\/lattafa-hayaati-al-maleky-edp-100ml\/"},"modified":"2026-03-23T14:47:26","modified_gmt":"2026-03-23T14:47:26","slug":"lattafa-hayaati-al-maleky-edp-100ml","status":"publish","type":"product","link":"https:\/\/stylingagenten.com\/sv\/produkt\/lattafa-hayaati-al-maleky-edp-100ml\/","title":{"rendered":"Lattafa Hayaati Al Maleky Edp 100ml"},"content":{"rendered":"<p>Upplev en f\u00f6rtrollande doft med Lattafa Perfumes Hayaati Al Maleky eau de parfum! Denna lyxiga parfym omfamnar dina sinnen med en harmonisk blandning av blommiga och tr\u00e4iga noter, perfekt f\u00f6r den moderna \u00e4ventyraren. L\u00e5t din personlighet str\u00e5la och skapa of\u00f6rgl\u00f6mliga minnen.<\/p>\n<p>Med de livfulla toppnoterna av muskotn\u00f6t, rosa peppar, bergamott och ingef\u00e4ra b\u00f6rjar \u00e4ventyret redan i f\u00f6rsta sprutet. K\u00e4nn hur energin sprakar till liv n\u00e4r du r\u00f6r dig genom dagen. F\u00f6rdjupa dig sedan i hj\u00e4rtat av doften med en guldig blandning av cedertr\u00e4, tr\u00e4iga noter, labdanum och r\u00f6kelse, vilket ger en varm och inbjudande k\u00e4nsla.<\/p>\n<p>100ml<\/p>\n","protected":false},"excerpt":{"rendered":"<p>Upplev en f\u00f6rtrollande doft med Lattafa Perfumes Hayaati Al Maleky eau de parfum! Denna lyxiga parfym omfamnar dina sinnen med en harmonisk blandning av blommiga och tr\u00e4iga noter, perfekt f\u00f6r den moderna \u00e4ventyraren. L\u00e5t din personlighet str\u00e5la och skapa of\u00f6rgl\u00f6mliga minnen. Med de livfulla toppnoterna av muskotn\u00f6t, rosa peppar, bergamott och ingef\u00e4ra b\u00f6rjar \u00e4ventyret redan [&hellip;]<\/p>\n","protected":false},"featured_media":10633,"comment_status":"open","ping_status":"closed","template":"","meta":{"_trash_the_other_posts":false},"product_brand":[],"product_cat":[708,729,735,1000],"product_tag":[],"berocket_brand":[1414],"class_list":{"0":"post-10638","1":"product","2":"type-product","3":"status-publish","4":"has-post-thumbnail","6":"product_cat-eau-de-parfum-herr","7":"product_cat-eau-de-parfum-unisex","8":"product_cat-kampanj","9":"product_cat-kampanj-for-honom","10":"pa_brand-lattafa","11":"berocket_brand-lattafa","13":"first","14":"instock","15":"sale","16":"taxable","17":"shipping-taxable","18":"purchasable","19":"product-type-simple"},"_links":{"self":[{"href":"https:\/\/stylingagenten.com\/sv\/wp-json\/wp\/v2\/product\/10638","targetHints":{"allow":["GET"]}}],"collection":[{"href":"https:\/\/stylingagenten.com\/sv\/wp-json\/wp\/v2\/product"}],"about":[{"href":"https:\/\/stylingagenten.com\/sv\/wp-json\/wp\/v2\/types\/product"}],"replies":[{"embeddable":true,"href":"https:\/\/stylingagenten.com\/sv\/wp-json\/wp\/v2\/comments?post=10638"}],"version-history":[{"count":0,"href":"https:\/\/stylingagenten.com\/sv\/wp-json\/wp\/v2\/product\/10638\/revisions"}],"wp:featuredmedia":[{"embeddable":true,"href":"https:\/\/stylingagenten.com\/sv\/wp-json\/wp\/v2\/media\/10633"}],"wp:attachment":[{"href":"https:\/\/stylingagenten.com\/sv\/wp-json\/wp\/v2\/media?parent=10638"}],"wp:term":[{"taxonomy":"product_brand","embeddable":true,"href":"https:\/\/stylingagenten.com\/sv\/wp-json\/wp\/v2\/product_brand?post=10638"},{"taxonomy":"product_cat","embeddable":true,"href":"https:\/\/stylingagenten.com\/sv\/wp-json\/wp\/v2\/product_cat?post=10638"},{"taxonomy":"product_tag","embeddable":true,"href":"https:\/\/stylingagenten.com\/sv\/wp-json\/wp\/v2\/product_tag?post=10638"},{"taxonomy":"berocket_brand","embeddable":true,"href":"https:\/\/stylingagenten.com\/sv\/wp-json\/wp\/v2\/berocket_brand?post=10638"}],"curies":[{"name":"wp","href":"https:\/\/api.w.org\/{rel}","templated":true}]}}