{"id":10629,"date":"2025-01-24T11:38:12","date_gmt":"2025-01-24T11:38:12","guid":{"rendered":"https:\/\/staging2.stylingagenten.com\/sv\/produkt\/lattafa-asdaaf-ameerat-al-arab-edp-100ml\/"},"modified":"2026-04-07T12:18:24","modified_gmt":"2026-04-07T12:18:24","slug":"lattafa-asdaaf-ameerat-al-arab-edp-100ml","status":"publish","type":"product","link":"https:\/\/stylingagenten.com\/sv\/produkt\/lattafa-asdaaf-ameerat-al-arab-edp-100ml\/","title":{"rendered":"Lattafa Asdaaf Ameerat Al Arab Edp 100ml"},"content":{"rendered":"<p>Upplev exotisk och blommig arom. Asdaaf Ameerat Al Arab eau de parfum f\u00f6r kvinnor \u00e4r en lockande doft som s\u00e4kerligen kommer att l\u00e4mna ett best\u00e5ende intryck. Den \u00e4r delikat blommig och orientalisk, vilket g\u00f6r den perfekt f\u00f6r vardagsbruk eller speciella tillf\u00e4llen. Denna doft \u00e4r perfekt f\u00f6r kvinnor som \u00e4lskar att f\u00e5nga uppm\u00e4rksamheten hos omgivningen.<\/p>\n<p>Doftnoter: Grapefrukt, Apelsin, Jasmin, Vit mysk, B\u00e4rnsten, Sandeltr\u00e4d, Tonkab\u00f6nor<\/p>\n<p>100ml<\/p>\n","protected":false},"excerpt":{"rendered":"<p>Upplev exotisk och blommig arom. Asdaaf Ameerat Al Arab eau de parfum f\u00f6r kvinnor \u00e4r en lockande doft som s\u00e4kerligen kommer att l\u00e4mna ett best\u00e5ende intryck. Den \u00e4r delikat blommig och orientalisk, vilket g\u00f6r den perfekt f\u00f6r vardagsbruk eller speciella tillf\u00e4llen. Denna doft \u00e4r perfekt f\u00f6r kvinnor som \u00e4lskar att f\u00e5nga uppm\u00e4rksamheten hos omgivningen. Doftnoter: [&hellip;]<\/p>\n","protected":false},"featured_media":10623,"comment_status":"open","ping_status":"closed","template":"","meta":{"_trash_the_other_posts":false},"product_brand":[],"product_cat":[706,735,999],"product_tag":[],"berocket_brand":[1414],"class_list":{"0":"post-10629","1":"product","2":"type-product","3":"status-publish","4":"has-post-thumbnail","6":"product_cat-eau-de-parfum-dam","7":"product_cat-kampanj","8":"product_cat-kampanj-for-henne","9":"pa_brand-lattafa","10":"berocket_brand-lattafa","12":"first","13":"outofstock","14":"sale","15":"taxable","16":"shipping-taxable","17":"purchasable","18":"product-type-simple"},"_links":{"self":[{"href":"https:\/\/stylingagenten.com\/sv\/wp-json\/wp\/v2\/product\/10629","targetHints":{"allow":["GET"]}}],"collection":[{"href":"https:\/\/stylingagenten.com\/sv\/wp-json\/wp\/v2\/product"}],"about":[{"href":"https:\/\/stylingagenten.com\/sv\/wp-json\/wp\/v2\/types\/product"}],"replies":[{"embeddable":true,"href":"https:\/\/stylingagenten.com\/sv\/wp-json\/wp\/v2\/comments?post=10629"}],"version-history":[{"count":0,"href":"https:\/\/stylingagenten.com\/sv\/wp-json\/wp\/v2\/product\/10629\/revisions"}],"wp:featuredmedia":[{"embeddable":true,"href":"https:\/\/stylingagenten.com\/sv\/wp-json\/wp\/v2\/media\/10623"}],"wp:attachment":[{"href":"https:\/\/stylingagenten.com\/sv\/wp-json\/wp\/v2\/media?parent=10629"}],"wp:term":[{"taxonomy":"product_brand","embeddable":true,"href":"https:\/\/stylingagenten.com\/sv\/wp-json\/wp\/v2\/product_brand?post=10629"},{"taxonomy":"product_cat","embeddable":true,"href":"https:\/\/stylingagenten.com\/sv\/wp-json\/wp\/v2\/product_cat?post=10629"},{"taxonomy":"product_tag","embeddable":true,"href":"https:\/\/stylingagenten.com\/sv\/wp-json\/wp\/v2\/product_tag?post=10629"},{"taxonomy":"berocket_brand","embeddable":true,"href":"https:\/\/stylingagenten.com\/sv\/wp-json\/wp\/v2\/berocket_brand?post=10629"}],"curies":[{"name":"wp","href":"https:\/\/api.w.org\/{rel}","templated":true}]}}