{"id":10619,"date":"2025-01-24T11:38:11","date_gmt":"2025-01-24T11:38:11","guid":{"rendered":"https:\/\/staging2.stylingagenten.com\/sv\/produkt\/lattafa-mayar-edp-100ml\/"},"modified":"2026-04-13T22:48:26","modified_gmt":"2026-04-13T22:48:26","slug":"lattafa-mayar-edp-100ml","status":"publish","type":"product","link":"https:\/\/stylingagenten.com\/sv\/produkt\/lattafa-mayar-edp-100ml\/","title":{"rendered":"Lattafa Mayar Edp 100ml"},"content":{"rendered":"<p>Lattafa Mayar \u00e4r en Eau de Parfum f\u00f6r kvinnor som snabbt blir till din nya passion och sv\u00e5r att ge upp. Den kommer att f\u00f6rtrolla dig redan fr\u00e5n f\u00f6rsta stund och \u00f6vertyga dig om att den definitivt f\u00f6rtj\u00e4nar sin plats p\u00e5 ditt toalettbord.<\/p>\n<p>Doftnoter: Litchi-blomma, Vita blommor, Vanilj, Mysk<\/p>\n<p>100ml<\/p>\n","protected":false},"excerpt":{"rendered":"<p>Lattafa Mayar \u00e4r en Eau de Parfum f\u00f6r kvinnor som snabbt blir till din nya passion och sv\u00e5r att ge upp. Den kommer att f\u00f6rtrolla dig redan fr\u00e5n f\u00f6rsta stund och \u00f6vertyga dig om att den definitivt f\u00f6rtj\u00e4nar sin plats p\u00e5 ditt toalettbord. Doftnoter: Litchi-blomma, Vita blommor, Vanilj, Mysk 100ml<\/p>\n","protected":false},"featured_media":10615,"comment_status":"open","ping_status":"closed","template":"","meta":{"_trash_the_other_posts":false},"product_brand":[],"product_cat":[706,735,999],"product_tag":[],"berocket_brand":[1414],"class_list":{"0":"post-10619","1":"product","2":"type-product","3":"status-publish","4":"has-post-thumbnail","6":"product_cat-eau-de-parfum-dam","7":"product_cat-kampanj","8":"product_cat-kampanj-for-henne","9":"pa_brand-lattafa","10":"berocket_brand-lattafa","12":"first","13":"instock","14":"sale","15":"taxable","16":"shipping-taxable","17":"purchasable","18":"product-type-simple"},"_links":{"self":[{"href":"https:\/\/stylingagenten.com\/sv\/wp-json\/wp\/v2\/product\/10619","targetHints":{"allow":["GET"]}}],"collection":[{"href":"https:\/\/stylingagenten.com\/sv\/wp-json\/wp\/v2\/product"}],"about":[{"href":"https:\/\/stylingagenten.com\/sv\/wp-json\/wp\/v2\/types\/product"}],"replies":[{"embeddable":true,"href":"https:\/\/stylingagenten.com\/sv\/wp-json\/wp\/v2\/comments?post=10619"}],"version-history":[{"count":0,"href":"https:\/\/stylingagenten.com\/sv\/wp-json\/wp\/v2\/product\/10619\/revisions"}],"wp:featuredmedia":[{"embeddable":true,"href":"https:\/\/stylingagenten.com\/sv\/wp-json\/wp\/v2\/media\/10615"}],"wp:attachment":[{"href":"https:\/\/stylingagenten.com\/sv\/wp-json\/wp\/v2\/media?parent=10619"}],"wp:term":[{"taxonomy":"product_brand","embeddable":true,"href":"https:\/\/stylingagenten.com\/sv\/wp-json\/wp\/v2\/product_brand?post=10619"},{"taxonomy":"product_cat","embeddable":true,"href":"https:\/\/stylingagenten.com\/sv\/wp-json\/wp\/v2\/product_cat?post=10619"},{"taxonomy":"product_tag","embeddable":true,"href":"https:\/\/stylingagenten.com\/sv\/wp-json\/wp\/v2\/product_tag?post=10619"},{"taxonomy":"berocket_brand","embeddable":true,"href":"https:\/\/stylingagenten.com\/sv\/wp-json\/wp\/v2\/berocket_brand?post=10619"}],"curies":[{"name":"wp","href":"https:\/\/api.w.org\/{rel}","templated":true}]}}