{"id":10611,"date":"2025-01-24T11:38:08","date_gmt":"2025-01-24T11:38:08","guid":{"rendered":"https:\/\/staging2.stylingagenten.com\/sv\/produkt\/lattafa-velvet-rose-edp-100ml\/"},"modified":"2026-04-03T18:28:24","modified_gmt":"2026-04-03T18:28:24","slug":"lattafa-velvet-rose-edp-100ml","status":"publish","type":"product","link":"https:\/\/stylingagenten.com\/sv\/produkt\/lattafa-velvet-rose-edp-100ml\/","title":{"rendered":"Lattafa Velvet Rose Edp 100ml"},"content":{"rendered":"<p>Unna dig en doft som f\u00e5r dig att k\u00e4nna dig str\u00e5lande var du \u00e4n \u00e4r. Lattafa VelvetRose \u00e4r en Eau de Parfum f\u00f6r kvinnor som symboliserar lyx och exklusivitet, och \u00e4ven de mest kr\u00e4sna blir mer \u00e4n n\u00f6jda med dess sofistikerade doftkomposition.<\/p>\n<p>Toppnoter: Patchouli, Ros<br \/>\n<br \/>Hj\u00e4rtnoter: Labdanum, Mysk<br \/>\n<br \/>Basnoter: B\u00e4rnsten, Mysk<\/p>\n<p>100ml<\/p>\n","protected":false},"excerpt":{"rendered":"<p>Unna dig en doft som f\u00e5r dig att k\u00e4nna dig str\u00e5lande var du \u00e4n \u00e4r. Lattafa VelvetRose \u00e4r en Eau de Parfum f\u00f6r kvinnor som symboliserar lyx och exklusivitet, och \u00e4ven de mest kr\u00e4sna blir mer \u00e4n n\u00f6jda med dess sofistikerade doftkomposition. Toppnoter: Patchouli, Ros Hj\u00e4rtnoter: Labdanum, Mysk Basnoter: B\u00e4rnsten, Mysk 100ml<\/p>\n","protected":false},"featured_media":10599,"comment_status":"open","ping_status":"closed","template":"","meta":{"_trash_the_other_posts":false},"product_brand":[],"product_cat":[706,735,999],"product_tag":[],"berocket_brand":[1414],"class_list":{"0":"post-10611","1":"product","2":"type-product","3":"status-publish","4":"has-post-thumbnail","6":"product_cat-eau-de-parfum-dam","7":"product_cat-kampanj","8":"product_cat-kampanj-for-henne","9":"pa_brand-lattafa","10":"berocket_brand-lattafa","12":"first","13":"instock","14":"sale","15":"taxable","16":"shipping-taxable","17":"purchasable","18":"product-type-simple"},"_links":{"self":[{"href":"https:\/\/stylingagenten.com\/sv\/wp-json\/wp\/v2\/product\/10611","targetHints":{"allow":["GET"]}}],"collection":[{"href":"https:\/\/stylingagenten.com\/sv\/wp-json\/wp\/v2\/product"}],"about":[{"href":"https:\/\/stylingagenten.com\/sv\/wp-json\/wp\/v2\/types\/product"}],"replies":[{"embeddable":true,"href":"https:\/\/stylingagenten.com\/sv\/wp-json\/wp\/v2\/comments?post=10611"}],"version-history":[{"count":0,"href":"https:\/\/stylingagenten.com\/sv\/wp-json\/wp\/v2\/product\/10611\/revisions"}],"wp:featuredmedia":[{"embeddable":true,"href":"https:\/\/stylingagenten.com\/sv\/wp-json\/wp\/v2\/media\/10599"}],"wp:attachment":[{"href":"https:\/\/stylingagenten.com\/sv\/wp-json\/wp\/v2\/media?parent=10611"}],"wp:term":[{"taxonomy":"product_brand","embeddable":true,"href":"https:\/\/stylingagenten.com\/sv\/wp-json\/wp\/v2\/product_brand?post=10611"},{"taxonomy":"product_cat","embeddable":true,"href":"https:\/\/stylingagenten.com\/sv\/wp-json\/wp\/v2\/product_cat?post=10611"},{"taxonomy":"product_tag","embeddable":true,"href":"https:\/\/stylingagenten.com\/sv\/wp-json\/wp\/v2\/product_tag?post=10611"},{"taxonomy":"berocket_brand","embeddable":true,"href":"https:\/\/stylingagenten.com\/sv\/wp-json\/wp\/v2\/berocket_brand?post=10611"}],"curies":[{"name":"wp","href":"https:\/\/api.w.org\/{rel}","templated":true}]}}