{"id":10608,"date":"2025-01-24T11:38:08","date_gmt":"2025-01-24T11:38:08","guid":{"rendered":"https:\/\/staging2.stylingagenten.com\/sv\/produkt\/lattafa-badee-al-oud-amethyst-edp-100ml\/"},"modified":"2026-04-13T13:38:38","modified_gmt":"2026-04-13T13:38:38","slug":"lattafa-badee-al-oud-amethyst-edp-100ml","status":"publish","type":"product","link":"https:\/\/stylingagenten.com\/sv\/produkt\/lattafa-badee-al-oud-amethyst-edp-100ml\/","title":{"rendered":"Lattafa Bade&#8217;e Al Oud Amethyst Edp 100ml"},"content":{"rendered":"<p>Linda in dig i en doft som sm\u00e4lter ihop med din kropp och blir till din nya signatur. Eau de parfum Lattafa Badee Al Oud Ametyst kommer du \u00e4lska redan fr\u00e5n f\u00f6rsta doften och den kommer aldrig att sluta \u00f6verraska dig.<\/p>\n<p>Toppnoter: Ros\u00e9peppar, Bergamott<br \/>\n<br \/>Hj\u00e4rtnoter: Damascenerrosor, Bulgarisk ros, Jasmin<br \/>\n<br \/>Basnoter: Agarwood r\u00f6k, B\u00e4rnsten, Vanilj<\/p>\n<p>100ml<\/p>\n","protected":false},"excerpt":{"rendered":"<p>Linda in dig i en doft som sm\u00e4lter ihop med din kropp och blir till din nya signatur. Eau de parfum Lattafa Badee Al Oud Ametyst kommer du \u00e4lska redan fr\u00e5n f\u00f6rsta doften och den kommer aldrig att sluta \u00f6verraska dig. Toppnoter: Ros\u00e9peppar, Bergamott Hj\u00e4rtnoter: Damascenerrosor, Bulgarisk ros, Jasmin Basnoter: Agarwood r\u00f6k, B\u00e4rnsten, Vanilj 100ml<\/p>\n","protected":false},"featured_media":10598,"comment_status":"open","ping_status":"closed","template":"","meta":{"_trash_the_other_posts":false},"product_brand":[],"product_cat":[706],"product_tag":[],"berocket_brand":[1414],"class_list":{"0":"post-10608","1":"product","2":"type-product","3":"status-publish","4":"has-post-thumbnail","6":"product_cat-eau-de-parfum-dam","7":"pa_brand-lattafa","8":"berocket_brand-lattafa","10":"first","11":"instock","12":"sale","13":"taxable","14":"shipping-taxable","15":"purchasable","16":"product-type-simple"},"_links":{"self":[{"href":"https:\/\/stylingagenten.com\/sv\/wp-json\/wp\/v2\/product\/10608","targetHints":{"allow":["GET"]}}],"collection":[{"href":"https:\/\/stylingagenten.com\/sv\/wp-json\/wp\/v2\/product"}],"about":[{"href":"https:\/\/stylingagenten.com\/sv\/wp-json\/wp\/v2\/types\/product"}],"replies":[{"embeddable":true,"href":"https:\/\/stylingagenten.com\/sv\/wp-json\/wp\/v2\/comments?post=10608"}],"version-history":[{"count":0,"href":"https:\/\/stylingagenten.com\/sv\/wp-json\/wp\/v2\/product\/10608\/revisions"}],"wp:featuredmedia":[{"embeddable":true,"href":"https:\/\/stylingagenten.com\/sv\/wp-json\/wp\/v2\/media\/10598"}],"wp:attachment":[{"href":"https:\/\/stylingagenten.com\/sv\/wp-json\/wp\/v2\/media?parent=10608"}],"wp:term":[{"taxonomy":"product_brand","embeddable":true,"href":"https:\/\/stylingagenten.com\/sv\/wp-json\/wp\/v2\/product_brand?post=10608"},{"taxonomy":"product_cat","embeddable":true,"href":"https:\/\/stylingagenten.com\/sv\/wp-json\/wp\/v2\/product_cat?post=10608"},{"taxonomy":"product_tag","embeddable":true,"href":"https:\/\/stylingagenten.com\/sv\/wp-json\/wp\/v2\/product_tag?post=10608"},{"taxonomy":"berocket_brand","embeddable":true,"href":"https:\/\/stylingagenten.com\/sv\/wp-json\/wp\/v2\/berocket_brand?post=10608"}],"curies":[{"name":"wp","href":"https:\/\/api.w.org\/{rel}","templated":true}]}}