{"id":10570,"date":"2025-01-24T11:38:01","date_gmt":"2025-01-24T11:38:01","guid":{"rendered":"https:\/\/staging2.stylingagenten.com\/sv\/produkt\/balmain-thermal-protection-spray-200ml\/"},"modified":"2026-03-11T22:03:41","modified_gmt":"2026-03-11T22:03:41","slug":"balmain-thermal-protection-spray-200ml","status":"publish","type":"product","link":"https:\/\/stylingagenten.com\/sv\/produkt\/balmain-thermal-protection-spray-200ml\/","title":{"rendered":"Balmain Thermal Protection Spray 200ml"},"content":{"rendered":"<div>Skydda ditt svall fr\u00e5n v\u00e4rme med Thermal Protection fr\u00e5n Balmain Hair Couture! H\u00f6ga temperaturer och regelbunden anv\u00e4ndning av v\u00e4rmeverktyg bidrar till snabbare slitage av h\u00e5ret, de \u00e4r d\u00e4rf\u00f6r viktigt att investera i bra v\u00e4rmeskydd f\u00f6r att f\u00f6rebygga slitet och skadat h\u00e5r.<\/p>\n<p>200 ml<\/p><\/div>\n","protected":false},"excerpt":{"rendered":"<p>Skydda ditt svall fr\u00e5n v\u00e4rme med Thermal Protection fr\u00e5n Balmain Hair Couture! H\u00f6ga temperaturer och regelbunden anv\u00e4ndning av v\u00e4rmeverktyg bidrar till snabbare slitage av h\u00e5ret, de \u00e4r d\u00e4rf\u00f6r viktigt att investera i bra v\u00e4rmeskydd f\u00f6r att f\u00f6rebygga slitet och skadat h\u00e5r. 200 ml<\/p>\n","protected":false},"featured_media":10565,"comment_status":"open","ping_status":"closed","template":"","meta":{"_trash_the_other_posts":false},"product_brand":[],"product_cat":[624],"product_tag":[],"berocket_brand":[1144],"class_list":{"0":"post-10570","1":"product","2":"type-product","3":"status-publish","4":"has-post-thumbnail","6":"product_cat-varmeskydd","7":"pa_brand-balmain","8":"berocket_brand-balmain","10":"first","11":"instock","12":"sale","13":"taxable","14":"shipping-taxable","15":"purchasable","16":"product-type-simple"},"_links":{"self":[{"href":"https:\/\/stylingagenten.com\/sv\/wp-json\/wp\/v2\/product\/10570","targetHints":{"allow":["GET"]}}],"collection":[{"href":"https:\/\/stylingagenten.com\/sv\/wp-json\/wp\/v2\/product"}],"about":[{"href":"https:\/\/stylingagenten.com\/sv\/wp-json\/wp\/v2\/types\/product"}],"replies":[{"embeddable":true,"href":"https:\/\/stylingagenten.com\/sv\/wp-json\/wp\/v2\/comments?post=10570"}],"version-history":[{"count":0,"href":"https:\/\/stylingagenten.com\/sv\/wp-json\/wp\/v2\/product\/10570\/revisions"}],"wp:featuredmedia":[{"embeddable":true,"href":"https:\/\/stylingagenten.com\/sv\/wp-json\/wp\/v2\/media\/10565"}],"wp:attachment":[{"href":"https:\/\/stylingagenten.com\/sv\/wp-json\/wp\/v2\/media?parent=10570"}],"wp:term":[{"taxonomy":"product_brand","embeddable":true,"href":"https:\/\/stylingagenten.com\/sv\/wp-json\/wp\/v2\/product_brand?post=10570"},{"taxonomy":"product_cat","embeddable":true,"href":"https:\/\/stylingagenten.com\/sv\/wp-json\/wp\/v2\/product_cat?post=10570"},{"taxonomy":"product_tag","embeddable":true,"href":"https:\/\/stylingagenten.com\/sv\/wp-json\/wp\/v2\/product_tag?post=10570"},{"taxonomy":"berocket_brand","embeddable":true,"href":"https:\/\/stylingagenten.com\/sv\/wp-json\/wp\/v2\/berocket_brand?post=10570"}],"curies":[{"name":"wp","href":"https:\/\/api.w.org\/{rel}","templated":true}]}}