{"id":10552,"date":"2025-01-24T11:37:58","date_gmt":"2025-01-24T11:37:58","guid":{"rendered":"https:\/\/staging2.stylingagenten.com\/sv\/produkt\/balmain-moisturizing-styling-cream-150ml\/"},"modified":"2026-03-11T22:03:32","modified_gmt":"2026-03-11T22:03:32","slug":"balmain-moisturizing-styling-cream-150ml","status":"publish","type":"product","link":"https:\/\/stylingagenten.com\/sv\/produkt\/balmain-moisturizing-styling-cream-150ml\/","title":{"rendered":"Balmain Moisturizing Styling Cream 150ml"},"content":{"rendered":"<p>Balmain Moisturizing Styling Cream \u00e4r en mjuk och l\u00e4tt kr\u00e4m som skyddar h\u00e5ret fr\u00e5n skador och ger en perfekt bas innan anv\u00e4ndning av ett stylingverktyg (v\u00e4rmeverktyg). Fylld med protein och Argan Elixir. G\u00f6r h\u00e5ret sl\u00e4tare och v\u00e4lv\u00e5rdat.<\/p>\n<p>G\u00f6r h\u00e5ret l\u00e4tt att kamma, mjukt och glansigt. Formulan \u00e4r utformad som en f\u00f6rbehandling innan styling med lockt\u00e5ng, platt\u00e5ng eller h\u00e5rf\u00f6n. Den v\u00e5rdande kr\u00e4men t\u00e4mjer friss och skyddar h\u00e5ret fr\u00e5n ytterligare skador. L\u00e4tt parfymerad med varum\u00e4rkets signaturdoft som ger h\u00e5ret en underbar doft.<\/p>\n<p>150ml<\/p>\n","protected":false},"excerpt":{"rendered":"<p>Balmain Moisturizing Styling Cream \u00e4r en mjuk och l\u00e4tt kr\u00e4m som skyddar h\u00e5ret fr\u00e5n skador och ger en perfekt bas innan anv\u00e4ndning av ett stylingverktyg (v\u00e4rmeverktyg). Fylld med protein och Argan Elixir. G\u00f6r h\u00e5ret sl\u00e4tare och v\u00e4lv\u00e5rdat. G\u00f6r h\u00e5ret l\u00e4tt att kamma, mjukt och glansigt. Formulan \u00e4r utformad som en f\u00f6rbehandling innan styling med lockt\u00e5ng, [&hellip;]<\/p>\n","protected":false},"featured_media":10545,"comment_status":"open","ping_status":"closed","template":"","meta":{"_trash_the_other_posts":false},"product_brand":[],"product_cat":[546],"product_tag":[],"berocket_brand":[1144],"class_list":{"0":"post-10552","1":"product","2":"type-product","3":"status-publish","4":"has-post-thumbnail","6":"product_cat-harstyling","7":"pa_brand-balmain","8":"berocket_brand-balmain","10":"first","11":"instock","12":"sale","13":"taxable","14":"shipping-taxable","15":"purchasable","16":"product-type-simple"},"_links":{"self":[{"href":"https:\/\/stylingagenten.com\/sv\/wp-json\/wp\/v2\/product\/10552","targetHints":{"allow":["GET"]}}],"collection":[{"href":"https:\/\/stylingagenten.com\/sv\/wp-json\/wp\/v2\/product"}],"about":[{"href":"https:\/\/stylingagenten.com\/sv\/wp-json\/wp\/v2\/types\/product"}],"replies":[{"embeddable":true,"href":"https:\/\/stylingagenten.com\/sv\/wp-json\/wp\/v2\/comments?post=10552"}],"version-history":[{"count":0,"href":"https:\/\/stylingagenten.com\/sv\/wp-json\/wp\/v2\/product\/10552\/revisions"}],"wp:featuredmedia":[{"embeddable":true,"href":"https:\/\/stylingagenten.com\/sv\/wp-json\/wp\/v2\/media\/10545"}],"wp:attachment":[{"href":"https:\/\/stylingagenten.com\/sv\/wp-json\/wp\/v2\/media?parent=10552"}],"wp:term":[{"taxonomy":"product_brand","embeddable":true,"href":"https:\/\/stylingagenten.com\/sv\/wp-json\/wp\/v2\/product_brand?post=10552"},{"taxonomy":"product_cat","embeddable":true,"href":"https:\/\/stylingagenten.com\/sv\/wp-json\/wp\/v2\/product_cat?post=10552"},{"taxonomy":"product_tag","embeddable":true,"href":"https:\/\/stylingagenten.com\/sv\/wp-json\/wp\/v2\/product_tag?post=10552"},{"taxonomy":"berocket_brand","embeddable":true,"href":"https:\/\/stylingagenten.com\/sv\/wp-json\/wp\/v2\/berocket_brand?post=10552"}],"curies":[{"name":"wp","href":"https:\/\/api.w.org\/{rel}","templated":true}]}}