{"id":10526,"date":"2025-01-24T11:37:54","date_gmt":"2025-01-24T11:37:54","guid":{"rendered":"https:\/\/staging2.stylingagenten.com\/sv\/produkt\/balmain-couleurs-couture-conditioner-300ml\/"},"modified":"2026-03-11T22:04:29","modified_gmt":"2026-03-11T22:04:29","slug":"balmain-couleurs-couture-conditioner-300ml","status":"publish","type":"product","link":"https:\/\/stylingagenten.com\/sv\/produkt\/balmain-couleurs-couture-conditioner-300ml\/","title":{"rendered":"Balmain Couleurs Couture Conditioner 300ml"},"content":{"rendered":"<p>Intensiv fuktighets givande balsam f\u00f6r f\u00e4rgade, skadadade och \u00f6verberabetade h\u00e5r. Ger n\u00e4ring och \u00e4r mjukt utredande, st\u00e4rker h\u00e5rstr\u00e5et inne fr\u00e5n och ut. Berikad med en unik blanding av argan elexir,kashmir proteiner Quinoa Seed- and Cocos Olja f\u00f6r att ge en betydande skillnad i glans, lyste,r v\u00e5rd och djupverkande n\u00e4ring samt ge styrka f\u00f6r h\u00e5rstr\u00e5et. Uv-skyddet f\u00f6rb\u00e4ttrar h\u00e5rf\u00e4rgens livsl\u00e4ngd.<\/p>\n<p>300ml<\/p>\n","protected":false},"excerpt":{"rendered":"<p>Intensiv fuktighets givande balsam f\u00f6r f\u00e4rgade, skadadade och \u00f6verberabetade h\u00e5r. Ger n\u00e4ring och \u00e4r mjukt utredande, st\u00e4rker h\u00e5rstr\u00e5et inne fr\u00e5n och ut. Berikad med en unik blanding av argan elexir,kashmir proteiner Quinoa Seed- and Cocos Olja f\u00f6r att ge en betydande skillnad i glans, lyste,r v\u00e5rd och djupverkande n\u00e4ring samt ge styrka f\u00f6r h\u00e5rstr\u00e5et. Uv-skyddet [&hellip;]<\/p>\n","protected":false},"featured_media":10517,"comment_status":"open","ping_status":"closed","template":"","meta":{"_trash_the_other_posts":false},"product_brand":[],"product_cat":[587],"product_tag":[],"berocket_brand":[1144],"class_list":{"0":"post-10526","1":"product","2":"type-product","3":"status-publish","4":"has-post-thumbnail","6":"product_cat-balsam","7":"pa_brand-balmain","8":"berocket_brand-balmain","10":"first","11":"instock","12":"sale","13":"taxable","14":"shipping-taxable","15":"purchasable","16":"product-type-simple"},"_links":{"self":[{"href":"https:\/\/stylingagenten.com\/sv\/wp-json\/wp\/v2\/product\/10526","targetHints":{"allow":["GET"]}}],"collection":[{"href":"https:\/\/stylingagenten.com\/sv\/wp-json\/wp\/v2\/product"}],"about":[{"href":"https:\/\/stylingagenten.com\/sv\/wp-json\/wp\/v2\/types\/product"}],"replies":[{"embeddable":true,"href":"https:\/\/stylingagenten.com\/sv\/wp-json\/wp\/v2\/comments?post=10526"}],"version-history":[{"count":0,"href":"https:\/\/stylingagenten.com\/sv\/wp-json\/wp\/v2\/product\/10526\/revisions"}],"wp:featuredmedia":[{"embeddable":true,"href":"https:\/\/stylingagenten.com\/sv\/wp-json\/wp\/v2\/media\/10517"}],"wp:attachment":[{"href":"https:\/\/stylingagenten.com\/sv\/wp-json\/wp\/v2\/media?parent=10526"}],"wp:term":[{"taxonomy":"product_brand","embeddable":true,"href":"https:\/\/stylingagenten.com\/sv\/wp-json\/wp\/v2\/product_brand?post=10526"},{"taxonomy":"product_cat","embeddable":true,"href":"https:\/\/stylingagenten.com\/sv\/wp-json\/wp\/v2\/product_cat?post=10526"},{"taxonomy":"product_tag","embeddable":true,"href":"https:\/\/stylingagenten.com\/sv\/wp-json\/wp\/v2\/product_tag?post=10526"},{"taxonomy":"berocket_brand","embeddable":true,"href":"https:\/\/stylingagenten.com\/sv\/wp-json\/wp\/v2\/berocket_brand?post=10526"}],"curies":[{"name":"wp","href":"https:\/\/api.w.org\/{rel}","templated":true}]}}