{"id":10487,"date":"2025-01-24T11:37:48","date_gmt":"2025-01-24T11:37:48","guid":{"rendered":"https:\/\/staging2.stylingagenten.com\/sv\/produkt\/balmain-dry-shampoo-75ml\/"},"modified":"2026-03-11T21:48:27","modified_gmt":"2026-03-11T21:48:27","slug":"balmain-dry-shampoo-75ml","status":"publish","type":"product","link":"https:\/\/stylingagenten.com\/sv\/produkt\/balmain-dry-shampoo-75ml\/","title":{"rendered":"Balmain Dry Shampoo 75ml"},"content":{"rendered":"<p>Omedelbart uppfriskande torrschampo-spray. Torrschampot absorberar oljor och \u00f6verfl\u00f6dig talg samtidigt som det lyfter r\u00f6tterna och ger volym. F\u00f6rl\u00e4nger h\u00e5llbarheten p\u00e5 frisyren och skapar matt textur och fylligt h\u00e5r.<\/p>\n<p>75ml<\/p>\n","protected":false},"excerpt":{"rendered":"<p>Omedelbart uppfriskande torrschampo-spray. Torrschampot absorberar oljor och \u00f6verfl\u00f6dig talg samtidigt som det lyfter r\u00f6tterna och ger volym. F\u00f6rl\u00e4nger h\u00e5llbarheten p\u00e5 frisyren och skapar matt textur och fylligt h\u00e5r. 75ml<\/p>\n","protected":false},"featured_media":10482,"comment_status":"open","ping_status":"closed","template":"","meta":{"_trash_the_other_posts":false},"product_brand":[],"product_cat":[575],"product_tag":[2455],"berocket_brand":[1144],"class_list":{"0":"post-10487","1":"product","2":"type-product","3":"status-publish","4":"has-post-thumbnail","6":"product_cat-torrschampo","7":"product_tag-balmain-dry-shampoo","8":"pa_brand-balmain","9":"pa_variant-75ml","10":"berocket_brand-balmain","12":"first","13":"instock","14":"sale","15":"taxable","16":"shipping-taxable","17":"purchasable","18":"product-type-simple"},"_links":{"self":[{"href":"https:\/\/stylingagenten.com\/sv\/wp-json\/wp\/v2\/product\/10487","targetHints":{"allow":["GET"]}}],"collection":[{"href":"https:\/\/stylingagenten.com\/sv\/wp-json\/wp\/v2\/product"}],"about":[{"href":"https:\/\/stylingagenten.com\/sv\/wp-json\/wp\/v2\/types\/product"}],"replies":[{"embeddable":true,"href":"https:\/\/stylingagenten.com\/sv\/wp-json\/wp\/v2\/comments?post=10487"}],"version-history":[{"count":0,"href":"https:\/\/stylingagenten.com\/sv\/wp-json\/wp\/v2\/product\/10487\/revisions"}],"wp:featuredmedia":[{"embeddable":true,"href":"https:\/\/stylingagenten.com\/sv\/wp-json\/wp\/v2\/media\/10482"}],"wp:attachment":[{"href":"https:\/\/stylingagenten.com\/sv\/wp-json\/wp\/v2\/media?parent=10487"}],"wp:term":[{"taxonomy":"product_brand","embeddable":true,"href":"https:\/\/stylingagenten.com\/sv\/wp-json\/wp\/v2\/product_brand?post=10487"},{"taxonomy":"product_cat","embeddable":true,"href":"https:\/\/stylingagenten.com\/sv\/wp-json\/wp\/v2\/product_cat?post=10487"},{"taxonomy":"product_tag","embeddable":true,"href":"https:\/\/stylingagenten.com\/sv\/wp-json\/wp\/v2\/product_tag?post=10487"},{"taxonomy":"berocket_brand","embeddable":true,"href":"https:\/\/stylingagenten.com\/sv\/wp-json\/wp\/v2\/berocket_brand?post=10487"}],"curies":[{"name":"wp","href":"https:\/\/api.w.org\/{rel}","templated":true}]}}