{"id":10469,"date":"2025-01-24T11:37:45","date_gmt":"2025-01-24T11:37:45","guid":{"rendered":"https:\/\/staging2.stylingagenten.com\/sv\/produkt\/balmain-moisturizing-conditioner-50ml\/"},"modified":"2026-03-11T21:45:14","modified_gmt":"2026-03-11T21:45:14","slug":"balmain-moisturizing-conditioner-50ml","status":"publish","type":"product","link":"https:\/\/stylingagenten.com\/sv\/produkt\/balmain-moisturizing-conditioner-50ml\/","title":{"rendered":"Balmain Moisturizing Conditioner 50ml"},"content":{"rendered":"<p>Ett fuktighetsgivande balsam berikat med ren ekologisk arganolja. Balsamet reparerar, st\u00e4rker och bevarar f\u00e4rgat h\u00e5r samt skyddar h\u00e5ret mot v\u00e4rme och UV-str\u00e5lar.<br \/>\n<br \/>Reparerar, st\u00e4rker och skyddar h\u00e5ret, skyddar h\u00e5rf\u00e4rg mot v\u00e4rme samt har UV-skyddsfilter<\/p>\n<p>50ml<\/p>\n","protected":false},"excerpt":{"rendered":"<p>Ett fuktighetsgivande balsam berikat med ren ekologisk arganolja. Balsamet reparerar, st\u00e4rker och bevarar f\u00e4rgat h\u00e5r samt skyddar h\u00e5ret mot v\u00e4rme och UV-str\u00e5lar. Reparerar, st\u00e4rker och skyddar h\u00e5ret, skyddar h\u00e5rf\u00e4rg mot v\u00e4rme samt har UV-skyddsfilter 50ml<\/p>\n","protected":false},"featured_media":10460,"comment_status":"open","ping_status":"closed","template":"","meta":{"_trash_the_other_posts":false},"product_brand":[],"product_cat":[587],"product_tag":[2458],"berocket_brand":[1144],"class_list":{"0":"post-10469","1":"product","2":"type-product","3":"status-publish","4":"has-post-thumbnail","6":"product_cat-balsam","7":"product_tag-balmain-moisturizing-conditioner","8":"pa_brand-balmain","9":"pa_variant-50ml","10":"berocket_brand-balmain","12":"first","13":"instock","14":"sale","15":"taxable","16":"shipping-taxable","17":"purchasable","18":"product-type-simple"},"_links":{"self":[{"href":"https:\/\/stylingagenten.com\/sv\/wp-json\/wp\/v2\/product\/10469","targetHints":{"allow":["GET"]}}],"collection":[{"href":"https:\/\/stylingagenten.com\/sv\/wp-json\/wp\/v2\/product"}],"about":[{"href":"https:\/\/stylingagenten.com\/sv\/wp-json\/wp\/v2\/types\/product"}],"replies":[{"embeddable":true,"href":"https:\/\/stylingagenten.com\/sv\/wp-json\/wp\/v2\/comments?post=10469"}],"version-history":[{"count":0,"href":"https:\/\/stylingagenten.com\/sv\/wp-json\/wp\/v2\/product\/10469\/revisions"}],"wp:featuredmedia":[{"embeddable":true,"href":"https:\/\/stylingagenten.com\/sv\/wp-json\/wp\/v2\/media\/10460"}],"wp:attachment":[{"href":"https:\/\/stylingagenten.com\/sv\/wp-json\/wp\/v2\/media?parent=10469"}],"wp:term":[{"taxonomy":"product_brand","embeddable":true,"href":"https:\/\/stylingagenten.com\/sv\/wp-json\/wp\/v2\/product_brand?post=10469"},{"taxonomy":"product_cat","embeddable":true,"href":"https:\/\/stylingagenten.com\/sv\/wp-json\/wp\/v2\/product_cat?post=10469"},{"taxonomy":"product_tag","embeddable":true,"href":"https:\/\/stylingagenten.com\/sv\/wp-json\/wp\/v2\/product_tag?post=10469"},{"taxonomy":"berocket_brand","embeddable":true,"href":"https:\/\/stylingagenten.com\/sv\/wp-json\/wp\/v2\/berocket_brand?post=10469"}],"curies":[{"name":"wp","href":"https:\/\/api.w.org\/{rel}","templated":true}]}}