{"id":10467,"date":"2025-01-24T11:37:45","date_gmt":"2025-01-24T11:37:45","guid":{"rendered":"https:\/\/staging2.stylingagenten.com\/sv\/produkt\/balmain-moisturizing-shampoo-50ml\/"},"modified":"2026-03-11T21:45:09","modified_gmt":"2026-03-11T21:45:09","slug":"balmain-moisturizing-shampoo-50ml","status":"publish","type":"product","link":"https:\/\/stylingagenten.com\/sv\/produkt\/balmain-moisturizing-shampoo-50ml\/","title":{"rendered":"Balmain Moisturizing Shampoo 50ml"},"content":{"rendered":"<p>Fuktighetsgivande schampo med mycket n\u00e4ring, berikad med en ren ekologisk arganolja. L\u00e4mplig f\u00f6r behandlade och\/eller f\u00e4rgat h\u00e5r. Ger ett starkt, glansigt och l\u00e4tthanterligt h\u00e5r. N\u00e4ringsberikande, f\u00f6ryngrar och tar fram en naturlig glans och ungdomlig elasticitet.<\/p>\n<p>50 ml<\/p>\n","protected":false},"excerpt":{"rendered":"<p>Fuktighetsgivande schampo med mycket n\u00e4ring, berikad med en ren ekologisk arganolja. L\u00e4mplig f\u00f6r behandlade och\/eller f\u00e4rgat h\u00e5r. Ger ett starkt, glansigt och l\u00e4tthanterligt h\u00e5r. N\u00e4ringsberikande, f\u00f6ryngrar och tar fram en naturlig glans och ungdomlig elasticitet. 50 ml<\/p>\n","protected":false},"featured_media":10463,"comment_status":"open","ping_status":"closed","template":"","meta":{"_trash_the_other_posts":false},"product_brand":[],"product_cat":[563],"product_tag":[2459],"berocket_brand":[1144],"class_list":{"0":"post-10467","1":"product","2":"type-product","3":"status-publish","4":"has-post-thumbnail","6":"product_cat-schampo","7":"product_tag-balmain-moisturizing-shampoo","8":"pa_brand-balmain","9":"pa_variant-50ml","10":"berocket_brand-balmain","12":"first","13":"instock","14":"sale","15":"taxable","16":"shipping-taxable","17":"purchasable","18":"product-type-simple"},"_links":{"self":[{"href":"https:\/\/stylingagenten.com\/sv\/wp-json\/wp\/v2\/product\/10467","targetHints":{"allow":["GET"]}}],"collection":[{"href":"https:\/\/stylingagenten.com\/sv\/wp-json\/wp\/v2\/product"}],"about":[{"href":"https:\/\/stylingagenten.com\/sv\/wp-json\/wp\/v2\/types\/product"}],"replies":[{"embeddable":true,"href":"https:\/\/stylingagenten.com\/sv\/wp-json\/wp\/v2\/comments?post=10467"}],"version-history":[{"count":0,"href":"https:\/\/stylingagenten.com\/sv\/wp-json\/wp\/v2\/product\/10467\/revisions"}],"wp:featuredmedia":[{"embeddable":true,"href":"https:\/\/stylingagenten.com\/sv\/wp-json\/wp\/v2\/media\/10463"}],"wp:attachment":[{"href":"https:\/\/stylingagenten.com\/sv\/wp-json\/wp\/v2\/media?parent=10467"}],"wp:term":[{"taxonomy":"product_brand","embeddable":true,"href":"https:\/\/stylingagenten.com\/sv\/wp-json\/wp\/v2\/product_brand?post=10467"},{"taxonomy":"product_cat","embeddable":true,"href":"https:\/\/stylingagenten.com\/sv\/wp-json\/wp\/v2\/product_cat?post=10467"},{"taxonomy":"product_tag","embeddable":true,"href":"https:\/\/stylingagenten.com\/sv\/wp-json\/wp\/v2\/product_tag?post=10467"},{"taxonomy":"berocket_brand","embeddable":true,"href":"https:\/\/stylingagenten.com\/sv\/wp-json\/wp\/v2\/berocket_brand?post=10467"}],"curies":[{"name":"wp","href":"https:\/\/api.w.org\/{rel}","templated":true}]}}