{"id":10462,"date":"2025-01-24T11:37:45","date_gmt":"2025-01-24T11:37:45","guid":{"rendered":"https:\/\/staging2.stylingagenten.com\/sv\/produkt\/acqua-di-parma-blu-mediterraneo-bergamotto-di-calabria-edt-100ml\/"},"modified":"2026-04-13T07:08:53","modified_gmt":"2026-04-13T07:08:53","slug":"acqua-di-parma-blu-mediterraneo-bergamotto-di-calabria-edt-100ml","status":"publish","type":"product","link":"https:\/\/stylingagenten.com\/sv\/produkt\/acqua-di-parma-blu-mediterraneo-bergamotto-di-calabria-edt-100ml\/","title":{"rendered":"Acqua di Parma Blu Mediterraneo Bergamotto di Calabria Edt 100ml"},"content":{"rendered":"<p>Acqua di Parma Blu Mediterraneo Bergamotto di Calabria Edt \u00f6ppnar med rogivande noter av autentisk kalabrisk bergamott som f\u00f6rst\u00e4rks av den fr\u00e4scha citrondoften. Accenter av frukt och blommor g\u00f6r sig g\u00e4llande i hj\u00e4rtat tillsammans med galanga och cedertr\u00e4 och avslutas med en innovativ bas av vetiver, benzoin och mysk.<\/p>\n<p>100ml<\/p>\n","protected":false},"excerpt":{"rendered":"<p>Acqua di Parma Blu Mediterraneo Bergamotto di Calabria Edt \u00f6ppnar med rogivande noter av autentisk kalabrisk bergamott som f\u00f6rst\u00e4rks av den fr\u00e4scha citrondoften. Accenter av frukt och blommor g\u00f6r sig g\u00e4llande i hj\u00e4rtat tillsammans med galanga och cedertr\u00e4 och avslutas med en innovativ bas av vetiver, benzoin och mysk. 100ml<\/p>\n","protected":false},"featured_media":10450,"comment_status":"open","ping_status":"closed","template":"","meta":{"_trash_the_other_posts":false},"product_brand":[],"product_cat":[709],"product_tag":[2322],"berocket_brand":[1161],"class_list":{"0":"post-10462","1":"product","2":"type-product","3":"status-publish","4":"has-post-thumbnail","6":"product_cat-eau-de-toilette-herr","7":"product_tag-acqua-di-parma-blu-mediterraneo-bergamotto-di-calabria-edt","8":"pa_brand-acqua-di-parma","9":"pa_variant-100ml","10":"berocket_brand-acqua-di-parma","12":"first","13":"instock","14":"sale","15":"taxable","16":"shipping-taxable","17":"purchasable","18":"product-type-simple"},"_links":{"self":[{"href":"https:\/\/stylingagenten.com\/sv\/wp-json\/wp\/v2\/product\/10462","targetHints":{"allow":["GET"]}}],"collection":[{"href":"https:\/\/stylingagenten.com\/sv\/wp-json\/wp\/v2\/product"}],"about":[{"href":"https:\/\/stylingagenten.com\/sv\/wp-json\/wp\/v2\/types\/product"}],"replies":[{"embeddable":true,"href":"https:\/\/stylingagenten.com\/sv\/wp-json\/wp\/v2\/comments?post=10462"}],"version-history":[{"count":0,"href":"https:\/\/stylingagenten.com\/sv\/wp-json\/wp\/v2\/product\/10462\/revisions"}],"wp:featuredmedia":[{"embeddable":true,"href":"https:\/\/stylingagenten.com\/sv\/wp-json\/wp\/v2\/media\/10450"}],"wp:attachment":[{"href":"https:\/\/stylingagenten.com\/sv\/wp-json\/wp\/v2\/media?parent=10462"}],"wp:term":[{"taxonomy":"product_brand","embeddable":true,"href":"https:\/\/stylingagenten.com\/sv\/wp-json\/wp\/v2\/product_brand?post=10462"},{"taxonomy":"product_cat","embeddable":true,"href":"https:\/\/stylingagenten.com\/sv\/wp-json\/wp\/v2\/product_cat?post=10462"},{"taxonomy":"product_tag","embeddable":true,"href":"https:\/\/stylingagenten.com\/sv\/wp-json\/wp\/v2\/product_tag?post=10462"},{"taxonomy":"berocket_brand","embeddable":true,"href":"https:\/\/stylingagenten.com\/sv\/wp-json\/wp\/v2\/berocket_brand?post=10462"}],"curies":[{"name":"wp","href":"https:\/\/api.w.org\/{rel}","templated":true}]}}