{"id":10443,"date":"2025-01-24T11:37:40","date_gmt":"2025-01-24T11:37:40","guid":{"rendered":"https:\/\/staging2.stylingagenten.com\/sv\/produkt\/acqua-di-parma-blu-mediterraneo-arancia-di-capri-edt-100ml\/"},"modified":"2026-03-30T13:35:23","modified_gmt":"2026-03-30T13:35:23","slug":"acqua-di-parma-blu-mediterraneo-arancia-di-capri-edt-100ml","status":"publish","type":"product","link":"https:\/\/stylingagenten.com\/sv\/produkt\/acqua-di-parma-blu-mediterraneo-arancia-di-capri-edt-100ml\/","title":{"rendered":"Acqua di Parma Blu Mediterraneo Arancia di Capri Edt 100ml"},"content":{"rendered":"<p>Acqua di Parma Blu Mediterraneo Arancia di Capri Edt \u00e4r en avkopplande, str\u00e5lande och klar doft som v\u00e4ckts till liv genom en kombination av eteriska oljor av apelsin, mandarin och citron. Pomeransessens blandad med den intensiva aromen av kardemumma ger en uppfriskande hj\u00e4rtdoft som avslutas med en omslutande bas med en l\u00e4tt touch av karamell och sensuella noter av mysk.<\/p>\n<p>100ml<\/p>\n","protected":false},"excerpt":{"rendered":"<p>Acqua di Parma Blu Mediterraneo Arancia di Capri Edt \u00e4r en avkopplande, str\u00e5lande och klar doft som v\u00e4ckts till liv genom en kombination av eteriska oljor av apelsin, mandarin och citron. Pomeransessens blandad med den intensiva aromen av kardemumma ger en uppfriskande hj\u00e4rtdoft som avslutas med en omslutande bas med en l\u00e4tt touch av karamell [&hellip;]<\/p>\n","protected":false},"featured_media":10426,"comment_status":"open","ping_status":"closed","template":"","meta":{"_trash_the_other_posts":false},"product_brand":[],"product_cat":[709],"product_tag":[2321],"berocket_brand":[1161],"class_list":{"0":"post-10443","1":"product","2":"type-product","3":"status-publish","4":"has-post-thumbnail","6":"product_cat-eau-de-toilette-herr","7":"product_tag-acqua-di-parma-blu-mediterraneo-arancia-di-capri-edt","8":"pa_brand-acqua-di-parma","9":"pa_variant-100ml","10":"berocket_brand-acqua-di-parma","12":"first","13":"instock","14":"sale","15":"taxable","16":"shipping-taxable","17":"purchasable","18":"product-type-simple"},"_links":{"self":[{"href":"https:\/\/stylingagenten.com\/sv\/wp-json\/wp\/v2\/product\/10443","targetHints":{"allow":["GET"]}}],"collection":[{"href":"https:\/\/stylingagenten.com\/sv\/wp-json\/wp\/v2\/product"}],"about":[{"href":"https:\/\/stylingagenten.com\/sv\/wp-json\/wp\/v2\/types\/product"}],"replies":[{"embeddable":true,"href":"https:\/\/stylingagenten.com\/sv\/wp-json\/wp\/v2\/comments?post=10443"}],"version-history":[{"count":0,"href":"https:\/\/stylingagenten.com\/sv\/wp-json\/wp\/v2\/product\/10443\/revisions"}],"wp:featuredmedia":[{"embeddable":true,"href":"https:\/\/stylingagenten.com\/sv\/wp-json\/wp\/v2\/media\/10426"}],"wp:attachment":[{"href":"https:\/\/stylingagenten.com\/sv\/wp-json\/wp\/v2\/media?parent=10443"}],"wp:term":[{"taxonomy":"product_brand","embeddable":true,"href":"https:\/\/stylingagenten.com\/sv\/wp-json\/wp\/v2\/product_brand?post=10443"},{"taxonomy":"product_cat","embeddable":true,"href":"https:\/\/stylingagenten.com\/sv\/wp-json\/wp\/v2\/product_cat?post=10443"},{"taxonomy":"product_tag","embeddable":true,"href":"https:\/\/stylingagenten.com\/sv\/wp-json\/wp\/v2\/product_tag?post=10443"},{"taxonomy":"berocket_brand","embeddable":true,"href":"https:\/\/stylingagenten.com\/sv\/wp-json\/wp\/v2\/berocket_brand?post=10443"}],"curies":[{"name":"wp","href":"https:\/\/api.w.org\/{rel}","templated":true}]}}