{"id":10434,"date":"2025-01-24T11:37:40","date_gmt":"2025-01-24T11:37:40","guid":{"rendered":"https:\/\/staging2.stylingagenten.com\/sv\/produkt\/acqua-di-parma-blu-mediterraneo-mandorlo-di-sicilia-edt-100ml\/"},"modified":"2026-03-30T13:35:34","modified_gmt":"2026-03-30T13:35:34","slug":"acqua-di-parma-blu-mediterraneo-mandorlo-di-sicilia-edt-100ml","status":"publish","type":"product","link":"https:\/\/stylingagenten.com\/sv\/produkt\/acqua-di-parma-blu-mediterraneo-mandorlo-di-sicilia-edt-100ml\/","title":{"rendered":"Acqua di Parma Blu Mediterraneo Mandorlo di Sicilia Edt 100ml"},"content":{"rendered":"<p>Acqua di Parma Blu Mediterraneo Mandorlo di Sicilia Edt \u00e4r en fint balanserad doft. Fr\u00e4sch\u00f6ren fr\u00e5n stj\u00e4rnanis, bergamott och apelsin fl\u00e4tas samman med de mjukt f\u00e4ngslande noterna av gr\u00f6n medelhavsmandel och ylang-ylang. Doften avslutas med varma noter av cedertr\u00e4, vanilj, tolubalsam och vit mysk.<\/p>\n<p>100ml<\/p>\n","protected":false},"excerpt":{"rendered":"<p>Acqua di Parma Blu Mediterraneo Mandorlo di Sicilia Edt \u00e4r en fint balanserad doft. Fr\u00e4sch\u00f6ren fr\u00e5n stj\u00e4rnanis, bergamott och apelsin fl\u00e4tas samman med de mjukt f\u00e4ngslande noterna av gr\u00f6n medelhavsmandel och ylang-ylang. Doften avslutas med varma noter av cedertr\u00e4, vanilj, tolubalsam och vit mysk. 100ml<\/p>\n","protected":false},"featured_media":10420,"comment_status":"open","ping_status":"closed","template":"","meta":{"_trash_the_other_posts":false},"product_brand":[],"product_cat":[709],"product_tag":[2327],"berocket_brand":[1161],"class_list":{"0":"post-10434","1":"product","2":"type-product","3":"status-publish","4":"has-post-thumbnail","6":"product_cat-eau-de-toilette-herr","7":"product_tag-acqua-di-parma-blu-mediterraneo-mandorlo-di-sicilia-edt","8":"pa_brand-acqua-di-parma","9":"pa_variant-100ml","10":"berocket_brand-acqua-di-parma","12":"first","13":"instock","14":"sale","15":"taxable","16":"shipping-taxable","17":"purchasable","18":"product-type-simple"},"_links":{"self":[{"href":"https:\/\/stylingagenten.com\/sv\/wp-json\/wp\/v2\/product\/10434","targetHints":{"allow":["GET"]}}],"collection":[{"href":"https:\/\/stylingagenten.com\/sv\/wp-json\/wp\/v2\/product"}],"about":[{"href":"https:\/\/stylingagenten.com\/sv\/wp-json\/wp\/v2\/types\/product"}],"replies":[{"embeddable":true,"href":"https:\/\/stylingagenten.com\/sv\/wp-json\/wp\/v2\/comments?post=10434"}],"version-history":[{"count":0,"href":"https:\/\/stylingagenten.com\/sv\/wp-json\/wp\/v2\/product\/10434\/revisions"}],"wp:featuredmedia":[{"embeddable":true,"href":"https:\/\/stylingagenten.com\/sv\/wp-json\/wp\/v2\/media\/10420"}],"wp:attachment":[{"href":"https:\/\/stylingagenten.com\/sv\/wp-json\/wp\/v2\/media?parent=10434"}],"wp:term":[{"taxonomy":"product_brand","embeddable":true,"href":"https:\/\/stylingagenten.com\/sv\/wp-json\/wp\/v2\/product_brand?post=10434"},{"taxonomy":"product_cat","embeddable":true,"href":"https:\/\/stylingagenten.com\/sv\/wp-json\/wp\/v2\/product_cat?post=10434"},{"taxonomy":"product_tag","embeddable":true,"href":"https:\/\/stylingagenten.com\/sv\/wp-json\/wp\/v2\/product_tag?post=10434"},{"taxonomy":"berocket_brand","embeddable":true,"href":"https:\/\/stylingagenten.com\/sv\/wp-json\/wp\/v2\/berocket_brand?post=10434"}],"curies":[{"name":"wp","href":"https:\/\/api.w.org\/{rel}","templated":true}]}}