{"id":10431,"date":"2025-01-24T11:37:39","date_gmt":"2025-01-24T11:37:39","guid":{"rendered":"https:\/\/staging2.stylingagenten.com\/sv\/produkt\/acqua-di-parma-blu-mediterraneo-mandarino-di-sicilia-edt-100ml\/"},"modified":"2026-03-11T22:07:18","modified_gmt":"2026-03-11T22:07:18","slug":"acqua-di-parma-blu-mediterraneo-mandarino-di-sicilia-edt-100ml","status":"publish","type":"product","link":"https:\/\/stylingagenten.com\/sv\/produkt\/acqua-di-parma-blu-mediterraneo-mandarino-di-sicilia-edt-100ml\/","title":{"rendered":"Acqua di Parma Blu Mediterraneo Mandarino di Sicilia Edt 100ml"},"content":{"rendered":"<p>Acqua di Parma Blu Mediterraneo Mandarino di Sicilia Edt \u00e4r en doft inspirerad av Siciliens soldr\u00e4nkta landskap, d\u00e4r arkitektur och kultur sm\u00e4lter samman med naturens prakt och kapslar in den italienska Arte di Vivere som ett sinnestillst\u00e5nd. Doften blandar fr\u00e4scha, gr\u00f6na toner av mandarin med ett hj\u00e4rta av italiensk citrus, vilket skapar en livlig och uppfriskande k\u00e4nsla.<\/p>\n<p>100ml<\/p>\n","protected":false},"excerpt":{"rendered":"<p>Acqua di Parma Blu Mediterraneo Mandarino di Sicilia Edt \u00e4r en doft inspirerad av Siciliens soldr\u00e4nkta landskap, d\u00e4r arkitektur och kultur sm\u00e4lter samman med naturens prakt och kapslar in den italienska Arte di Vivere som ett sinnestillst\u00e5nd. Doften blandar fr\u00e4scha, gr\u00f6na toner av mandarin med ett hj\u00e4rta av italiensk citrus, vilket skapar en livlig och [&hellip;]<\/p>\n","protected":false},"featured_media":10417,"comment_status":"open","ping_status":"closed","template":"","meta":{"_trash_the_other_posts":false},"product_brand":[],"product_cat":[709,735,1000],"product_tag":[2326],"berocket_brand":[1161],"class_list":{"0":"post-10431","1":"product","2":"type-product","3":"status-publish","4":"has-post-thumbnail","6":"product_cat-eau-de-toilette-herr","7":"product_cat-kampanj","8":"product_cat-kampanj-for-honom","9":"product_tag-acqua-di-parma-blu-mediterraneo-mandarino-di-sicilia-edt","10":"pa_brand-acqua-di-parma","11":"pa_variant-100ml","12":"berocket_brand-acqua-di-parma","14":"first","15":"instock","16":"sale","17":"taxable","18":"shipping-taxable","19":"purchasable","20":"product-type-simple"},"_links":{"self":[{"href":"https:\/\/stylingagenten.com\/sv\/wp-json\/wp\/v2\/product\/10431","targetHints":{"allow":["GET"]}}],"collection":[{"href":"https:\/\/stylingagenten.com\/sv\/wp-json\/wp\/v2\/product"}],"about":[{"href":"https:\/\/stylingagenten.com\/sv\/wp-json\/wp\/v2\/types\/product"}],"replies":[{"embeddable":true,"href":"https:\/\/stylingagenten.com\/sv\/wp-json\/wp\/v2\/comments?post=10431"}],"version-history":[{"count":0,"href":"https:\/\/stylingagenten.com\/sv\/wp-json\/wp\/v2\/product\/10431\/revisions"}],"wp:featuredmedia":[{"embeddable":true,"href":"https:\/\/stylingagenten.com\/sv\/wp-json\/wp\/v2\/media\/10417"}],"wp:attachment":[{"href":"https:\/\/stylingagenten.com\/sv\/wp-json\/wp\/v2\/media?parent=10431"}],"wp:term":[{"taxonomy":"product_brand","embeddable":true,"href":"https:\/\/stylingagenten.com\/sv\/wp-json\/wp\/v2\/product_brand?post=10431"},{"taxonomy":"product_cat","embeddable":true,"href":"https:\/\/stylingagenten.com\/sv\/wp-json\/wp\/v2\/product_cat?post=10431"},{"taxonomy":"product_tag","embeddable":true,"href":"https:\/\/stylingagenten.com\/sv\/wp-json\/wp\/v2\/product_tag?post=10431"},{"taxonomy":"berocket_brand","embeddable":true,"href":"https:\/\/stylingagenten.com\/sv\/wp-json\/wp\/v2\/berocket_brand?post=10431"}],"curies":[{"name":"wp","href":"https:\/\/api.w.org\/{rel}","templated":true}]}}