{"id":10358,"date":"2025-01-24T11:37:30","date_gmt":"2025-01-24T11:37:30","guid":{"rendered":"https:\/\/staging2.stylingagenten.com\/sv\/produkt\/skin1004-madagascar-centella-soothing-cream-75ml\/"},"modified":"2025-12-01T08:43:06","modified_gmt":"2025-12-01T08:43:06","slug":"skin1004-madagascar-centella-soothing-cream-75ml","status":"publish","type":"product","link":"https:\/\/stylingagenten.com\/sv\/produkt\/skin1004-madagascar-centella-soothing-cream-75ml\/","title":{"rendered":"SKIN1004 Madagascar Centella Soothing Cream 75ml"},"content":{"rendered":"<p>SKIN1004 Madagascar Centella Soothing Cream \u00e4r en arri\u00e4rkr\u00e4m med lugnande formel f\u00f6r k\u00e4nslig hud. Inneh\u00e5ller 3 viktiga komponenter f\u00f6r sund hud; ceramid, kolesterol och fettsyror. Inneh\u00e5ller 72 % h\u00f6grenat Centella asiatica fr\u00e5n Madagaskar. Icke-klibbig och l\u00e4tt fuktgivande gelstruktur som sprids smidigt p\u00e5 huden.<\/p>\n<p>75ml<\/p>\n","protected":false},"excerpt":{"rendered":"<p>SKIN1004 Madagascar Centella Soothing Cream \u00e4r en arri\u00e4rkr\u00e4m med lugnande formel f\u00f6r k\u00e4nslig hud. Inneh\u00e5ller 3 viktiga komponenter f\u00f6r sund hud; ceramid, kolesterol och fettsyror. Inneh\u00e5ller 72 % h\u00f6grenat Centella asiatica fr\u00e5n Madagaskar. Icke-klibbig och l\u00e4tt fuktgivande gelstruktur som sprids smidigt p\u00e5 huden. 75ml<\/p>\n","protected":false},"featured_media":10343,"comment_status":"open","ping_status":"closed","template":"","meta":{"_trash_the_other_posts":false},"product_brand":[],"product_cat":[559],"product_tag":[],"berocket_brand":[1422],"class_list":{"0":"post-10358","1":"product","2":"type-product","3":"status-publish","4":"has-post-thumbnail","6":"product_cat-ansiktskram","7":"pa_brand-skin1005","8":"berocket_brand-skin1004","10":"first","11":"instock","12":"sale","13":"taxable","14":"shipping-taxable","15":"purchasable","16":"product-type-simple"},"_links":{"self":[{"href":"https:\/\/stylingagenten.com\/sv\/wp-json\/wp\/v2\/product\/10358","targetHints":{"allow":["GET"]}}],"collection":[{"href":"https:\/\/stylingagenten.com\/sv\/wp-json\/wp\/v2\/product"}],"about":[{"href":"https:\/\/stylingagenten.com\/sv\/wp-json\/wp\/v2\/types\/product"}],"replies":[{"embeddable":true,"href":"https:\/\/stylingagenten.com\/sv\/wp-json\/wp\/v2\/comments?post=10358"}],"version-history":[{"count":0,"href":"https:\/\/stylingagenten.com\/sv\/wp-json\/wp\/v2\/product\/10358\/revisions"}],"wp:featuredmedia":[{"embeddable":true,"href":"https:\/\/stylingagenten.com\/sv\/wp-json\/wp\/v2\/media\/10343"}],"wp:attachment":[{"href":"https:\/\/stylingagenten.com\/sv\/wp-json\/wp\/v2\/media?parent=10358"}],"wp:term":[{"taxonomy":"product_brand","embeddable":true,"href":"https:\/\/stylingagenten.com\/sv\/wp-json\/wp\/v2\/product_brand?post=10358"},{"taxonomy":"product_cat","embeddable":true,"href":"https:\/\/stylingagenten.com\/sv\/wp-json\/wp\/v2\/product_cat?post=10358"},{"taxonomy":"product_tag","embeddable":true,"href":"https:\/\/stylingagenten.com\/sv\/wp-json\/wp\/v2\/product_tag?post=10358"},{"taxonomy":"berocket_brand","embeddable":true,"href":"https:\/\/stylingagenten.com\/sv\/wp-json\/wp\/v2\/berocket_brand?post=10358"}],"curies":[{"name":"wp","href":"https:\/\/api.w.org\/{rel}","templated":true}]}}