{"id":10339,"date":"2025-01-24T11:37:28","date_gmt":"2025-01-24T11:37:28","guid":{"rendered":"https:\/\/staging2.stylingagenten.com\/sv\/produkt\/loreal-professionnel-serie-expert-pro-longer-10-in-1-cream-150ml\/"},"modified":"2026-04-14T10:38:54","modified_gmt":"2026-04-14T10:38:54","slug":"loreal-professionnel-serie-expert-pro-longer-10-in-1-cream-150ml","status":"publish","type":"product","link":"https:\/\/stylingagenten.com\/sv\/produkt\/loreal-professionnel-serie-expert-pro-longer-10-in-1-cream-150ml\/","title":{"rendered":"L&#8217;Oreal Professionnel Serie Expert Pro Longer 10-in-1 Cream 150ml"},"content":{"rendered":"<p>L&#8217;Oreal Professionnel Serie Expert Pro Longer 10-in-1 Cream \u00e4r en l\u00e4ngdf\u00f6rnyande creme f\u00f6r l\u00e4ngder och toppar, med patenterad Filler-A100-teknologi och aminosyra. Passar f\u00f6r l\u00e5ngt h\u00e5r som lider av tunna toppar. Cremen ger skydd mot frissighet. Den hj\u00e4lper till att f\u00f6rnya h\u00e5rfibern omedelbart och beskyddar h\u00e5ret mot v\u00e4rme upp till 230\u00b0C*. Den professionella formulanen g\u00f6r att h\u00e5rfibern blir st\u00e4rkt med mindre skador, fr\u00e5n rot till topp. *Instrumentellt test.<\/p>\n<p>150ml<\/p>\n","protected":false},"excerpt":{"rendered":"<p>L&#8217;Oreal Professionnel Serie Expert Pro Longer 10-in-1 Cream \u00e4r en l\u00e4ngdf\u00f6rnyande creme f\u00f6r l\u00e4ngder och toppar, med patenterad Filler-A100-teknologi och aminosyra. Passar f\u00f6r l\u00e5ngt h\u00e5r som lider av tunna toppar. Cremen ger skydd mot frissighet. Den hj\u00e4lper till att f\u00f6rnya h\u00e5rfibern omedelbart och beskyddar h\u00e5ret mot v\u00e4rme upp till 230\u00b0C*. Den professionella formulanen g\u00f6r att [&hellip;]<\/p>\n","protected":false},"featured_media":10322,"comment_status":"open","ping_status":"closed","template":"","meta":{"_trash_the_other_posts":false},"product_brand":[],"product_cat":[546],"product_tag":[],"berocket_brand":[1019],"class_list":{"0":"post-10339","1":"product","2":"type-product","3":"status-publish","4":"has-post-thumbnail","6":"product_cat-harstyling","7":"pa_brand-loreal-paris","8":"berocket_brand-loreal","10":"first","11":"instock","12":"sale","13":"taxable","14":"shipping-taxable","15":"purchasable","16":"product-type-simple"},"_links":{"self":[{"href":"https:\/\/stylingagenten.com\/sv\/wp-json\/wp\/v2\/product\/10339","targetHints":{"allow":["GET"]}}],"collection":[{"href":"https:\/\/stylingagenten.com\/sv\/wp-json\/wp\/v2\/product"}],"about":[{"href":"https:\/\/stylingagenten.com\/sv\/wp-json\/wp\/v2\/types\/product"}],"replies":[{"embeddable":true,"href":"https:\/\/stylingagenten.com\/sv\/wp-json\/wp\/v2\/comments?post=10339"}],"version-history":[{"count":1,"href":"https:\/\/stylingagenten.com\/sv\/wp-json\/wp\/v2\/product\/10339\/revisions"}],"predecessor-version":[{"id":4456793170,"href":"https:\/\/stylingagenten.com\/sv\/wp-json\/wp\/v2\/product\/10339\/revisions\/4456793170"}],"wp:featuredmedia":[{"embeddable":true,"href":"https:\/\/stylingagenten.com\/sv\/wp-json\/wp\/v2\/media\/10322"}],"wp:attachment":[{"href":"https:\/\/stylingagenten.com\/sv\/wp-json\/wp\/v2\/media?parent=10339"}],"wp:term":[{"taxonomy":"product_brand","embeddable":true,"href":"https:\/\/stylingagenten.com\/sv\/wp-json\/wp\/v2\/product_brand?post=10339"},{"taxonomy":"product_cat","embeddable":true,"href":"https:\/\/stylingagenten.com\/sv\/wp-json\/wp\/v2\/product_cat?post=10339"},{"taxonomy":"product_tag","embeddable":true,"href":"https:\/\/stylingagenten.com\/sv\/wp-json\/wp\/v2\/product_tag?post=10339"},{"taxonomy":"berocket_brand","embeddable":true,"href":"https:\/\/stylingagenten.com\/sv\/wp-json\/wp\/v2\/berocket_brand?post=10339"}],"curies":[{"name":"wp","href":"https:\/\/api.w.org\/{rel}","templated":true}]}}