{"id":10306,"date":"2025-01-24T11:37:23","date_gmt":"2025-01-24T11:37:23","guid":{"rendered":"https:\/\/staging2.stylingagenten.com\/sv\/produkt\/klairs-daily-comfort-hand-cream-50g\/"},"modified":"2025-12-18T21:43:33","modified_gmt":"2025-12-18T21:43:33","slug":"klairs-daily-comfort-hand-cream-50g","status":"publish","type":"product","link":"https:\/\/stylingagenten.com\/sv\/produkt\/klairs-daily-comfort-hand-cream-50g\/","title":{"rendered":"Klairs Daily Comfort Hand Cream 50g"},"content":{"rendered":"<p>Klairs Daily Comfort Hand Cream \u00e4r en mild och mjuk handkr\u00e4m f\u00f6r daglig anv\u00e4ndning. Helt doftfri och framtagen f\u00f6r att passa k\u00e4nslig hud som \u00e4r k\u00e4nslig \u00e4ven f\u00f6r essentiella oljor. L\u00e4tt formula som smidigt sjunker in i huden utan att l\u00e4mna n\u00e5gon klibbig finish.<\/p>\n<p>Inneh\u00e5ller Sheasm\u00f6r f\u00f6r djup \u00e5terfuktning och 8 typer av hyaluronsyror som verkar mjukg\u00f6rande och fuktbevarande.<\/p>\n<p>50g<\/p>\n","protected":false},"excerpt":{"rendered":"<p>Klairs Daily Comfort Hand Cream \u00e4r en mild och mjuk handkr\u00e4m f\u00f6r daglig anv\u00e4ndning. Helt doftfri och framtagen f\u00f6r att passa k\u00e4nslig hud som \u00e4r k\u00e4nslig \u00e4ven f\u00f6r essentiella oljor. L\u00e4tt formula som smidigt sjunker in i huden utan att l\u00e4mna n\u00e5gon klibbig finish. Inneh\u00e5ller Sheasm\u00f6r f\u00f6r djup \u00e5terfuktning och 8 typer av hyaluronsyror som [&hellip;]<\/p>\n","protected":false},"featured_media":10287,"comment_status":"open","ping_status":"closed","template":"","meta":{"_trash_the_other_posts":false},"product_brand":[],"product_cat":[574],"product_tag":[],"berocket_brand":[1397],"class_list":{"0":"post-10306","1":"product","2":"type-product","3":"status-publish","4":"has-post-thumbnail","6":"product_cat-handkram","7":"pa_brand-klairs","8":"berocket_brand-klairs","10":"first","11":"instock","12":"sale","13":"taxable","14":"shipping-taxable","15":"purchasable","16":"product-type-simple"},"_links":{"self":[{"href":"https:\/\/stylingagenten.com\/sv\/wp-json\/wp\/v2\/product\/10306","targetHints":{"allow":["GET"]}}],"collection":[{"href":"https:\/\/stylingagenten.com\/sv\/wp-json\/wp\/v2\/product"}],"about":[{"href":"https:\/\/stylingagenten.com\/sv\/wp-json\/wp\/v2\/types\/product"}],"replies":[{"embeddable":true,"href":"https:\/\/stylingagenten.com\/sv\/wp-json\/wp\/v2\/comments?post=10306"}],"version-history":[{"count":0,"href":"https:\/\/stylingagenten.com\/sv\/wp-json\/wp\/v2\/product\/10306\/revisions"}],"wp:featuredmedia":[{"embeddable":true,"href":"https:\/\/stylingagenten.com\/sv\/wp-json\/wp\/v2\/media\/10287"}],"wp:attachment":[{"href":"https:\/\/stylingagenten.com\/sv\/wp-json\/wp\/v2\/media?parent=10306"}],"wp:term":[{"taxonomy":"product_brand","embeddable":true,"href":"https:\/\/stylingagenten.com\/sv\/wp-json\/wp\/v2\/product_brand?post=10306"},{"taxonomy":"product_cat","embeddable":true,"href":"https:\/\/stylingagenten.com\/sv\/wp-json\/wp\/v2\/product_cat?post=10306"},{"taxonomy":"product_tag","embeddable":true,"href":"https:\/\/stylingagenten.com\/sv\/wp-json\/wp\/v2\/product_tag?post=10306"},{"taxonomy":"berocket_brand","embeddable":true,"href":"https:\/\/stylingagenten.com\/sv\/wp-json\/wp\/v2\/berocket_brand?post=10306"}],"curies":[{"name":"wp","href":"https:\/\/api.w.org\/{rel}","templated":true}]}}