{"id":10278,"date":"2025-01-24T11:37:19","date_gmt":"2025-01-24T11:37:19","guid":{"rendered":"https:\/\/staging2.stylingagenten.com\/sv\/produkt\/anua-heartleaf-77-soothing-toner-250ml\/"},"modified":"2025-12-18T21:28:39","modified_gmt":"2025-12-18T21:28:39","slug":"anua-heartleaf-77-soothing-toner-250ml","status":"publish","type":"product","link":"https:\/\/stylingagenten.com\/sv\/produkt\/anua-heartleaf-77-soothing-toner-250ml\/","title":{"rendered":"Anua Heartleaf 77% Soothing Toner 250ml"},"content":{"rendered":"<div>Anua Heartleaf 77% Soothing Toner \u00e4r ett fuktgivande ansiktsvatten som inneh\u00e5ller hela 77% extrakt fr\u00e5n kameleontblad. Denna extrakttyp \u00e4r k\u00e4nd f\u00f6r sina lugnande och terapeutiska egenskaper, tonern \u00e4r speciellt l\u00e4mpad f\u00f6r personer med en k\u00e4nslig och irriterad hud samt tillf\u00f6r fukt till huden. Denna produkt inneh\u00e5ller \u00e4ven Kameleontbland \u00e4r lugnande f\u00f6r huden samt ger en l\u00e4kande effekt. F\u00f6rutom kameleontbladet inneh\u00e5ller detta ansiktsvatten \u00e4ven betain, centella asiatica-extrakt och kamomill, vilka alla bidrar till att reducera rodnad och lugna huden. Dessa ingredienser \u00e4r ocks\u00e5 fuktgivande och fr\u00e4mjar en h\u00e4lsosam lyster. Med en minimalistisk sammans\u00e4ttning av ingredienser passar denna toner f\u00f6r alla hudtyper och hudtillst\u00e5nd.<\/p>\n<p>Lugnande effekt, perfekt f\u00f6r att minska irritation och rodnad. Fuktgivande, uppr\u00e4tth\u00e5ller hudens friskhet och smidighet. Antiinflammatorisk, minskar rodnad samt ger en h\u00e4lsosam lyster. Tack vare den enkla formuleringen kan tonern anv\u00e4ndas av alla hudtyper och hudtillst\u00e5nd.<\/p>\n<p>250ml<\/p><\/div>\n","protected":false},"excerpt":{"rendered":"<p>Anua Heartleaf 77% Soothing Toner \u00e4r ett fuktgivande ansiktsvatten som inneh\u00e5ller hela 77% extrakt fr\u00e5n kameleontblad. Denna extrakttyp \u00e4r k\u00e4nd f\u00f6r sina lugnande och terapeutiska egenskaper, tonern \u00e4r speciellt l\u00e4mpad f\u00f6r personer med en k\u00e4nslig och irriterad hud samt tillf\u00f6r fukt till huden. Denna produkt inneh\u00e5ller \u00e4ven Kameleontbland \u00e4r lugnande f\u00f6r huden samt ger en [&hellip;]<\/p>\n","protected":false},"featured_media":10261,"comment_status":"open","ping_status":"closed","template":"","meta":{"_trash_the_other_posts":false},"product_brand":[],"product_cat":[571],"product_tag":[2384],"berocket_brand":[1421],"class_list":{"0":"post-10278","1":"product","2":"type-product","3":"status-publish","4":"has-post-thumbnail","6":"product_cat-ansiktsvatten","7":"product_tag-anua-heartleaf-77-soothing-toner","8":"pa_brand-anua","9":"pa_variant-250ml","10":"berocket_brand-anua","12":"first","13":"instock","14":"sale","15":"taxable","16":"shipping-taxable","17":"purchasable","18":"product-type-simple"},"_links":{"self":[{"href":"https:\/\/stylingagenten.com\/sv\/wp-json\/wp\/v2\/product\/10278","targetHints":{"allow":["GET"]}}],"collection":[{"href":"https:\/\/stylingagenten.com\/sv\/wp-json\/wp\/v2\/product"}],"about":[{"href":"https:\/\/stylingagenten.com\/sv\/wp-json\/wp\/v2\/types\/product"}],"replies":[{"embeddable":true,"href":"https:\/\/stylingagenten.com\/sv\/wp-json\/wp\/v2\/comments?post=10278"}],"version-history":[{"count":0,"href":"https:\/\/stylingagenten.com\/sv\/wp-json\/wp\/v2\/product\/10278\/revisions"}],"wp:featuredmedia":[{"embeddable":true,"href":"https:\/\/stylingagenten.com\/sv\/wp-json\/wp\/v2\/media\/10261"}],"wp:attachment":[{"href":"https:\/\/stylingagenten.com\/sv\/wp-json\/wp\/v2\/media?parent=10278"}],"wp:term":[{"taxonomy":"product_brand","embeddable":true,"href":"https:\/\/stylingagenten.com\/sv\/wp-json\/wp\/v2\/product_brand?post=10278"},{"taxonomy":"product_cat","embeddable":true,"href":"https:\/\/stylingagenten.com\/sv\/wp-json\/wp\/v2\/product_cat?post=10278"},{"taxonomy":"product_tag","embeddable":true,"href":"https:\/\/stylingagenten.com\/sv\/wp-json\/wp\/v2\/product_tag?post=10278"},{"taxonomy":"berocket_brand","embeddable":true,"href":"https:\/\/stylingagenten.com\/sv\/wp-json\/wp\/v2\/berocket_brand?post=10278"}],"curies":[{"name":"wp","href":"https:\/\/api.w.org\/{rel}","templated":true}]}}