{"id":10249,"date":"2025-01-24T11:37:15","date_gmt":"2025-01-24T11:37:15","guid":{"rendered":"https:\/\/staging2.stylingagenten.com\/sv\/produkt\/banila-co-dear-hydration-skin-softening-toner-200ml\/"},"modified":"2025-12-18T21:31:19","modified_gmt":"2025-12-18T21:31:19","slug":"banila-co-dear-hydration-skin-softening-toner-200ml","status":"publish","type":"product","link":"https:\/\/stylingagenten.com\/sv\/produkt\/banila-co-dear-hydration-skin-softening-toner-200ml\/","title":{"rendered":"Banila Co Dear Hydration Skin Softening Toner 200ml"},"content":{"rendered":"<p>Banila Co Dear Hydration Skin Softening Toner balanserar och \u00e5terfuktar huden och ger en l\u00e4tt exfoliering. Med hj\u00e4lp av ingrediensen Pink Cactus Water\u2122 bidrar den till \u00e5terfuktad och j\u00e4mnare hud.<\/p>\n<p>200ml<\/p>\n","protected":false},"excerpt":{"rendered":"<p>Banila Co Dear Hydration Skin Softening Toner balanserar och \u00e5terfuktar huden och ger en l\u00e4tt exfoliering. Med hj\u00e4lp av ingrediensen Pink Cactus Water\u2122 bidrar den till \u00e5terfuktad och j\u00e4mnare hud. 200ml<\/p>\n","protected":false},"featured_media":10237,"comment_status":"open","ping_status":"closed","template":"","meta":{"_trash_the_other_posts":false},"product_brand":[],"product_cat":[571],"product_tag":[],"berocket_brand":[1394],"class_list":{"0":"post-10249","1":"product","2":"type-product","3":"status-publish","4":"has-post-thumbnail","6":"product_cat-ansiktsvatten","7":"pa_brand-banila-co","8":"berocket_brand-banila-co","10":"first","11":"instock","12":"sale","13":"taxable","14":"shipping-taxable","15":"purchasable","16":"product-type-simple"},"_links":{"self":[{"href":"https:\/\/stylingagenten.com\/sv\/wp-json\/wp\/v2\/product\/10249","targetHints":{"allow":["GET"]}}],"collection":[{"href":"https:\/\/stylingagenten.com\/sv\/wp-json\/wp\/v2\/product"}],"about":[{"href":"https:\/\/stylingagenten.com\/sv\/wp-json\/wp\/v2\/types\/product"}],"replies":[{"embeddable":true,"href":"https:\/\/stylingagenten.com\/sv\/wp-json\/wp\/v2\/comments?post=10249"}],"version-history":[{"count":0,"href":"https:\/\/stylingagenten.com\/sv\/wp-json\/wp\/v2\/product\/10249\/revisions"}],"wp:featuredmedia":[{"embeddable":true,"href":"https:\/\/stylingagenten.com\/sv\/wp-json\/wp\/v2\/media\/10237"}],"wp:attachment":[{"href":"https:\/\/stylingagenten.com\/sv\/wp-json\/wp\/v2\/media?parent=10249"}],"wp:term":[{"taxonomy":"product_brand","embeddable":true,"href":"https:\/\/stylingagenten.com\/sv\/wp-json\/wp\/v2\/product_brand?post=10249"},{"taxonomy":"product_cat","embeddable":true,"href":"https:\/\/stylingagenten.com\/sv\/wp-json\/wp\/v2\/product_cat?post=10249"},{"taxonomy":"product_tag","embeddable":true,"href":"https:\/\/stylingagenten.com\/sv\/wp-json\/wp\/v2\/product_tag?post=10249"},{"taxonomy":"berocket_brand","embeddable":true,"href":"https:\/\/stylingagenten.com\/sv\/wp-json\/wp\/v2\/berocket_brand?post=10249"}],"curies":[{"name":"wp","href":"https:\/\/api.w.org\/{rel}","templated":true}]}}